{"id":1206,"date":"2020-09-01T12:24:43","date_gmt":"2020-09-01T12:24:43","guid":{"rendered":"https:\/\/www.coach-hunter.com\/content\/?page_id=1206"},"modified":"2020-09-02T14:15:23","modified_gmt":"2020-09-02T14:15:23","slug":"dejeps-savate-boxe-francaise","status":"publish","type":"page","link":"https:\/\/www.coach-hunter.com\/content\/dejeps-savate-boxe-francaise\/","title":{"rendered":"Coach Hunter vous pr\u00e9sente le DEJEPS Savate boxe fran\u00e7aise"},"content":{"rendered":"\n<p>Le <strong>dipl\u00f4me d&rsquo;\u00e9tat de la jeunesse, de l\u2019\u00e9ducation populaire et du sport<\/strong> est formation dipl\u00f4mante octroyant le statut d&rsquo;entra\u00eeneur sportif. La mention savate appartient aux&nbsp;<a class=\"callAction\" href=\"https:\/\/www.coach-hunter.com\/content\/dejeps-sports-de-combat\/\">DEJEPS Sports de combat<\/a>.<br>Les titulaires du <strong>DEJEPS Savate boxe fran\u00e7aise<\/strong> pourront donc proposer des <strong>programmes d&rsquo;entrainement sportif<\/strong> en tant que <strong>moniteur de savate<\/strong>.<\/p>\n\n\n\n<div class=\"wp-block-image\"><figure class=\"aligncenter size-large\"><img loading=\"lazy\" decoding=\"async\" width=\"626\" height=\"417\" src=\"https:\/\/www.coach-hunter.com\/content\/wp-content\/uploads\/2020\/07\/DEJEPS-Savate-boxe-fran\u00e7aise-Copie.jpg\" alt=\"DEJEPS Savate boxe fran\u00e7aise\" class=\"wp-image-1207\" srcset=\"https:\/\/www.coach-hunter.com\/content\/wp-content\/uploads\/2020\/07\/DEJEPS-Savate-boxe-fran\u00e7aise-Copie.jpg 626w, https:\/\/www.coach-hunter.com\/content\/wp-content\/uploads\/2020\/07\/DEJEPS-Savate-boxe-fran\u00e7aise-Copie-300x200.jpg 300w\" sizes=\"auto, (max-width: 626px) 85vw, 626px\" \/><\/figure><\/div>\n\n\n\n<div class='flexo'><div class=\"lames2\">\n\n\n\n<h2 class=\"wp-block-heading\">Les objectifs du&nbsp;DEJEPS sp\u00e9cialit\u00e9 perfectionnement sportif mention Savate boxe fran\u00e7aise<\/h2>\n\n\n\n<p>Le dipl\u00f4me du <strong>DEJEPS mention Savate<\/strong> permet de former des professionnels de l&rsquo;entra\u00eenement en boxe fran\u00e7aise. En particulier, les dipl\u00f4m\u00e9s devront conduire une <strong>d\u00e9marche de perfectionnement sportif<\/strong> aupr\u00e8s de divers publics. En effet, ils pourront exercer leur m\u00e9tier de coach sportif dans le cadre d&rsquo;associations sportives affili\u00e9es \u00e0 une f\u00e9d\u00e9ration sportive (<a rel=\"noreferrer noopener\" href=\"https:\/\/www.ffsavate.com\/annuaire\/trouver_un_club_par_departement\" target=\"_blank\">FFSavate<\/a>) ou d&rsquo;entreprises du secteur sportif professionnel. On parle ici de clubs sportifs ou de salles de sport priv\u00e9es par exemple. <\/p>\n\n\n\n<p>Les titulaires du dipl\u00f4me devront optimiser la performance sportive de leurs \u00e9l\u00e8ves. Ceci passera notamment par des <strong>programmes d&rsquo;entrainement personnalis\u00e9s<\/strong> selon les objectifs recens\u00e9s. En parall\u00e8le, le professionnel devra <strong>contribuer au fonctionnement<\/strong> de sa structure d&rsquo;accueil. Il aura ainsi des missions de communication, de management et de formation.<\/p>\n\n\n\n<\/div><div class=\"lames2\">\n\n\n\n<h2 class=\"wp-block-heading\">Quel parcours pour obtenir le DEJEPS sp\u00e9cialit\u00e9 Savate ?<\/h2>\n\n\n\n<p>Les <strong>titulaires du DEJEPS Boxe fran\u00e7aise <\/strong>devront conduire une d\u00e9marche de perfectionnement sportif en accord avec les objectifs de leur public. De ce fait, ces <strong>professionnels de la savate<\/strong> proposeront et animeront des s\u00e9ances de sport adapt\u00e9es au profil de chacun. Les dipl\u00f4m\u00e9s auront pour but l&rsquo;optimisation de leurs <strong>performances sportives<\/strong>.<\/p>\n\n\n\n<p>Il existe des <strong>exigences pr\u00e9alables<\/strong> pour entrer en formation. Notamment, les candidats devront passer des <strong>tests de s\u00e9lections<\/strong> sous forme d&rsquo;<strong>\u00e9preuves techniques et p\u00e9dagogiques<\/strong>. Il leur sera alors demand\u00e9 de r\u00e9aliser des mouvements techniques dans l&rsquo;option choisie (savate ou <strong>canne de combat<\/strong>).<\/p>\n\n\n\n<p><strong>Accessibilit\u00e9<\/strong> : Il faut \u00eatre titulaire du PSC1 ou d\u2019un dipl\u00f4me \u00e9quivalent.<br><strong>Dur\u00e9e de formation<\/strong>&nbsp;:&nbsp;500 heures environ dont : 250 heures en centres de formation agr\u00e9\u00e9s, 250 heures en structure sportive<br><strong>Co\u00fbt de la formation<\/strong>&nbsp;:&nbsp;2 500 \u20ac environ<\/p>\n\n\n\n<\/div><\/div>\n\n\n\n<h2 class=\"wp-block-heading\">D\u2019autres DEJEPS Sports de combat :<\/h2>\n\n\n\n<ul class=\"wp-block-list\"><li><a href=\"https:\/\/www.coach-hunter.com\/content\/dejeps-arts-martiaux-chinois\/\">DEJEPS Arts martiaux chinois<\/a><\/li><li><a href=\"https:\/\/www.coach-hunter.com\/content\/dejeps-aikido-aikibudo-et-disciplines-associees\/\">DEJEPS A\u00efkido a\u00efkibudo et disciplines associ\u00e9es<\/a><\/li><li><a href=\"https:\/\/www.coach-hunter.com\/content\/dejeps-boxe\/\">DEJEPS Boxe<\/a><\/li><li><a href=\"https:\/\/www.coach-hunter.com\/content\/dejeps-boxe-thai-muay-thai\/\">DEJEPS Boxe tha\u00ef \u2013 muay tha\u00ef<\/a><\/li><li><a href=\"https:\/\/www.coach-hunter.com\/content\/dejeps-full-contact-boxe-americaine\/\">DEJEPS Full contact \u2013 Boxe am\u00e9ricaine<\/a><\/li><li><a href=\"https:\/\/www.coach-hunter.com\/content\/dejeps-judo-jujitsu\/\">DEJEPS Judo \u2013 Jujitsu<\/a><\/li><li><a href=\"https:\/\/www.coach-hunter.com\/content\/dejeps-karate-et-disciplines-associees\/\">DEJEPS Karat\u00e9 et disciplines associ\u00e9es<\/a><\/li><li><a href=\"https:\/\/www.coach-hunter.com\/content\/dejeps-kick-boxing\/\">DEJEPS Kick \u2013 boxing<\/a><\/li><li><a href=\"https:\/\/www.coach-hunter.com\/content\/dejeps-lutte-et-disciplines-associees\/\">DEJEPS Lutte et disciplines associ\u00e9es<\/a><\/li><li><a href=\"https:\/\/www.coach-hunter.com\/content\/dejeps-taekwondo-et-disciplines-associees\/\">DEJEPS Taekwondo et disciplines associ\u00e9es<\/a><\/li><\/ul>\n","protected":false},"excerpt":{"rendered":"<p>Le dipl\u00f4me d&rsquo;\u00e9tat de la jeunesse, de l\u2019\u00e9ducation populaire et du sport est formation dipl\u00f4mante octroyant le statut d&rsquo;entra\u00eeneur sportif. La mention savate appartient aux&nbsp;DEJEPS Sports de combat.Les titulaires du DEJEPS Savate boxe fran\u00e7aise pourront donc proposer des programmes d&rsquo;entrainement sportif en tant que moniteur de savate. Les objectifs du&nbsp;DEJEPS sp\u00e9cialit\u00e9 perfectionnement sportif mention Savate &hellip; <a href=\"https:\/\/www.coach-hunter.com\/content\/dejeps-savate-boxe-francaise\/\" class=\"more-link\">Continuer la lecture<span class=\"screen-reader-text\"> de &laquo;&nbsp;Coach Hunter vous pr\u00e9sente le DEJEPS Savate boxe fran\u00e7aise&nbsp;&raquo;<\/span><\/a><\/p>\n","protected":false},"author":5,"featured_media":0,"parent":0,"menu_order":0,"comment_status":"closed","ping_status":"closed","template":"","meta":{"footnotes":""},"class_list":["post-1206","page","type-page","status-publish","hentry"],"yoast_head":"<!-- This site is optimized with the Yoast SEO plugin v27.6 - https:\/\/yoast.com\/product\/yoast-seo-wordpress\/ -->\n<title>DEJEPS Savate boxe fran\u00e7aise pour \u00eatre entra\u00eeneur sportif en savate<\/title>\n<meta name=\"description\" content=\"Le DEJEPS Savate boxe fran\u00e7aise est le dipl\u00f4me de r\u00e9f\u00e9rence pour devenir moniteur de savate et de canne de combat dans toute structure sportive.\" \/>\n<meta name=\"robots\" content=\"index, follow, max-snippet:-1, max-image-preview:large, max-video-preview:-1\" \/>\n<link rel=\"canonical\" href=\"https:\/\/www.coach-hunter.com\/content\/dejeps-savate-boxe-francaise\/\" \/>\n<meta property=\"og:locale\" content=\"fr_FR\" \/>\n<meta property=\"og:type\" content=\"article\" \/>\n<meta property=\"og:title\" content=\"DEJEPS Savate boxe fran\u00e7aise pour \u00eatre entra\u00eeneur sportif en savate\" \/>\n<meta property=\"og:description\" content=\"Le DEJEPS Savate boxe fran\u00e7aise est le dipl\u00f4me de r\u00e9f\u00e9rence pour devenir moniteur de savate et de canne de combat dans toute structure sportive.\" \/>\n<meta property=\"og:url\" content=\"https:\/\/www.coach-hunter.com\/content\/dejeps-savate-boxe-francaise\/\" \/>\n<meta property=\"og:site_name\" content=\"Blog Coach Hunter\" \/>\n<meta property=\"article:modified_time\" content=\"2020-09-02T14:15:23+00:00\" \/>\n<meta name=\"twitter:card\" content=\"summary_large_image\" \/>\n<meta name=\"twitter:label1\" content=\"Dur\u00e9e de lecture estim\u00e9e\" \/>\n\t<meta name=\"twitter:data1\" content=\"2 minutes\" \/>\n<script type=\"application\/ld+json\" class=\"yoast-schema-graph\">{\"@context\":\"https:\\\/\\\/schema.org\",\"@graph\":[{\"@type\":\"WebPage\",\"@id\":\"https:\\\/\\\/www.coach-hunter.com\\\/content\\\/dejeps-savate-boxe-francaise\\\/\",\"url\":\"https:\\\/\\\/www.coach-hunter.com\\\/content\\\/dejeps-savate-boxe-francaise\\\/\",\"name\":\"DEJEPS Savate boxe fran\u00e7aise pour \u00eatre entra\u00eeneur sportif en savate\",\"isPartOf\":{\"@id\":\"https:\\\/\\\/www.coach-hunter.com\\\/content\\\/#website\"},\"datePublished\":\"2020-09-01T12:24:43+00:00\",\"dateModified\":\"2020-09-02T14:15:23+00:00\",\"description\":\"Le DEJEPS Savate boxe fran\u00e7aise est le dipl\u00f4me de r\u00e9f\u00e9rence pour devenir moniteur de savate et de canne de combat dans toute structure sportive.\",\"breadcrumb\":{\"@id\":\"https:\\\/\\\/www.coach-hunter.com\\\/content\\\/dejeps-savate-boxe-francaise\\\/#breadcrumb\"},\"inLanguage\":\"fr-FR\",\"potentialAction\":[{\"@type\":\"ReadAction\",\"target\":[\"https:\\\/\\\/www.coach-hunter.com\\\/content\\\/dejeps-savate-boxe-francaise\\\/\"]}]},{\"@type\":\"BreadcrumbList\",\"@id\":\"https:\\\/\\\/www.coach-hunter.com\\\/content\\\/dejeps-savate-boxe-francaise\\\/#breadcrumb\",\"itemListElement\":[{\"@type\":\"ListItem\",\"position\":1,\"name\":\"Accueil\",\"item\":\"https:\\\/\\\/www.coach-hunter.com\\\/content\\\/\"},{\"@type\":\"ListItem\",\"position\":2,\"name\":\"Coach Hunter vous pr\u00e9sente le DEJEPS Savate boxe fran\u00e7aise\"}]},{\"@type\":\"WebSite\",\"@id\":\"https:\\\/\\\/www.coach-hunter.com\\\/content\\\/#website\",\"url\":\"https:\\\/\\\/www.coach-hunter.com\\\/content\\\/\",\"name\":\"Blog Coach Hunter\",\"description\":\"\",\"potentialAction\":[{\"@type\":\"SearchAction\",\"target\":{\"@type\":\"EntryPoint\",\"urlTemplate\":\"https:\\\/\\\/www.coach-hunter.com\\\/content\\\/?s={search_term_string}\"},\"query-input\":{\"@type\":\"PropertyValueSpecification\",\"valueRequired\":true,\"valueName\":\"search_term_string\"}}],\"inLanguage\":\"fr-FR\"}]}<\/script>\n<!-- \/ Yoast SEO plugin. -->","yoast_head_json":{"title":"DEJEPS Savate boxe fran\u00e7aise pour \u00eatre entra\u00eeneur sportif en savate","description":"Le DEJEPS Savate boxe fran\u00e7aise est le dipl\u00f4me de r\u00e9f\u00e9rence pour devenir moniteur de savate et de canne de combat dans toute structure sportive.","robots":{"index":"index","follow":"follow","max-snippet":"max-snippet:-1","max-image-preview":"max-image-preview:large","max-video-preview":"max-video-preview:-1"},"canonical":"https:\/\/www.coach-hunter.com\/content\/dejeps-savate-boxe-francaise\/","og_locale":"fr_FR","og_type":"article","og_title":"DEJEPS Savate boxe fran\u00e7aise pour \u00eatre entra\u00eeneur sportif en savate","og_description":"Le DEJEPS Savate boxe fran\u00e7aise est le dipl\u00f4me de r\u00e9f\u00e9rence pour devenir moniteur de savate et de canne de combat dans toute structure sportive.","og_url":"https:\/\/www.coach-hunter.com\/content\/dejeps-savate-boxe-francaise\/","og_site_name":"Blog Coach Hunter","article_modified_time":"2020-09-02T14:15:23+00:00","twitter_card":"summary_large_image","twitter_misc":{"Dur\u00e9e de lecture estim\u00e9e":"2 minutes"},"schema":{"@context":"https:\/\/schema.org","@graph":[{"@type":"WebPage","@id":"https:\/\/www.coach-hunter.com\/content\/dejeps-savate-boxe-francaise\/","url":"https:\/\/www.coach-hunter.com\/content\/dejeps-savate-boxe-francaise\/","name":"DEJEPS Savate boxe fran\u00e7aise pour \u00eatre entra\u00eeneur sportif en savate","isPartOf":{"@id":"https:\/\/www.coach-hunter.com\/content\/#website"},"datePublished":"2020-09-01T12:24:43+00:00","dateModified":"2020-09-02T14:15:23+00:00","description":"Le DEJEPS Savate boxe fran\u00e7aise est le dipl\u00f4me de r\u00e9f\u00e9rence pour devenir moniteur de savate et de canne de combat dans toute structure sportive.","breadcrumb":{"@id":"https:\/\/www.coach-hunter.com\/content\/dejeps-savate-boxe-francaise\/#breadcrumb"},"inLanguage":"fr-FR","potentialAction":[{"@type":"ReadAction","target":["https:\/\/www.coach-hunter.com\/content\/dejeps-savate-boxe-francaise\/"]}]},{"@type":"BreadcrumbList","@id":"https:\/\/www.coach-hunter.com\/content\/dejeps-savate-boxe-francaise\/#breadcrumb","itemListElement":[{"@type":"ListItem","position":1,"name":"Accueil","item":"https:\/\/www.coach-hunter.com\/content\/"},{"@type":"ListItem","position":2,"name":"Coach Hunter vous pr\u00e9sente le DEJEPS Savate boxe fran\u00e7aise"}]},{"@type":"WebSite","@id":"https:\/\/www.coach-hunter.com\/content\/#website","url":"https:\/\/www.coach-hunter.com\/content\/","name":"Blog Coach Hunter","description":"","potentialAction":[{"@type":"SearchAction","target":{"@type":"EntryPoint","urlTemplate":"https:\/\/www.coach-hunter.com\/content\/?s={search_term_string}"},"query-input":{"@type":"PropertyValueSpecification","valueRequired":true,"valueName":"search_term_string"}}],"inLanguage":"fr-FR"}]}},"_links":{"self":[{"href":"https:\/\/www.coach-hunter.com\/content\/wp-json\/wp\/v2\/pages\/1206","targetHints":{"allow":["GET"]}}],"collection":[{"href":"https:\/\/www.coach-hunter.com\/content\/wp-json\/wp\/v2\/pages"}],"about":[{"href":"https:\/\/www.coach-hunter.com\/content\/wp-json\/wp\/v2\/types\/page"}],"author":[{"embeddable":true,"href":"https:\/\/www.coach-hunter.com\/content\/wp-json\/wp\/v2\/users\/5"}],"replies":[{"embeddable":true,"href":"https:\/\/www.coach-hunter.com\/content\/wp-json\/wp\/v2\/comments?post=1206"}],"version-history":[{"count":4,"href":"https:\/\/www.coach-hunter.com\/content\/wp-json\/wp\/v2\/pages\/1206\/revisions"}],"predecessor-version":[{"id":1602,"href":"https:\/\/www.coach-hunter.com\/content\/wp-json\/wp\/v2\/pages\/1206\/revisions\/1602"}],"wp:attachment":[{"href":"https:\/\/www.coach-hunter.com\/content\/wp-json\/wp\/v2\/media?parent=1206"}],"curies":[{"name":"wp","href":"https:\/\/api.w.org\/{rel}","templated":true}]}}