{"id":1203,"date":"2020-08-24T11:28:55","date_gmt":"2020-08-24T11:28:55","guid":{"rendered":"https:\/\/www.coach-hunter.com\/content\/?page_id=1203"},"modified":"2020-09-02T14:13:28","modified_gmt":"2020-09-02T14:13:28","slug":"dejeps-lutte-et-disciplines-associees","status":"publish","type":"page","link":"https:\/\/www.coach-hunter.com\/content\/dejeps-lutte-et-disciplines-associees\/","title":{"rendered":"Le DEJEPS Lutte et disciplines associ\u00e9es avec Coach Hunter"},"content":{"rendered":"\n<p>Les <strong>dipl\u00f4mes d&rsquo;\u00e9tat de la jeunesse, de l\u2019\u00e9ducation populaire et du sport<\/strong> donnent acc\u00e8s aux fonctions de direction technique et sportive dans des structures d\u00e9di\u00e9es. En somme, chaque dipl\u00f4me d&rsquo;etat conf\u00e8re le statut d&rsquo;<strong>entra\u00eeneur sportif<\/strong> \u00e0 son d\u00e9tenteur dans la mention choisie. La mention Lutte appartient aux&nbsp;<a class=\"callAction\" href=\"https:\/\/www.coach-hunter.com\/content\/dejeps-sports-de-combat\/\">DEJEPS Sports de combat<\/a>.<br>Les titulaires du <strong>DEJEPS Lutte et disciplines associ\u00e9es<\/strong> pourront ainsi exercer en tant que <strong>moniteur de lutte<\/strong> dans diverses structures sportives.<\/p>\n\n\n\n<div class=\"wp-block-image\"><figure class=\"aligncenter size-large\"><img loading=\"lazy\" decoding=\"async\" width=\"626\" height=\"417\" src=\"https:\/\/www.coach-hunter.com\/content\/wp-content\/uploads\/2020\/07\/Dejeps-lutte-et-disciplines-associ\u00e9es-Copie.jpg\" alt=\"DEJEPS Lutte et disciplines associ\u00e9es\" class=\"wp-image-1204\" srcset=\"https:\/\/www.coach-hunter.com\/content\/wp-content\/uploads\/2020\/07\/Dejeps-lutte-et-disciplines-associ\u00e9es-Copie.jpg 626w, https:\/\/www.coach-hunter.com\/content\/wp-content\/uploads\/2020\/07\/Dejeps-lutte-et-disciplines-associ\u00e9es-Copie-300x200.jpg 300w\" sizes=\"auto, (max-width: 626px) 85vw, 626px\" \/><\/figure><\/div>\n\n\n\n<div class='flexo'><div class=\"lames2\">\n\n\n\n<h2 class=\"wp-block-heading\">Les objectifs du&nbsp;DEJEPS sp\u00e9cialit\u00e9 perfectionnement sportif mention Lutte et disciplines associ\u00e9es<\/h2>\n\n\n\n<p>Les d\u00e9tenteurs du <strong>DEJEPS mention Lutte <\/strong>sont des professionnels de l&rsquo;encadrement dans cette discipline. Ils devront \u00eatre capable de conduire une d\u00e9marche de perfectionnement sportif en Lutte. Cette derni\u00e8re devra \u00eatre adapt\u00e9e au niveau et aux objectifs du public vis\u00e9. Autrement dit, les dipl\u00f4m\u00e9s devront enseigner la <strong>discipline sportive<\/strong> de la lutte de mani\u00e8re p\u00e9dagogique aupr\u00e8s de jeunes enfants. Dans ce cas, il devra leur apprendre \u00e0 respecter les r\u00e8gles de s\u00e9curit\u00e9 ainsi que les valeurs du sport. S&rsquo;il s&rsquo;agit d&rsquo;un public d&rsquo;adultes comp\u00e9titeurs, <strong>professionnels <\/strong>ou de<strong> haut niveau<\/strong>. Ici, le <strong>coach sportif<\/strong> devra encadrer ses athl\u00e8tes pendant toutes les saisons sportives inscrites dans son contrat. Il leur proposera des entra\u00eenements appropri\u00e9s et des conseils pour am\u00e9liorer leurs performances sportives.<\/p>\n\n\n\n<p>Enfin, il pourra \u00eatre demand\u00e9 au <strong>titulaire du DEJEPS Lutte<\/strong> de coordonner la mise en oeuvre des projets de sa structure d&rsquo;accueil. Il pourra s&rsquo;agir de communication, de p\u00e9dagogie, de formation&#8230; En tant que cadre technique et sportif, il sera aussi le r\u00e9f\u00e9rent pour tout nouvel entra\u00eeneur.<\/p>\n\n\n\n<\/div><div class=\"lames2\">\n\n\n\n<h2 class=\"wp-block-heading\">Quel parcours pour obtenir le DEJEPS sp\u00e9cialit\u00e9 Lutte ?<\/h2>\n\n\n\n<p>Les <strong>d\u00e9tenteurs du DEJEPS Lutte et DA <\/strong>seront en mesure de proposer des programmes sportifs adapt\u00e9s \u00e0 cette discipline. Tout dipl\u00f4m\u00e9 veillera \u00e0 conduire une d\u00e9marche d&rsquo;<strong>optimisation des performances <\/strong>en lutte, <strong>sambo<\/strong>, <strong>grappling <\/strong>et <strong>gouren<\/strong>.<\/p>\n\n\n\n<p>Les cadres techniques ont toutefois instaur\u00e9 des <strong>exigences pr\u00e9alables<\/strong> \u00e0 l&rsquo;entr\u00e9e en formation (<a rel=\"noreferrer noopener\" href=\"https:\/\/www.fflutte.com\/\/content\/uploads\/2020\/01\/Texte-DEJEPS-Lutte-et-DA314362127.pdf\" target=\"_blank\">en savoir plus<\/a>). Par ailleurs, ces <strong>tests de s\u00e9lections<\/strong> seront compl\u00e9t\u00e9s par un examen \u00e9crit portant sur la lutte. Un entretien avec un responsable de formation permettra de d\u00e9partager les candidats restants.<\/p>\n\n\n\n<p><strong>Accessibilit\u00e9<\/strong> : Il faut \u00eatre titulaire du PSC1 ou d\u2019un dipl\u00f4me \u00e9quivalent.<br><strong>Dur\u00e9e de formation<\/strong>&nbsp;:&nbsp;1200 heures environ dont : 600 heures en centre de formation, 600 heures en structure sportive<br><strong>Co\u00fbt de la formation<\/strong>&nbsp;:&nbsp;9 000 \u20ac environ<\/p>\n\n\n\n<\/div><\/div>\n\n\n\n<h2 class=\"wp-block-heading\">D\u2019autres DEJEPS Sports de combat :<\/h2>\n\n\n\n<ul class=\"wp-block-list\"><li><a href=\"https:\/\/www.coach-hunter.com\/content\/dejeps-arts-martiaux-chinois\/\">DEJEPS Arts martiaux chinois<\/a><\/li><li><a href=\"https:\/\/www.coach-hunter.com\/content\/dejeps-aikido-aikibudo-et-disciplines-associees\/\">DEJEPS A\u00efkido a\u00efkibudo et disciplines associ\u00e9es<\/a><\/li><li><a href=\"https:\/\/www.coach-hunter.com\/content\/dejeps-boxe\/\">DEJEPS Boxe<\/a><\/li><li><a href=\"https:\/\/www.coach-hunter.com\/content\/dejeps-boxe-thai-muay-thai\/\">DEJEPS Boxe tha\u00ef \u2013 muay tha\u00ef<\/a><\/li><li><a href=\"https:\/\/www.coach-hunter.com\/content\/dejeps-full-contact-boxe-americaine\/\">DEJEPS Full contact \u2013 Boxe am\u00e9ricaine<\/a><\/li><li><a href=\"https:\/\/www.coach-hunter.com\/content\/dejeps-judo-jujitsu\/\">DEJEPS Judo \u2013 Jujitsu<\/a><\/li><li><a href=\"https:\/\/www.coach-hunter.com\/content\/dejeps-karate-et-disciplines-associees\/\">DEJEPS Karat\u00e9 et disciplines associ\u00e9es<\/a><\/li><li><a href=\"https:\/\/www.coach-hunter.com\/content\/dejeps-kick-boxing\/\">DEJEPS Kick \u2013 boxing<\/a><\/li><li><a href=\"https:\/\/www.coach-hunter.com\/content\/dejeps-savate-boxe-francaise\/\">DEJEPS Savate Boxe Fran\u00e7aise<\/a><\/li><li><a href=\"https:\/\/www.coach-hunter.com\/content\/dejeps-taekwondo-et-disciplines-associees\/\">DEJEPS Taekwondo et disciplines associ\u00e9es<\/a><\/li><\/ul>\n","protected":false},"excerpt":{"rendered":"<p>Les dipl\u00f4mes d&rsquo;\u00e9tat de la jeunesse, de l\u2019\u00e9ducation populaire et du sport donnent acc\u00e8s aux fonctions de direction technique et sportive dans des structures d\u00e9di\u00e9es. En somme, chaque dipl\u00f4me d&rsquo;etat conf\u00e8re le statut d&rsquo;entra\u00eeneur sportif \u00e0 son d\u00e9tenteur dans la mention choisie. La mention Lutte appartient aux&nbsp;DEJEPS Sports de combat.Les titulaires du DEJEPS Lutte et &hellip; <a href=\"https:\/\/www.coach-hunter.com\/content\/dejeps-lutte-et-disciplines-associees\/\" class=\"more-link\">Continuer la lecture<span class=\"screen-reader-text\"> de &laquo;&nbsp;Le DEJEPS Lutte et disciplines associ\u00e9es avec Coach Hunter&nbsp;&raquo;<\/span><\/a><\/p>\n","protected":false},"author":5,"featured_media":0,"parent":0,"menu_order":0,"comment_status":"closed","ping_status":"closed","template":"","meta":{"footnotes":""},"class_list":["post-1203","page","type-page","status-publish","hentry"],"yoast_head":"<!-- This site is optimized with the Yoast SEO plugin v25.9 - https:\/\/yoast.com\/wordpress\/plugins\/seo\/ -->\n<title>DEJEPS Lutte et disciplines associ\u00e9es pour devenir coach sportif dipl\u00f4m\u00e9<\/title>\n<meta name=\"description\" content=\"Le DEJEPS Lutte et disciplines associ\u00e9es est un dipl\u00f4me d&#039;Etat permettant de devenir entra\u00eeneur sportif et moniteur de lutte aupr\u00e8s de divers publics.\" \/>\n<meta name=\"robots\" content=\"index, follow, max-snippet:-1, max-image-preview:large, max-video-preview:-1\" \/>\n<link rel=\"canonical\" href=\"https:\/\/www.coach-hunter.com\/content\/dejeps-lutte-et-disciplines-associees\/\" \/>\n<meta property=\"og:locale\" content=\"fr_FR\" \/>\n<meta property=\"og:type\" content=\"article\" \/>\n<meta property=\"og:title\" content=\"DEJEPS Lutte et disciplines associ\u00e9es pour devenir coach sportif dipl\u00f4m\u00e9\" \/>\n<meta property=\"og:description\" content=\"Le DEJEPS Lutte et disciplines associ\u00e9es est un dipl\u00f4me d&#039;Etat permettant de devenir entra\u00eeneur sportif et moniteur de lutte aupr\u00e8s de divers publics.\" \/>\n<meta property=\"og:url\" content=\"https:\/\/www.coach-hunter.com\/content\/dejeps-lutte-et-disciplines-associees\/\" \/>\n<meta property=\"og:site_name\" content=\"Blog Coach Hunter\" \/>\n<meta property=\"article:modified_time\" content=\"2020-09-02T14:13:28+00:00\" \/>\n<meta name=\"twitter:card\" content=\"summary_large_image\" \/>\n<meta name=\"twitter:label1\" content=\"Dur\u00e9e de lecture estim\u00e9e\" \/>\n\t<meta name=\"twitter:data1\" content=\"2 minutes\" \/>\n<script type=\"application\/ld+json\" class=\"yoast-schema-graph\">{\"@context\":\"https:\/\/schema.org\",\"@graph\":[{\"@type\":\"WebPage\",\"@id\":\"https:\/\/www.coach-hunter.com\/content\/dejeps-lutte-et-disciplines-associees\/\",\"url\":\"https:\/\/www.coach-hunter.com\/content\/dejeps-lutte-et-disciplines-associees\/\",\"name\":\"DEJEPS Lutte et disciplines associ\u00e9es pour devenir coach sportif dipl\u00f4m\u00e9\",\"isPartOf\":{\"@id\":\"https:\/\/www.coach-hunter.com\/content\/#website\"},\"datePublished\":\"2020-08-24T11:28:55+00:00\",\"dateModified\":\"2020-09-02T14:13:28+00:00\",\"description\":\"Le DEJEPS Lutte et disciplines associ\u00e9es est un dipl\u00f4me d'Etat permettant de devenir entra\u00eeneur sportif et moniteur de lutte aupr\u00e8s de divers publics.\",\"breadcrumb\":{\"@id\":\"https:\/\/www.coach-hunter.com\/content\/dejeps-lutte-et-disciplines-associees\/#breadcrumb\"},\"inLanguage\":\"fr-FR\",\"potentialAction\":[{\"@type\":\"ReadAction\",\"target\":[\"https:\/\/www.coach-hunter.com\/content\/dejeps-lutte-et-disciplines-associees\/\"]}]},{\"@type\":\"BreadcrumbList\",\"@id\":\"https:\/\/www.coach-hunter.com\/content\/dejeps-lutte-et-disciplines-associees\/#breadcrumb\",\"itemListElement\":[{\"@type\":\"ListItem\",\"position\":1,\"name\":\"Accueil\",\"item\":\"https:\/\/www.coach-hunter.com\/content\/\"},{\"@type\":\"ListItem\",\"position\":2,\"name\":\"Le DEJEPS Lutte et disciplines associ\u00e9es avec Coach Hunter\"}]},{\"@type\":\"WebSite\",\"@id\":\"https:\/\/www.coach-hunter.com\/content\/#website\",\"url\":\"https:\/\/www.coach-hunter.com\/content\/\",\"name\":\"Blog Coach Hunter\",\"description\":\"\",\"potentialAction\":[{\"@type\":\"SearchAction\",\"target\":{\"@type\":\"EntryPoint\",\"urlTemplate\":\"https:\/\/www.coach-hunter.com\/content\/?s={search_term_string}\"},\"query-input\":{\"@type\":\"PropertyValueSpecification\",\"valueRequired\":true,\"valueName\":\"search_term_string\"}}],\"inLanguage\":\"fr-FR\"}]}<\/script>\n<!-- \/ Yoast SEO plugin. -->","yoast_head_json":{"title":"DEJEPS Lutte et disciplines associ\u00e9es pour devenir coach sportif dipl\u00f4m\u00e9","description":"Le DEJEPS Lutte et disciplines associ\u00e9es est un dipl\u00f4me d'Etat permettant de devenir entra\u00eeneur sportif et moniteur de lutte aupr\u00e8s de divers publics.","robots":{"index":"index","follow":"follow","max-snippet":"max-snippet:-1","max-image-preview":"max-image-preview:large","max-video-preview":"max-video-preview:-1"},"canonical":"https:\/\/www.coach-hunter.com\/content\/dejeps-lutte-et-disciplines-associees\/","og_locale":"fr_FR","og_type":"article","og_title":"DEJEPS Lutte et disciplines associ\u00e9es pour devenir coach sportif dipl\u00f4m\u00e9","og_description":"Le DEJEPS Lutte et disciplines associ\u00e9es est un dipl\u00f4me d'Etat permettant de devenir entra\u00eeneur sportif et moniteur de lutte aupr\u00e8s de divers publics.","og_url":"https:\/\/www.coach-hunter.com\/content\/dejeps-lutte-et-disciplines-associees\/","og_site_name":"Blog Coach Hunter","article_modified_time":"2020-09-02T14:13:28+00:00","twitter_card":"summary_large_image","twitter_misc":{"Dur\u00e9e de lecture estim\u00e9e":"2 minutes"},"schema":{"@context":"https:\/\/schema.org","@graph":[{"@type":"WebPage","@id":"https:\/\/www.coach-hunter.com\/content\/dejeps-lutte-et-disciplines-associees\/","url":"https:\/\/www.coach-hunter.com\/content\/dejeps-lutte-et-disciplines-associees\/","name":"DEJEPS Lutte et disciplines associ\u00e9es pour devenir coach sportif dipl\u00f4m\u00e9","isPartOf":{"@id":"https:\/\/www.coach-hunter.com\/content\/#website"},"datePublished":"2020-08-24T11:28:55+00:00","dateModified":"2020-09-02T14:13:28+00:00","description":"Le DEJEPS Lutte et disciplines associ\u00e9es est un dipl\u00f4me d'Etat permettant de devenir entra\u00eeneur sportif et moniteur de lutte aupr\u00e8s de divers publics.","breadcrumb":{"@id":"https:\/\/www.coach-hunter.com\/content\/dejeps-lutte-et-disciplines-associees\/#breadcrumb"},"inLanguage":"fr-FR","potentialAction":[{"@type":"ReadAction","target":["https:\/\/www.coach-hunter.com\/content\/dejeps-lutte-et-disciplines-associees\/"]}]},{"@type":"BreadcrumbList","@id":"https:\/\/www.coach-hunter.com\/content\/dejeps-lutte-et-disciplines-associees\/#breadcrumb","itemListElement":[{"@type":"ListItem","position":1,"name":"Accueil","item":"https:\/\/www.coach-hunter.com\/content\/"},{"@type":"ListItem","position":2,"name":"Le DEJEPS Lutte et disciplines associ\u00e9es avec Coach Hunter"}]},{"@type":"WebSite","@id":"https:\/\/www.coach-hunter.com\/content\/#website","url":"https:\/\/www.coach-hunter.com\/content\/","name":"Blog Coach Hunter","description":"","potentialAction":[{"@type":"SearchAction","target":{"@type":"EntryPoint","urlTemplate":"https:\/\/www.coach-hunter.com\/content\/?s={search_term_string}"},"query-input":{"@type":"PropertyValueSpecification","valueRequired":true,"valueName":"search_term_string"}}],"inLanguage":"fr-FR"}]}},"_links":{"self":[{"href":"https:\/\/www.coach-hunter.com\/content\/wp-json\/wp\/v2\/pages\/1203","targetHints":{"allow":["GET"]}}],"collection":[{"href":"https:\/\/www.coach-hunter.com\/content\/wp-json\/wp\/v2\/pages"}],"about":[{"href":"https:\/\/www.coach-hunter.com\/content\/wp-json\/wp\/v2\/types\/page"}],"author":[{"embeddable":true,"href":"https:\/\/www.coach-hunter.com\/content\/wp-json\/wp\/v2\/users\/5"}],"replies":[{"embeddable":true,"href":"https:\/\/www.coach-hunter.com\/content\/wp-json\/wp\/v2\/comments?post=1203"}],"version-history":[{"count":3,"href":"https:\/\/www.coach-hunter.com\/content\/wp-json\/wp\/v2\/pages\/1203\/revisions"}],"predecessor-version":[{"id":1448,"href":"https:\/\/www.coach-hunter.com\/content\/wp-json\/wp\/v2\/pages\/1203\/revisions\/1448"}],"wp:attachment":[{"href":"https:\/\/www.coach-hunter.com\/content\/wp-json\/wp\/v2\/media?parent=1203"}],"curies":[{"name":"wp","href":"https:\/\/api.w.org\/{rel}","templated":true}]}}