{"id":1183,"date":"2020-08-19T11:36:07","date_gmt":"2020-08-19T11:36:07","guid":{"rendered":"https:\/\/www.coach-hunter.com\/content\/?page_id=1183"},"modified":"2020-09-02T14:29:21","modified_gmt":"2020-09-02T14:29:21","slug":"dejeps-handisport","status":"publish","type":"page","link":"https:\/\/www.coach-hunter.com\/content\/dejeps-handisport\/","title":{"rendered":"Le DEJEPS Handisport avec Coach Hunter"},"content":{"rendered":"\n<p>Les <strong>dipl\u00f4mes d&rsquo;\u00e9tat de la jeunesse, de l\u2019 education populaire et du sport<\/strong> sont des formations permettant de devenir cadre sportif. La mention Handisport appartient aux <a class=\"callAction\" href=\"https:\/\/www.coach-hunter.com\/content\/dejeps-gyms-douces\/\">DEJEPS Gyms douces<\/a>.<br>Ainsi, les titulaires du <strong>DEJEPS Handisport<\/strong> exercent en tant que <strong>coachs sportifs<\/strong>. Cette formation leur permet d&rsquo;encadrer les cours handisport aupr\u00e8s de personnes pr\u00e9sentant un handicap moteur, auditif ou visuel.<\/p>\n\n\n\n<div class=\"wp-block-image\"><figure class=\"aligncenter size-large\"><img loading=\"lazy\" decoding=\"async\" width=\"626\" height=\"417\" src=\"https:\/\/www.coach-hunter.com\/content\/wp-content\/uploads\/2020\/07\/DEJEPS-Handisport-Copie.jpg\" alt=\"DEJEPS Handisport\" class=\"wp-image-1185\" srcset=\"https:\/\/www.coach-hunter.com\/content\/wp-content\/uploads\/2020\/07\/DEJEPS-Handisport-Copie.jpg 626w, https:\/\/www.coach-hunter.com\/content\/wp-content\/uploads\/2020\/07\/DEJEPS-Handisport-Copie-300x200.jpg 300w\" sizes=\"auto, (max-width: 626px) 85vw, 626px\" \/><\/figure><\/div>\n\n\n\n<div class='flexo'><div class=\"lames2\">\n\n\n\n<h2 class=\"wp-block-heading\">Les objectifs du&nbsp;DEJEPS sp\u00e9cialit\u00e9 perfectionnement sportif mention Handisport<\/h2>\n\n\n\n<p>Les titulaires du <strong>DEJEPS mention Handisport <\/strong>occuperont des fonctions directrices et techniques dans le cadre du handisport.<strong> <\/strong>Ces dipl\u00f4m\u00e9s seront aptes \u00e0 <strong>concevoir des programmes de perfectionnement sportif<\/strong> pour des \u00e9l\u00e8ves handicap\u00e9s. Le professionnel prendra en charge tout handicap moteur, auditif ou visuel. En cas d&rsquo;handicap mental, il faudra se tourner vers un professionnel dipl\u00f4m\u00e9 de la mention \u00ab\u00a0<strong>activit\u00e9s physiques et sportives adapt\u00e9es<\/strong>\u00ab\u00a0.  <\/p>\n\n\n\n<p>En tant qu&rsquo; <strong>educateur sportif<\/strong>, il encadrera et animera les s\u00e9ances de sport adapt\u00e9 aux besoins de ses \u00e9l\u00e8ves. Il pourra aussi exercer dans le cadre du handisport de haut niveau. ID&rsquo;ailleurs, il se r\u00e9f\u00e9rera alors \u00e0 la <strong>F\u00e9d\u00e9ration Fran\u00e7aise Handisport<\/strong> ainsi qu&rsquo;au <strong>Comit\u00e9 Paralympique&nbsp;et Sportif&nbsp;Fran\u00e7ais<\/strong>. Il pourra se sp\u00e9cialiser dans diverses disciplines handisport comme le tennis-fauteuil, l&rsquo;athl\u00e9tisme handisport, ou le basket-fauteuil. Aupr\u00e8s des athl\u00e8tes, il devra conduire une <strong>d\u00e9marche de perfectionnement sportif<\/strong> et d&rsquo;am\u00e9lioration des performances.<\/p>\n\n\n\n<\/div><div class=\"lames2\">\n\n\n\n<h2 class=\"wp-block-heading\">Quel parcours pour obtenir le DEJEPS sp\u00e9cialit\u00e9 Handisport ?<\/h2>\n\n\n\n<p>Le <strong>DEJEPS Handisport<\/strong> est donc le dipl\u00f4me d etat de r\u00e9f\u00e9rence pour exercer en tant qu&rsquo;entra\u00eeneur sportif dans une discipline handisport. Le professionnel devra coordonner des projets d&rsquo;action mis en place par sa structure d&rsquo;accueil. Il devra aussi veiller au bon d\u00e9roulement de s\u00e9ances, en rappelant les <strong>r\u00e8gles de s\u00e9curit\u00e9<\/strong>.<\/p>\n\n\n\n<p>L&rsquo;acc\u00e8s \u00e0 cette formation n\u00e9cessite de justifier d&rsquo;une exp\u00e9rience en tant qu&rsquo; agent de d\u00e9veloppement sportif dans le handisport.<strong> <\/strong>Il s&rsquo;agit de la premi\u00e8re <strong>exigence pr\u00e9alable<\/strong>. Le candidat devra ensuite fournir un dossier relatant cette exp\u00e9rience ainsi que son <strong>projet professionnel<\/strong> futur. Une fois accept\u00e9, le candidat-\u00e9tudiant pourra <strong>entrer en formation<\/strong>. Cette derni\u00e8re se d\u00e9roule en alternance dans une structure sportive. A l&rsquo;issue de cette formation, le dipl\u00f4m\u00e9 sera certainement employ\u00e9 par cette structure en tant qu&rsquo; \u00e9ducateur sportif.<\/p>\n\n\n\n<p><strong>Accessibilit\u00e9<\/strong> : Il faut \u00eatre titulaire du PSC1 ou d\u2019un dipl\u00f4me \u00e9quivalent.<br><strong>Dur\u00e9e de formation<\/strong>&nbsp;:&nbsp;1200 heures dont : 700 heures en centre de formation, 500 heures en structure sportive<br><strong>Co\u00fbt de la formation<\/strong>&nbsp;:&nbsp;9 000 \u20ac environ<\/p>\n\n\n\n<\/div><\/div>\n\n\n\n<h2 class=\"wp-block-heading\">D\u2019autres DEJEPS Gyms douces :<\/h2>\n\n\n\n<ul class=\"wp-block-list\"><li><a href=\"https:\/\/www.coach-hunter.com\/content\/dejeps-activites-physiques-sportives-adaptees\/\">DEJEPS Activit\u00e9s physiques et sportives adapt\u00e9es<\/a><\/li><li><a href=\"https:\/\/www.coach-hunter.com\/content\/dejeps-arts-energetiques-chinois\/\">DEJEPS Arts \u00e9nerg\u00e9tiques chinois<\/a><\/li><\/ul>\n","protected":false},"excerpt":{"rendered":"<p>Les dipl\u00f4mes d&rsquo;\u00e9tat de la jeunesse, de l\u2019 education populaire et du sport sont des formations permettant de devenir cadre sportif. La mention Handisport appartient aux DEJEPS Gyms douces.Ainsi, les titulaires du DEJEPS Handisport exercent en tant que coachs sportifs. Cette formation leur permet d&rsquo;encadrer les cours handisport aupr\u00e8s de personnes pr\u00e9sentant un handicap moteur, &hellip; <a href=\"https:\/\/www.coach-hunter.com\/content\/dejeps-handisport\/\" class=\"more-link\">Continuer la lecture<span class=\"screen-reader-text\"> de &laquo;&nbsp;Le DEJEPS Handisport avec Coach Hunter&nbsp;&raquo;<\/span><\/a><\/p>\n","protected":false},"author":5,"featured_media":0,"parent":0,"menu_order":0,"comment_status":"closed","ping_status":"closed","template":"","meta":{"footnotes":""},"class_list":["post-1183","page","type-page","status-publish","hentry"],"yoast_head":"<!-- This site is optimized with the Yoast SEO plugin v25.9 - https:\/\/yoast.com\/wordpress\/plugins\/seo\/ -->\n<title>DEJEPS Handisport : votre dipl\u00f4me de coach sportif pour le sport adapt\u00e9<\/title>\n<meta name=\"description\" content=\"Le DEJEPS Handisport est le dipl\u00f4me de r\u00e9f\u00e9rence pour encadrer des s\u00e9ances de sport adapt\u00e9 aupr\u00e8s de personnes handicap\u00e9es.\" \/>\n<meta name=\"robots\" content=\"index, follow, max-snippet:-1, max-image-preview:large, max-video-preview:-1\" \/>\n<link rel=\"canonical\" href=\"https:\/\/www.coach-hunter.com\/content\/dejeps-handisport\/\" \/>\n<meta property=\"og:locale\" content=\"fr_FR\" \/>\n<meta property=\"og:type\" content=\"article\" \/>\n<meta property=\"og:title\" content=\"DEJEPS Handisport : votre dipl\u00f4me de coach sportif pour le sport adapt\u00e9\" \/>\n<meta property=\"og:description\" content=\"Le DEJEPS Handisport est le dipl\u00f4me de r\u00e9f\u00e9rence pour encadrer des s\u00e9ances de sport adapt\u00e9 aupr\u00e8s de personnes handicap\u00e9es.\" \/>\n<meta property=\"og:url\" content=\"https:\/\/www.coach-hunter.com\/content\/dejeps-handisport\/\" \/>\n<meta property=\"og:site_name\" content=\"Blog Coach Hunter\" \/>\n<meta property=\"article:modified_time\" content=\"2020-09-02T14:29:21+00:00\" \/>\n<meta property=\"og:image\" content=\"https:\/\/www.coach-hunter.com\/content\/wp-content\/uploads\/2020\/07\/DEJEPS-Handisport-Copie.jpg\" \/>\n\t<meta property=\"og:image:width\" content=\"626\" \/>\n\t<meta property=\"og:image:height\" content=\"417\" \/>\n\t<meta property=\"og:image:type\" content=\"image\/jpeg\" \/>\n<meta name=\"twitter:card\" content=\"summary_large_image\" \/>\n<meta name=\"twitter:label1\" content=\"Dur\u00e9e de lecture estim\u00e9e\" \/>\n\t<meta name=\"twitter:data1\" content=\"2 minutes\" \/>\n<script type=\"application\/ld+json\" class=\"yoast-schema-graph\">{\"@context\":\"https:\/\/schema.org\",\"@graph\":[{\"@type\":\"WebPage\",\"@id\":\"https:\/\/www.coach-hunter.com\/content\/dejeps-handisport\/\",\"url\":\"https:\/\/www.coach-hunter.com\/content\/dejeps-handisport\/\",\"name\":\"DEJEPS Handisport : votre dipl\u00f4me de coach sportif pour le sport adapt\u00e9\",\"isPartOf\":{\"@id\":\"https:\/\/www.coach-hunter.com\/content\/#website\"},\"primaryImageOfPage\":{\"@id\":\"https:\/\/www.coach-hunter.com\/content\/dejeps-handisport\/#primaryimage\"},\"image\":{\"@id\":\"https:\/\/www.coach-hunter.com\/content\/dejeps-handisport\/#primaryimage\"},\"thumbnailUrl\":\"https:\/\/www.coach-hunter.com\/content\/wp-content\/uploads\/2020\/07\/DEJEPS-Handisport-Copie.jpg\",\"datePublished\":\"2020-08-19T11:36:07+00:00\",\"dateModified\":\"2020-09-02T14:29:21+00:00\",\"description\":\"Le DEJEPS Handisport est le dipl\u00f4me de r\u00e9f\u00e9rence pour encadrer des s\u00e9ances de sport adapt\u00e9 aupr\u00e8s de personnes handicap\u00e9es.\",\"breadcrumb\":{\"@id\":\"https:\/\/www.coach-hunter.com\/content\/dejeps-handisport\/#breadcrumb\"},\"inLanguage\":\"fr-FR\",\"potentialAction\":[{\"@type\":\"ReadAction\",\"target\":[\"https:\/\/www.coach-hunter.com\/content\/dejeps-handisport\/\"]}]},{\"@type\":\"ImageObject\",\"inLanguage\":\"fr-FR\",\"@id\":\"https:\/\/www.coach-hunter.com\/content\/dejeps-handisport\/#primaryimage\",\"url\":\"https:\/\/www.coach-hunter.com\/content\/wp-content\/uploads\/2020\/07\/DEJEPS-Handisport-Copie.jpg\",\"contentUrl\":\"https:\/\/www.coach-hunter.com\/content\/wp-content\/uploads\/2020\/07\/DEJEPS-Handisport-Copie.jpg\",\"width\":626,\"height\":417},{\"@type\":\"BreadcrumbList\",\"@id\":\"https:\/\/www.coach-hunter.com\/content\/dejeps-handisport\/#breadcrumb\",\"itemListElement\":[{\"@type\":\"ListItem\",\"position\":1,\"name\":\"Accueil\",\"item\":\"https:\/\/www.coach-hunter.com\/content\/\"},{\"@type\":\"ListItem\",\"position\":2,\"name\":\"Le DEJEPS Handisport avec Coach Hunter\"}]},{\"@type\":\"WebSite\",\"@id\":\"https:\/\/www.coach-hunter.com\/content\/#website\",\"url\":\"https:\/\/www.coach-hunter.com\/content\/\",\"name\":\"Blog Coach Hunter\",\"description\":\"\",\"potentialAction\":[{\"@type\":\"SearchAction\",\"target\":{\"@type\":\"EntryPoint\",\"urlTemplate\":\"https:\/\/www.coach-hunter.com\/content\/?s={search_term_string}\"},\"query-input\":{\"@type\":\"PropertyValueSpecification\",\"valueRequired\":true,\"valueName\":\"search_term_string\"}}],\"inLanguage\":\"fr-FR\"}]}<\/script>\n<!-- \/ Yoast SEO plugin. -->","yoast_head_json":{"title":"DEJEPS Handisport : votre dipl\u00f4me de coach sportif pour le sport adapt\u00e9","description":"Le DEJEPS Handisport est le dipl\u00f4me de r\u00e9f\u00e9rence pour encadrer des s\u00e9ances de sport adapt\u00e9 aupr\u00e8s de personnes handicap\u00e9es.","robots":{"index":"index","follow":"follow","max-snippet":"max-snippet:-1","max-image-preview":"max-image-preview:large","max-video-preview":"max-video-preview:-1"},"canonical":"https:\/\/www.coach-hunter.com\/content\/dejeps-handisport\/","og_locale":"fr_FR","og_type":"article","og_title":"DEJEPS Handisport : votre dipl\u00f4me de coach sportif pour le sport adapt\u00e9","og_description":"Le DEJEPS Handisport est le dipl\u00f4me de r\u00e9f\u00e9rence pour encadrer des s\u00e9ances de sport adapt\u00e9 aupr\u00e8s de personnes handicap\u00e9es.","og_url":"https:\/\/www.coach-hunter.com\/content\/dejeps-handisport\/","og_site_name":"Blog Coach Hunter","article_modified_time":"2020-09-02T14:29:21+00:00","og_image":[{"width":626,"height":417,"url":"https:\/\/www.coach-hunter.com\/content\/wp-content\/uploads\/2020\/07\/DEJEPS-Handisport-Copie.jpg","type":"image\/jpeg"}],"twitter_card":"summary_large_image","twitter_misc":{"Dur\u00e9e de lecture estim\u00e9e":"2 minutes"},"schema":{"@context":"https:\/\/schema.org","@graph":[{"@type":"WebPage","@id":"https:\/\/www.coach-hunter.com\/content\/dejeps-handisport\/","url":"https:\/\/www.coach-hunter.com\/content\/dejeps-handisport\/","name":"DEJEPS Handisport : votre dipl\u00f4me de coach sportif pour le sport adapt\u00e9","isPartOf":{"@id":"https:\/\/www.coach-hunter.com\/content\/#website"},"primaryImageOfPage":{"@id":"https:\/\/www.coach-hunter.com\/content\/dejeps-handisport\/#primaryimage"},"image":{"@id":"https:\/\/www.coach-hunter.com\/content\/dejeps-handisport\/#primaryimage"},"thumbnailUrl":"https:\/\/www.coach-hunter.com\/content\/wp-content\/uploads\/2020\/07\/DEJEPS-Handisport-Copie.jpg","datePublished":"2020-08-19T11:36:07+00:00","dateModified":"2020-09-02T14:29:21+00:00","description":"Le DEJEPS Handisport est le dipl\u00f4me de r\u00e9f\u00e9rence pour encadrer des s\u00e9ances de sport adapt\u00e9 aupr\u00e8s de personnes handicap\u00e9es.","breadcrumb":{"@id":"https:\/\/www.coach-hunter.com\/content\/dejeps-handisport\/#breadcrumb"},"inLanguage":"fr-FR","potentialAction":[{"@type":"ReadAction","target":["https:\/\/www.coach-hunter.com\/content\/dejeps-handisport\/"]}]},{"@type":"ImageObject","inLanguage":"fr-FR","@id":"https:\/\/www.coach-hunter.com\/content\/dejeps-handisport\/#primaryimage","url":"https:\/\/www.coach-hunter.com\/content\/wp-content\/uploads\/2020\/07\/DEJEPS-Handisport-Copie.jpg","contentUrl":"https:\/\/www.coach-hunter.com\/content\/wp-content\/uploads\/2020\/07\/DEJEPS-Handisport-Copie.jpg","width":626,"height":417},{"@type":"BreadcrumbList","@id":"https:\/\/www.coach-hunter.com\/content\/dejeps-handisport\/#breadcrumb","itemListElement":[{"@type":"ListItem","position":1,"name":"Accueil","item":"https:\/\/www.coach-hunter.com\/content\/"},{"@type":"ListItem","position":2,"name":"Le DEJEPS Handisport avec Coach Hunter"}]},{"@type":"WebSite","@id":"https:\/\/www.coach-hunter.com\/content\/#website","url":"https:\/\/www.coach-hunter.com\/content\/","name":"Blog Coach Hunter","description":"","potentialAction":[{"@type":"SearchAction","target":{"@type":"EntryPoint","urlTemplate":"https:\/\/www.coach-hunter.com\/content\/?s={search_term_string}"},"query-input":{"@type":"PropertyValueSpecification","valueRequired":true,"valueName":"search_term_string"}}],"inLanguage":"fr-FR"}]}},"_links":{"self":[{"href":"https:\/\/www.coach-hunter.com\/content\/wp-json\/wp\/v2\/pages\/1183","targetHints":{"allow":["GET"]}}],"collection":[{"href":"https:\/\/www.coach-hunter.com\/content\/wp-json\/wp\/v2\/pages"}],"about":[{"href":"https:\/\/www.coach-hunter.com\/content\/wp-json\/wp\/v2\/types\/page"}],"author":[{"embeddable":true,"href":"https:\/\/www.coach-hunter.com\/content\/wp-json\/wp\/v2\/users\/5"}],"replies":[{"embeddable":true,"href":"https:\/\/www.coach-hunter.com\/content\/wp-json\/wp\/v2\/comments?post=1183"}],"version-history":[{"count":4,"href":"https:\/\/www.coach-hunter.com\/content\/wp-json\/wp\/v2\/pages\/1183\/revisions"}],"predecessor-version":[{"id":1456,"href":"https:\/\/www.coach-hunter.com\/content\/wp-json\/wp\/v2\/pages\/1183\/revisions\/1456"}],"wp:attachment":[{"href":"https:\/\/www.coach-hunter.com\/content\/wp-json\/wp\/v2\/media?parent=1183"}],"curies":[{"name":"wp","href":"https:\/\/api.w.org\/{rel}","templated":true}]}}