{"id":1172,"date":"2020-08-05T12:49:23","date_gmt":"2020-08-05T12:49:23","guid":{"rendered":"https:\/\/www.coach-hunter.com\/content\/?page_id=1172"},"modified":"2021-06-14T13:39:30","modified_gmt":"2021-06-14T13:39:30","slug":"dejeps-cyclisme-traditionnel","status":"publish","type":"page","link":"https:\/\/www.coach-hunter.com\/content\/dejeps-cyclisme-traditionnel\/","title":{"rendered":"Le DEJEPS Cyclisme traditionnel pour devenir coach sportif"},"content":{"rendered":"\n<p>Le <strong>Dipl\u00f4me d&rsquo; Etat de la Jeunesse, de l\u2019 Education Populaire et du Sport<\/strong> est une formation de r\u00e9f\u00e9rence pour devenir entra\u00eeneur sportif. La mention Cyclisme appartient aux <a class=\"callAction\" href=\"https:\/\/www.coach-hunter.com\/content\/dejeps-sports-de-courses\/\">DEJEPS Sports de courses<\/a>.<br>Les d\u00e9tenteurs du <strong>DEJEPS Cyclisme traditionnel<\/strong> pourront ainsi exercer les fonctions de professeur de sport et cadre p\u00e9dagogiques pour divers publics. Ils pourront aussi \u00eatre contact\u00e9s par des <strong>collectivit\u00e9s locales<\/strong> dans le cadre des <strong>activit\u00e9s sportives de pleine nature<\/strong>.<\/p>\n\n\n\n<div class=\"wp-block-image\"><figure class=\"aligncenter size-large\"><img loading=\"lazy\" decoding=\"async\" width=\"626\" height=\"417\" src=\"https:\/\/www.coach-hunter.com\/content\/wp-content\/uploads\/2020\/07\/DEJEPS-Cyclisme-traditionnel-Copie.jpg\" alt=\"DEJEPS Cyclisme traditionnel\" class=\"wp-image-1173\" srcset=\"https:\/\/www.coach-hunter.com\/content\/wp-content\/uploads\/2020\/07\/DEJEPS-Cyclisme-traditionnel-Copie.jpg 626w, https:\/\/www.coach-hunter.com\/content\/wp-content\/uploads\/2020\/07\/DEJEPS-Cyclisme-traditionnel-Copie-300x200.jpg 300w\" sizes=\"auto, (max-width: 626px) 85vw, 626px\" \/><\/figure><\/div>\n\n\n\n<div class='flexo'><div class=\"lames2\">\n\n\n\n<h2 class=\"wp-block-heading\">Les objectifs du&nbsp;DEJEPS sp\u00e9cialit\u00e9 perfectionnement sportif mention Cyclisme traditionnel<\/h2>\n\n\n\n<p>Le <strong>DEJEPS mention Cyclisme traditionnel<\/strong> est le dipl\u00f4me d&rsquo;Etat qui permet de devenir entra\u00eeneur sportif dans cette discipline sportive. Il se pr\u00e9sente en trois options : sur route, sur piste, et cyclo-cross. Quelle que soit la mention choisie, le dipl\u00f4m\u00e9 devra encadrer et animer la pratique sportive aupr\u00e8s de tout public.  Il lui sera demand\u00e9 de concevoir des programmes de perfectionnement sportif adapt\u00e9s \u00e0 ses \u00e9l\u00e8ves. Il devra donc prendre en compte le niveau sportif, les ant\u00e9c\u00e9dents ainsi que les objectifs de ses \u00e9l\u00e8ves. <br>L&rsquo;obtention du DEJEPS est ainsi synonyme de comp\u00e9tences en mati\u00e8re de personnalisation de l&rsquo;entrainement.<\/p>\n\n\n\n<p>De plus, il sera demand\u00e9 au titulaire du DEJEPS Cyclisme traditionnel de <strong>conduire des actions de formation<\/strong> aupr\u00e8s des futurs entra\u00eeneurs. Il devra ensuite assurer la mise en oeuvre des <strong>projets<\/strong> de la <strong>structure sportive<\/strong> qui l&rsquo;accueille. Il en supervisera aussi la <strong>mise en oeuvre<\/strong>. Enfin, il fera la promotion de la discipline sportive au travers de ses <strong>fonctions p\u00e9dagogiques<\/strong>. Il mentionnera notamment l&rsquo;aspect \u00e9cologique de cette derni\u00e8re.<\/p>\n\n\n\n<\/div><div class=\"lames2\">\n\n\n\n<h2 class=\"wp-block-heading\">Quel parcours pour obtenir le DEJEPS sp\u00e9cialit\u00e9 Cyclisme traditionnel ?<\/h2>\n\n\n\n<p>Le DEJEPS Cyclisme traditionnel forme des professionnels capables de <strong>conduire une d\u00e9marche de perfectionnement sportif<\/strong>. Les dipl\u00f4m\u00e9s seront donc amen\u00e9s \u00e0 organiser et mettre en oeuvre des <strong>programmes d\u2019entra\u00eenement sportif<\/strong>. Il pourra aussi s&rsquo;agir d&rsquo;<strong>activit\u00e9s physiques adapt\u00e9es<\/strong> dans le cade du sport sur ordonnance. \u00c9ventuellement, ils devront coordonner la mise en \u0153uvre d\u2019un projet professionnel \u00e0 haut niveau. <\/p>\n\n\n\n<p>Les candidat devront passer deux premiers <strong>tests de s\u00e9lections<\/strong> pour entrer en formation. Ces <strong>exigences pr\u00e9alables<\/strong> prendront la forme d&rsquo;un test technique et d&rsquo;un test p\u00e9dagogique (<a href=\"https:\/\/www.crepspoitiers.fr\/formations\/dejeps-cyclisme-poitiers\/\" target=\"_blank\" rel=\"noreferrer noopener\">en savoir plus<\/a>). Une fois accept\u00e9, le candidat passera un <strong>entretien de motivation<\/strong> ainsi qu&rsquo;un test \u00e9crit. Ce dernier validera ou non les <strong>connaissances <\/strong>du candidat dans la discipline du cyclisme. <\/p>\n\n\n\n<p><strong>Accessibilit\u00e9<\/strong> : Il faut \u00eatre titulaire du PSC1 ou d\u2019un dipl\u00f4me \u00e9quivalent.<br><strong>Dur\u00e9e de formation<\/strong>&nbsp;:&nbsp;1200 heures environ dont : 700 heures en centre de formation, 500 heures en structure sportive<br><strong>Co\u00fbt de la formation<\/strong>&nbsp;:&nbsp;6 000 \u20ac environ<\/p>\n\n\n\n<\/div><\/div>\n\n\n\n<h2 class=\"wp-block-heading\">D\u2019autres DEJEPS Sports de courses :<\/h2>\n\n\n\n<ul class=\"wp-block-list\"><li><a href=\"https:\/\/www.coach-hunter.com\/content\/le-dejeps-athletisme-et-disciplines-associees\/\">DEJEPS Athl\u00e9tisme et disciplines associ\u00e9es<\/a><\/li><li><a href=\"https:\/\/www.coach-hunter.com\/content\/dejeps-natation\/\">DEJEPS Natation<\/a><\/li><li><a href=\"https:\/\/www.coach-hunter.com\/content\/dejeps-triathlon\/\">DEJEPS Triathlon<\/a><\/li><li><a href=\"https:\/\/www.coach-hunter.com\/content\/dejeps-velo-tout-terrain\/\">DEJEPS V\u00e9lo tout terrain<\/a><\/li><\/ul>\n","protected":false},"excerpt":{"rendered":"<p>Le Dipl\u00f4me d&rsquo; Etat de la Jeunesse, de l\u2019 Education Populaire et du Sport est une formation de r\u00e9f\u00e9rence pour devenir entra\u00eeneur sportif. La mention Cyclisme appartient aux DEJEPS Sports de courses.Les d\u00e9tenteurs du DEJEPS Cyclisme traditionnel pourront ainsi exercer les fonctions de professeur de sport et cadre p\u00e9dagogiques pour divers publics. Ils pourront aussi &hellip; <a href=\"https:\/\/www.coach-hunter.com\/content\/dejeps-cyclisme-traditionnel\/\" class=\"more-link\">Continuer la lecture<span class=\"screen-reader-text\"> de &laquo;&nbsp;Le DEJEPS Cyclisme traditionnel pour devenir coach sportif&nbsp;&raquo;<\/span><\/a><\/p>\n","protected":false},"author":5,"featured_media":0,"parent":0,"menu_order":0,"comment_status":"closed","ping_status":"closed","template":"","meta":{"footnotes":""},"class_list":["post-1172","page","type-page","status-publish","hentry"],"yoast_head":"<!-- This site is optimized with the Yoast SEO plugin v27.6 - https:\/\/yoast.com\/product\/yoast-seo-wordpress\/ -->\n<title>DEJEPS Cyclisme traditionnel, votre dipl\u00f4me pour devenir coach sportif<\/title>\n<meta name=\"description\" content=\"Le DEJEPS Cyclisme traditionnel est le dipl\u00f4me d&#039;Etat qui permet d&#039;exercer les fonctions de cadre technique et sportif pour le cyclisme.\" \/>\n<meta name=\"robots\" content=\"index, follow, max-snippet:-1, max-image-preview:large, max-video-preview:-1\" \/>\n<link rel=\"canonical\" href=\"https:\/\/www.coach-hunter.com\/content\/dejeps-cyclisme-traditionnel\/\" \/>\n<meta property=\"og:locale\" content=\"fr_FR\" \/>\n<meta property=\"og:type\" content=\"article\" \/>\n<meta property=\"og:title\" content=\"DEJEPS Cyclisme traditionnel, votre dipl\u00f4me pour devenir coach sportif\" \/>\n<meta property=\"og:description\" content=\"Le DEJEPS Cyclisme traditionnel est le dipl\u00f4me d&#039;Etat qui permet d&#039;exercer les fonctions de cadre technique et sportif pour le cyclisme.\" \/>\n<meta property=\"og:url\" content=\"https:\/\/www.coach-hunter.com\/content\/dejeps-cyclisme-traditionnel\/\" \/>\n<meta property=\"og:site_name\" content=\"Blog Coach Hunter\" \/>\n<meta property=\"article:modified_time\" content=\"2021-06-14T13:39:30+00:00\" \/>\n<meta property=\"og:image\" content=\"https:\/\/www.coach-hunter.com\/content\/wp-content\/uploads\/2020\/07\/DEJEPS-Cyclisme-traditionnel-Copie.jpg\" \/>\n<meta name=\"twitter:card\" content=\"summary_large_image\" \/>\n<meta name=\"twitter:label1\" content=\"Dur\u00e9e de lecture estim\u00e9e\" \/>\n\t<meta name=\"twitter:data1\" content=\"2 minutes\" \/>\n<script type=\"application\/ld+json\" class=\"yoast-schema-graph\">{\"@context\":\"https:\\\/\\\/schema.org\",\"@graph\":[{\"@type\":\"WebPage\",\"@id\":\"https:\\\/\\\/www.coach-hunter.com\\\/content\\\/dejeps-cyclisme-traditionnel\\\/\",\"url\":\"https:\\\/\\\/www.coach-hunter.com\\\/content\\\/dejeps-cyclisme-traditionnel\\\/\",\"name\":\"DEJEPS Cyclisme traditionnel, votre dipl\u00f4me pour devenir coach sportif\",\"isPartOf\":{\"@id\":\"https:\\\/\\\/www.coach-hunter.com\\\/content\\\/#website\"},\"primaryImageOfPage\":{\"@id\":\"https:\\\/\\\/www.coach-hunter.com\\\/content\\\/dejeps-cyclisme-traditionnel\\\/#primaryimage\"},\"image\":{\"@id\":\"https:\\\/\\\/www.coach-hunter.com\\\/content\\\/dejeps-cyclisme-traditionnel\\\/#primaryimage\"},\"thumbnailUrl\":\"https:\\\/\\\/www.coach-hunter.com\\\/content\\\/wp-content\\\/uploads\\\/2020\\\/07\\\/DEJEPS-Cyclisme-traditionnel-Copie.jpg\",\"datePublished\":\"2020-08-05T12:49:23+00:00\",\"dateModified\":\"2021-06-14T13:39:30+00:00\",\"description\":\"Le DEJEPS Cyclisme traditionnel est le dipl\u00f4me d'Etat qui permet d'exercer les fonctions de cadre technique et sportif pour le cyclisme.\",\"breadcrumb\":{\"@id\":\"https:\\\/\\\/www.coach-hunter.com\\\/content\\\/dejeps-cyclisme-traditionnel\\\/#breadcrumb\"},\"inLanguage\":\"fr-FR\",\"potentialAction\":[{\"@type\":\"ReadAction\",\"target\":[\"https:\\\/\\\/www.coach-hunter.com\\\/content\\\/dejeps-cyclisme-traditionnel\\\/\"]}]},{\"@type\":\"ImageObject\",\"inLanguage\":\"fr-FR\",\"@id\":\"https:\\\/\\\/www.coach-hunter.com\\\/content\\\/dejeps-cyclisme-traditionnel\\\/#primaryimage\",\"url\":\"https:\\\/\\\/www.coach-hunter.com\\\/content\\\/wp-content\\\/uploads\\\/2020\\\/07\\\/DEJEPS-Cyclisme-traditionnel-Copie.jpg\",\"contentUrl\":\"https:\\\/\\\/www.coach-hunter.com\\\/content\\\/wp-content\\\/uploads\\\/2020\\\/07\\\/DEJEPS-Cyclisme-traditionnel-Copie.jpg\",\"width\":626,\"height\":417},{\"@type\":\"BreadcrumbList\",\"@id\":\"https:\\\/\\\/www.coach-hunter.com\\\/content\\\/dejeps-cyclisme-traditionnel\\\/#breadcrumb\",\"itemListElement\":[{\"@type\":\"ListItem\",\"position\":1,\"name\":\"Accueil\",\"item\":\"https:\\\/\\\/www.coach-hunter.com\\\/content\\\/\"},{\"@type\":\"ListItem\",\"position\":2,\"name\":\"Le DEJEPS Cyclisme traditionnel pour devenir coach sportif\"}]},{\"@type\":\"WebSite\",\"@id\":\"https:\\\/\\\/www.coach-hunter.com\\\/content\\\/#website\",\"url\":\"https:\\\/\\\/www.coach-hunter.com\\\/content\\\/\",\"name\":\"Blog Coach Hunter\",\"description\":\"\",\"potentialAction\":[{\"@type\":\"SearchAction\",\"target\":{\"@type\":\"EntryPoint\",\"urlTemplate\":\"https:\\\/\\\/www.coach-hunter.com\\\/content\\\/?s={search_term_string}\"},\"query-input\":{\"@type\":\"PropertyValueSpecification\",\"valueRequired\":true,\"valueName\":\"search_term_string\"}}],\"inLanguage\":\"fr-FR\"}]}<\/script>\n<!-- \/ Yoast SEO plugin. -->","yoast_head_json":{"title":"DEJEPS Cyclisme traditionnel, votre dipl\u00f4me pour devenir coach sportif","description":"Le DEJEPS Cyclisme traditionnel est le dipl\u00f4me d'Etat qui permet d'exercer les fonctions de cadre technique et sportif pour le cyclisme.","robots":{"index":"index","follow":"follow","max-snippet":"max-snippet:-1","max-image-preview":"max-image-preview:large","max-video-preview":"max-video-preview:-1"},"canonical":"https:\/\/www.coach-hunter.com\/content\/dejeps-cyclisme-traditionnel\/","og_locale":"fr_FR","og_type":"article","og_title":"DEJEPS Cyclisme traditionnel, votre dipl\u00f4me pour devenir coach sportif","og_description":"Le DEJEPS Cyclisme traditionnel est le dipl\u00f4me d'Etat qui permet d'exercer les fonctions de cadre technique et sportif pour le cyclisme.","og_url":"https:\/\/www.coach-hunter.com\/content\/dejeps-cyclisme-traditionnel\/","og_site_name":"Blog Coach Hunter","article_modified_time":"2021-06-14T13:39:30+00:00","og_image":[{"url":"https:\/\/www.coach-hunter.com\/content\/wp-content\/uploads\/2020\/07\/DEJEPS-Cyclisme-traditionnel-Copie.jpg","type":"","width":"","height":""}],"twitter_card":"summary_large_image","twitter_misc":{"Dur\u00e9e de lecture estim\u00e9e":"2 minutes"},"schema":{"@context":"https:\/\/schema.org","@graph":[{"@type":"WebPage","@id":"https:\/\/www.coach-hunter.com\/content\/dejeps-cyclisme-traditionnel\/","url":"https:\/\/www.coach-hunter.com\/content\/dejeps-cyclisme-traditionnel\/","name":"DEJEPS Cyclisme traditionnel, votre dipl\u00f4me pour devenir coach sportif","isPartOf":{"@id":"https:\/\/www.coach-hunter.com\/content\/#website"},"primaryImageOfPage":{"@id":"https:\/\/www.coach-hunter.com\/content\/dejeps-cyclisme-traditionnel\/#primaryimage"},"image":{"@id":"https:\/\/www.coach-hunter.com\/content\/dejeps-cyclisme-traditionnel\/#primaryimage"},"thumbnailUrl":"https:\/\/www.coach-hunter.com\/content\/wp-content\/uploads\/2020\/07\/DEJEPS-Cyclisme-traditionnel-Copie.jpg","datePublished":"2020-08-05T12:49:23+00:00","dateModified":"2021-06-14T13:39:30+00:00","description":"Le DEJEPS Cyclisme traditionnel est le dipl\u00f4me d'Etat qui permet d'exercer les fonctions de cadre technique et sportif pour le cyclisme.","breadcrumb":{"@id":"https:\/\/www.coach-hunter.com\/content\/dejeps-cyclisme-traditionnel\/#breadcrumb"},"inLanguage":"fr-FR","potentialAction":[{"@type":"ReadAction","target":["https:\/\/www.coach-hunter.com\/content\/dejeps-cyclisme-traditionnel\/"]}]},{"@type":"ImageObject","inLanguage":"fr-FR","@id":"https:\/\/www.coach-hunter.com\/content\/dejeps-cyclisme-traditionnel\/#primaryimage","url":"https:\/\/www.coach-hunter.com\/content\/wp-content\/uploads\/2020\/07\/DEJEPS-Cyclisme-traditionnel-Copie.jpg","contentUrl":"https:\/\/www.coach-hunter.com\/content\/wp-content\/uploads\/2020\/07\/DEJEPS-Cyclisme-traditionnel-Copie.jpg","width":626,"height":417},{"@type":"BreadcrumbList","@id":"https:\/\/www.coach-hunter.com\/content\/dejeps-cyclisme-traditionnel\/#breadcrumb","itemListElement":[{"@type":"ListItem","position":1,"name":"Accueil","item":"https:\/\/www.coach-hunter.com\/content\/"},{"@type":"ListItem","position":2,"name":"Le DEJEPS Cyclisme traditionnel pour devenir coach sportif"}]},{"@type":"WebSite","@id":"https:\/\/www.coach-hunter.com\/content\/#website","url":"https:\/\/www.coach-hunter.com\/content\/","name":"Blog Coach Hunter","description":"","potentialAction":[{"@type":"SearchAction","target":{"@type":"EntryPoint","urlTemplate":"https:\/\/www.coach-hunter.com\/content\/?s={search_term_string}"},"query-input":{"@type":"PropertyValueSpecification","valueRequired":true,"valueName":"search_term_string"}}],"inLanguage":"fr-FR"}]}},"_links":{"self":[{"href":"https:\/\/www.coach-hunter.com\/content\/wp-json\/wp\/v2\/pages\/1172","targetHints":{"allow":["GET"]}}],"collection":[{"href":"https:\/\/www.coach-hunter.com\/content\/wp-json\/wp\/v2\/pages"}],"about":[{"href":"https:\/\/www.coach-hunter.com\/content\/wp-json\/wp\/v2\/types\/page"}],"author":[{"embeddable":true,"href":"https:\/\/www.coach-hunter.com\/content\/wp-json\/wp\/v2\/users\/5"}],"replies":[{"embeddable":true,"href":"https:\/\/www.coach-hunter.com\/content\/wp-json\/wp\/v2\/comments?post=1172"}],"version-history":[{"count":9,"href":"https:\/\/www.coach-hunter.com\/content\/wp-json\/wp\/v2\/pages\/1172\/revisions"}],"predecessor-version":[{"id":2048,"href":"https:\/\/www.coach-hunter.com\/content\/wp-json\/wp\/v2\/pages\/1172\/revisions\/2048"}],"wp:attachment":[{"href":"https:\/\/www.coach-hunter.com\/content\/wp-json\/wp\/v2\/media?parent=1172"}],"curies":[{"name":"wp","href":"https:\/\/api.w.org\/{rel}","templated":true}]}}