{"id":1157,"date":"2020-08-17T13:16:22","date_gmt":"2020-08-17T13:16:22","guid":{"rendered":"https:\/\/www.coach-hunter.com\/content\/?page_id=1157"},"modified":"2020-09-02T14:05:32","modified_gmt":"2020-09-02T14:05:32","slug":"dejeps-full-contact-boxe-americaine","status":"publish","type":"page","link":"https:\/\/www.coach-hunter.com\/content\/dejeps-full-contact-boxe-americaine\/","title":{"rendered":"Le DEJEPS Full contact-boxe am\u00e9ricaine avec Coach Hunter"},"content":{"rendered":"\n<p>Le <strong>dipl\u00f4me d&rsquo; Etat de la jeunesse, de l\u2019 \u00e9ducation populaire et du sport<\/strong> est  d&rsquo;une formation pour devenir cadre technique et sportif dans une mention donn\u00e9e. Tout d\u00e9tenteur du dipl\u00f4me peut alors exercer en tant qu&rsquo;<strong>entra\u00eeneur sportif<\/strong>. La mention Full Contact appartient aux&nbsp;<a class=\"callAction\" href=\"https:\/\/www.coach-hunter.com\/content\/dejeps-sports-de-combat\/\">DEJEPS Sports de combat<\/a>.<br>Avec le <strong>DEJEPS Full contact-boxe am\u00e9ricaine<\/strong>, les dipl\u00f4m\u00e9s pourront donc effectuer le m\u00e9tier de <strong>coach sportif<\/strong> aupr\u00e8s de publics divers, en association ou structure priv\u00e9e.<\/p>\n\n\n\n<div class=\"wp-block-image\"><figure class=\"aligncenter size-large\"><img loading=\"lazy\" decoding=\"async\" width=\"626\" height=\"417\" src=\"https:\/\/www.coach-hunter.com\/content\/wp-content\/uploads\/2020\/07\/DEJEPS-Full-contact-boxe-am\u00e9ricaine-Copie.jpg\" alt=\"DEJEPS Full contact-boxe am\u00e9ricaine\" class=\"wp-image-1158\" srcset=\"https:\/\/www.coach-hunter.com\/content\/wp-content\/uploads\/2020\/07\/DEJEPS-Full-contact-boxe-am\u00e9ricaine-Copie.jpg 626w, https:\/\/www.coach-hunter.com\/content\/wp-content\/uploads\/2020\/07\/DEJEPS-Full-contact-boxe-am\u00e9ricaine-Copie-300x200.jpg 300w\" sizes=\"auto, (max-width: 626px) 85vw, 626px\" \/><\/figure><\/div>\n\n\n\n<div class='flexo'><div class=\"lames2\">\n\n\n\n<h2 class=\"wp-block-heading\">Les objectifs du&nbsp;DEJEPS sp\u00e9cialit\u00e9 perfectionnement sportif mention Full contact-boxe am\u00e9ricaine<\/h2>\n\n\n\n<p>Les titualires du <strong>DEJEPS mention Full contact-boxe am\u00e9ricaine<\/strong> seront capables d&rsquo;encadrer des <strong>cours de sport de combat<\/strong> avec ce dipl\u00f4me professionnel. Ils seront aussi \u00e0 l&rsquo;aise avec la r\u00e9alisation de <strong>programmes de perfectionnement sportif<\/strong>. Ces derniers seront adapt\u00e9s au profil des \u00e9l\u00e8ves et \u00e0 leurs objectifs. Dans le cadre d&rsquo;un <strong>public comp\u00e9titeur \u00e0 haut niveau<\/strong>, le <strong>professionnel du sport<\/strong> devra apporter des conseils et un entra\u00eenement \u00e9volutif pour les faire progresser. <\/p>\n\n\n\n<p>Les <strong>d\u00e9tenteurs du DEJEPS Full contact<\/strong> interviendront aussi pour concevoir des <strong>programmes p\u00e9dagogiques et techniques<\/strong> dans leur structure d&rsquo;accueil. Ces derniers seront en accord avec les recommandations de la <strong>direction technique nationale<\/strong> de Boxe am\u00e9ricaine.<\/p>\n\n\n\n<\/div><div class=\"lames2\">\n\n\n\n<h2 class=\"wp-block-heading\">Quel parcours pour obtenir le DEJEPS sp\u00e9cialit\u00e9 Full contact ?<\/h2>\n\n\n\n<p>Les <strong>titulaires du DEJEPS boxe am\u00e9ricaine<\/strong> devront conduire une d\u00e9marche de perfectionnement sportif aupr\u00e8s de publics divers. Il s&rsquo;agit de professionnels de l&rsquo;entrainement sportif en full contact, misant sur des programmes d&rsquo;entrainement \u00e9volutifs. Ces derniers auront pour objectif la performance sportive dans cette discipline.<\/p>\n\n\n\n<p>N\u00e9anmoins, les candidats devront r\u00e9pondre \u00e0 des <strong>exigences pr\u00e9alables<\/strong> pour \u00eatre accept\u00e9s dans cette <strong>formation dipl\u00f4mante<\/strong> (<a rel=\"noreferrer noopener\" href=\"http:\/\/grand-est.drdjscs.gouv.fr\/sites\/grand-est.drdjscs.gouv.fr\/IMG\/pdf\/Full_Contact-Boxe_americaine.pdf\" target=\"_blank\">en savoir plus<\/a>). Il s&rsquo;agit notamment de l&rsquo;attestation d&rsquo;<strong>exp\u00e9rience p\u00e9dagogique en full contact<\/strong> d\u2019une dur\u00e9e de 300 heures durant les 3 ann\u00e9es pr\u00e9c\u00e9dant la candidature. Ces pr\u00e9-requis valid\u00e9s, le candidat devra passer des <strong>tests de s\u00e9lection<\/strong>. Un test technique permettra de valider les comp\u00e9tences du candidat lors d&rsquo;une mise en pratique. Il sera second\u00e9 par un test \u00e9crit et un <strong>entretien de motivation<\/strong>.<\/p>\n\n\n\n<p><strong>Accessibilit\u00e9<\/strong> : Il faut \u00eatre titulaire du PSC1 ou d\u2019un dipl\u00f4me \u00e9quivalent.<br><strong>Dur\u00e9e de formation<\/strong>&nbsp;:&nbsp;1 100 heures environ dont : 500 heures en centre de formation, 600 heures en structure sportive<br><strong>Co\u00fbt de la formation<\/strong>&nbsp;:&nbsp;6 000 \u20ac environ<\/p>\n\n\n\n<\/div><\/div>\n\n\n\n<h2 class=\"wp-block-heading\">D\u2019autres DEJEPS Sports de combat :<\/h2>\n\n\n\n<ul class=\"wp-block-list\"><li><a href=\"https:\/\/www.coach-hunter.com\/content\/dejeps-arts-martiaux-chinois\/\">DEJEPS Arts martiaux chinois<\/a><\/li><li><a href=\"https:\/\/www.coach-hunter.com\/content\/dejeps-aikido-aikibudo-et-disciplines-associees\/\">DEJEPS A\u00efkido a\u00efkibudo et disciplines associ\u00e9es<\/a><\/li><li><a href=\"https:\/\/www.coach-hunter.com\/content\/dejeps-boxe\/\">DEJEPS Boxe<\/a><\/li><li><a href=\"https:\/\/www.coach-hunter.com\/content\/dejeps-boxe-thai-muay-thai\/\">DEJEPS Boxe tha\u00ef \u2013 muay tha\u00ef<\/a><\/li><li><a href=\"https:\/\/www.coach-hunter.com\/content\/dejeps-judo-jujitsu\/\">DEJEPS Judo \u2013 Jujitsu<\/a><\/li><li><a href=\"https:\/\/www.coach-hunter.com\/content\/dejeps-karate-et-disciplines-associees\/\">DEJEPS Karat\u00e9 et disciplines associ\u00e9es<\/a><\/li><li><a href=\"https:\/\/www.coach-hunter.com\/content\/dejeps-kick-boxing\/\">DEJEPS Kick \u2013 boxing<\/a><\/li><li><a href=\"https:\/\/www.coach-hunter.com\/content\/dejeps-lutte-et-disciplines-associees\/\">DEJEPS Lutte et disciplines associ\u00e9es<\/a><\/li><li><a href=\"https:\/\/www.coach-hunter.com\/content\/dejeps-savate-boxe-francaise\/\">DEJEPS Savate Boxe Fran\u00e7aise<\/a><\/li><li><a href=\"https:\/\/www.coach-hunter.com\/content\/dejeps-taekwondo-et-disciplines-associees\/\">DEJEPS Taekwondo et disciplines associ\u00e9es<\/a><\/li><\/ul>\n","protected":false},"excerpt":{"rendered":"<p>Le dipl\u00f4me d&rsquo; Etat de la jeunesse, de l\u2019 \u00e9ducation populaire et du sport est d&rsquo;une formation pour devenir cadre technique et sportif dans une mention donn\u00e9e. Tout d\u00e9tenteur du dipl\u00f4me peut alors exercer en tant qu&rsquo;entra\u00eeneur sportif. La mention Full Contact appartient aux&nbsp;DEJEPS Sports de combat.Avec le DEJEPS Full contact-boxe am\u00e9ricaine, les dipl\u00f4m\u00e9s pourront &hellip; <a href=\"https:\/\/www.coach-hunter.com\/content\/dejeps-full-contact-boxe-americaine\/\" class=\"more-link\">Continuer la lecture<span class=\"screen-reader-text\"> de &laquo;&nbsp;Le DEJEPS Full contact-boxe am\u00e9ricaine avec Coach Hunter&nbsp;&raquo;<\/span><\/a><\/p>\n","protected":false},"author":5,"featured_media":0,"parent":0,"menu_order":0,"comment_status":"closed","ping_status":"closed","template":"","meta":{"footnotes":""},"class_list":["post-1157","page","type-page","status-publish","hentry"],"yoast_head":"<!-- This site is optimized with the Yoast SEO plugin v27.5 - https:\/\/yoast.com\/product\/yoast-seo-wordpress\/ -->\n<title>DEJEPS Full contact-boxe am\u00e9ricaine, \u00eatre un personal trainer en boxe US<\/title>\n<meta name=\"description\" content=\"Le DEJEPS Full contact-boxe am\u00e9ricaine est un dipl\u00f4me d&#039;Etat permettant d&#039;exercer en tant qu&#039;entra\u00eeneur sportif pour encadrer des cours de Full contact.\" \/>\n<meta name=\"robots\" content=\"index, follow, max-snippet:-1, max-image-preview:large, max-video-preview:-1\" \/>\n<link rel=\"canonical\" href=\"https:\/\/www.coach-hunter.com\/content\/dejeps-full-contact-boxe-americaine\/\" \/>\n<meta property=\"og:locale\" content=\"fr_FR\" \/>\n<meta property=\"og:type\" content=\"article\" \/>\n<meta property=\"og:title\" content=\"DEJEPS Full contact-boxe am\u00e9ricaine, \u00eatre un personal trainer en boxe US\" \/>\n<meta property=\"og:description\" content=\"Le DEJEPS Full contact-boxe am\u00e9ricaine est un dipl\u00f4me d&#039;Etat permettant d&#039;exercer en tant qu&#039;entra\u00eeneur sportif pour encadrer des cours de Full contact.\" \/>\n<meta property=\"og:url\" content=\"https:\/\/www.coach-hunter.com\/content\/dejeps-full-contact-boxe-americaine\/\" \/>\n<meta property=\"og:site_name\" content=\"Blog Coach Hunter\" \/>\n<meta property=\"article:modified_time\" content=\"2020-09-02T14:05:32+00:00\" \/>\n<meta name=\"twitter:card\" content=\"summary_large_image\" \/>\n<meta name=\"twitter:label1\" content=\"Dur\u00e9e de lecture estim\u00e9e\" \/>\n\t<meta name=\"twitter:data1\" content=\"2 minutes\" \/>\n<script type=\"application\/ld+json\" class=\"yoast-schema-graph\">{\"@context\":\"https:\\\/\\\/schema.org\",\"@graph\":[{\"@type\":\"WebPage\",\"@id\":\"https:\\\/\\\/www.coach-hunter.com\\\/content\\\/dejeps-full-contact-boxe-americaine\\\/\",\"url\":\"https:\\\/\\\/www.coach-hunter.com\\\/content\\\/dejeps-full-contact-boxe-americaine\\\/\",\"name\":\"DEJEPS Full contact-boxe am\u00e9ricaine, \u00eatre un personal trainer en boxe US\",\"isPartOf\":{\"@id\":\"https:\\\/\\\/www.coach-hunter.com\\\/content\\\/#website\"},\"datePublished\":\"2020-08-17T13:16:22+00:00\",\"dateModified\":\"2020-09-02T14:05:32+00:00\",\"description\":\"Le DEJEPS Full contact-boxe am\u00e9ricaine est un dipl\u00f4me d'Etat permettant d'exercer en tant qu'entra\u00eeneur sportif pour encadrer des cours de Full contact.\",\"breadcrumb\":{\"@id\":\"https:\\\/\\\/www.coach-hunter.com\\\/content\\\/dejeps-full-contact-boxe-americaine\\\/#breadcrumb\"},\"inLanguage\":\"fr-FR\",\"potentialAction\":[{\"@type\":\"ReadAction\",\"target\":[\"https:\\\/\\\/www.coach-hunter.com\\\/content\\\/dejeps-full-contact-boxe-americaine\\\/\"]}]},{\"@type\":\"BreadcrumbList\",\"@id\":\"https:\\\/\\\/www.coach-hunter.com\\\/content\\\/dejeps-full-contact-boxe-americaine\\\/#breadcrumb\",\"itemListElement\":[{\"@type\":\"ListItem\",\"position\":1,\"name\":\"Accueil\",\"item\":\"https:\\\/\\\/www.coach-hunter.com\\\/content\\\/\"},{\"@type\":\"ListItem\",\"position\":2,\"name\":\"Le DEJEPS Full contact-boxe am\u00e9ricaine avec Coach Hunter\"}]},{\"@type\":\"WebSite\",\"@id\":\"https:\\\/\\\/www.coach-hunter.com\\\/content\\\/#website\",\"url\":\"https:\\\/\\\/www.coach-hunter.com\\\/content\\\/\",\"name\":\"Blog Coach Hunter\",\"description\":\"\",\"potentialAction\":[{\"@type\":\"SearchAction\",\"target\":{\"@type\":\"EntryPoint\",\"urlTemplate\":\"https:\\\/\\\/www.coach-hunter.com\\\/content\\\/?s={search_term_string}\"},\"query-input\":{\"@type\":\"PropertyValueSpecification\",\"valueRequired\":true,\"valueName\":\"search_term_string\"}}],\"inLanguage\":\"fr-FR\"}]}<\/script>\n<!-- \/ Yoast SEO plugin. -->","yoast_head_json":{"title":"DEJEPS Full contact-boxe am\u00e9ricaine, \u00eatre un personal trainer en boxe US","description":"Le DEJEPS Full contact-boxe am\u00e9ricaine est un dipl\u00f4me d'Etat permettant d'exercer en tant qu'entra\u00eeneur sportif pour encadrer des cours de Full contact.","robots":{"index":"index","follow":"follow","max-snippet":"max-snippet:-1","max-image-preview":"max-image-preview:large","max-video-preview":"max-video-preview:-1"},"canonical":"https:\/\/www.coach-hunter.com\/content\/dejeps-full-contact-boxe-americaine\/","og_locale":"fr_FR","og_type":"article","og_title":"DEJEPS Full contact-boxe am\u00e9ricaine, \u00eatre un personal trainer en boxe US","og_description":"Le DEJEPS Full contact-boxe am\u00e9ricaine est un dipl\u00f4me d'Etat permettant d'exercer en tant qu'entra\u00eeneur sportif pour encadrer des cours de Full contact.","og_url":"https:\/\/www.coach-hunter.com\/content\/dejeps-full-contact-boxe-americaine\/","og_site_name":"Blog Coach Hunter","article_modified_time":"2020-09-02T14:05:32+00:00","twitter_card":"summary_large_image","twitter_misc":{"Dur\u00e9e de lecture estim\u00e9e":"2 minutes"},"schema":{"@context":"https:\/\/schema.org","@graph":[{"@type":"WebPage","@id":"https:\/\/www.coach-hunter.com\/content\/dejeps-full-contact-boxe-americaine\/","url":"https:\/\/www.coach-hunter.com\/content\/dejeps-full-contact-boxe-americaine\/","name":"DEJEPS Full contact-boxe am\u00e9ricaine, \u00eatre un personal trainer en boxe US","isPartOf":{"@id":"https:\/\/www.coach-hunter.com\/content\/#website"},"datePublished":"2020-08-17T13:16:22+00:00","dateModified":"2020-09-02T14:05:32+00:00","description":"Le DEJEPS Full contact-boxe am\u00e9ricaine est un dipl\u00f4me d'Etat permettant d'exercer en tant qu'entra\u00eeneur sportif pour encadrer des cours de Full contact.","breadcrumb":{"@id":"https:\/\/www.coach-hunter.com\/content\/dejeps-full-contact-boxe-americaine\/#breadcrumb"},"inLanguage":"fr-FR","potentialAction":[{"@type":"ReadAction","target":["https:\/\/www.coach-hunter.com\/content\/dejeps-full-contact-boxe-americaine\/"]}]},{"@type":"BreadcrumbList","@id":"https:\/\/www.coach-hunter.com\/content\/dejeps-full-contact-boxe-americaine\/#breadcrumb","itemListElement":[{"@type":"ListItem","position":1,"name":"Accueil","item":"https:\/\/www.coach-hunter.com\/content\/"},{"@type":"ListItem","position":2,"name":"Le DEJEPS Full contact-boxe am\u00e9ricaine avec Coach Hunter"}]},{"@type":"WebSite","@id":"https:\/\/www.coach-hunter.com\/content\/#website","url":"https:\/\/www.coach-hunter.com\/content\/","name":"Blog Coach Hunter","description":"","potentialAction":[{"@type":"SearchAction","target":{"@type":"EntryPoint","urlTemplate":"https:\/\/www.coach-hunter.com\/content\/?s={search_term_string}"},"query-input":{"@type":"PropertyValueSpecification","valueRequired":true,"valueName":"search_term_string"}}],"inLanguage":"fr-FR"}]}},"_links":{"self":[{"href":"https:\/\/www.coach-hunter.com\/content\/wp-json\/wp\/v2\/pages\/1157","targetHints":{"allow":["GET"]}}],"collection":[{"href":"https:\/\/www.coach-hunter.com\/content\/wp-json\/wp\/v2\/pages"}],"about":[{"href":"https:\/\/www.coach-hunter.com\/content\/wp-json\/wp\/v2\/types\/page"}],"author":[{"embeddable":true,"href":"https:\/\/www.coach-hunter.com\/content\/wp-json\/wp\/v2\/users\/5"}],"replies":[{"embeddable":true,"href":"https:\/\/www.coach-hunter.com\/content\/wp-json\/wp\/v2\/comments?post=1157"}],"version-history":[{"count":3,"href":"https:\/\/www.coach-hunter.com\/content\/wp-json\/wp\/v2\/pages\/1157\/revisions"}],"predecessor-version":[{"id":1443,"href":"https:\/\/www.coach-hunter.com\/content\/wp-json\/wp\/v2\/pages\/1157\/revisions\/1443"}],"wp:attachment":[{"href":"https:\/\/www.coach-hunter.com\/content\/wp-json\/wp\/v2\/media?parent=1157"}],"curies":[{"name":"wp","href":"https:\/\/api.w.org\/{rel}","templated":true}]}}