{"id":1154,"date":"2020-08-21T11:16:49","date_gmt":"2020-08-21T11:16:49","guid":{"rendered":"https:\/\/www.coach-hunter.com\/content\/?page_id=1154"},"modified":"2020-09-08T16:38:37","modified_gmt":"2020-09-08T16:38:37","slug":"dejeps-kick-boxing","status":"publish","type":"page","link":"https:\/\/www.coach-hunter.com\/content\/dejeps-kick-boxing\/","title":{"rendered":"Le DEJEPS Kick-boxing pour devenir un coach sportif sp\u00e9cialis\u00e9"},"content":{"rendered":"\n<p>Les <strong>dipl\u00f4mes d&rsquo; Etat de la jeunesse, de l\u2019 \u00e9ducation populaire et du sport<\/strong> sont des formations r\u00e9f\u00e9rences pour devenir <strong>entra\u00eeneur sportif<\/strong> professionnel dans une mention donn\u00e9e. La mention Kick Boxing appartient aux&nbsp;<a class=\"callAction\" href=\"https:\/\/www.coach-hunter.com\/content\/dejeps-sports-de-combat\/\">DEJEPS Sports de combat<\/a>. <br>Les d\u00e9tenteurs du <strong>DEJEPS Kick-boxing<\/strong> pourront exercer en tant que <strong>coach sportif<\/strong> dans des structures sportives aupr\u00e8s de tout public.<\/p>\n\n\n\n<div class=\"wp-block-image\"><figure class=\"aligncenter size-large\"><img loading=\"lazy\" decoding=\"async\" width=\"626\" height=\"417\" src=\"https:\/\/www.coach-hunter.com\/content\/wp-content\/uploads\/2020\/07\/DEJEPS-Kick-boxing-Copie.jpg\" alt=\"DEJEPS Kick-boxing\" class=\"wp-image-1155\" srcset=\"https:\/\/www.coach-hunter.com\/content\/wp-content\/uploads\/2020\/07\/DEJEPS-Kick-boxing-Copie.jpg 626w, https:\/\/www.coach-hunter.com\/content\/wp-content\/uploads\/2020\/07\/DEJEPS-Kick-boxing-Copie-300x200.jpg 300w\" sizes=\"auto, (max-width: 626px) 85vw, 626px\" \/><\/figure><\/div>\n\n\n\n<div class='flexo'><div class=\"lames2\">\n\n\n\n<h2 class=\"wp-block-heading\">Les objectifs du&nbsp;DEJEPS sp\u00e9cialit\u00e9 perfectionnement sportif mention Kick-boxing<\/h2>\n\n\n\n<p>Le <strong>DEJEPS mention Kick-boxing<\/strong> est le dipl\u00f4me de r\u00e9f\u00e9rence pour tous les futurs entra\u00eeneurs sportifs sp\u00e9cialis\u00e9 dans cette discipline. Ces dipl\u00f4m\u00e9s sont des professeurs de sport capables d&rsquo;encadrer des <strong>cours de kick boxing<\/strong> destin\u00e9s \u00e0 tout public. Ils construisent le <strong>programme p\u00e9dagogique<\/strong> adapt\u00e9 au niveau de leurs \u00e9l\u00e8ves. Ils leur proposeront alors des entrainement progressifs. Ceci d\u00e9terminera la <strong>d\u00e9marche de perfectionnement sportif<\/strong> adopt\u00e9e. <\/p>\n\n\n\n<p>Les <strong>d\u00e9tenteurs du dipl\u00f4me<\/strong> devront aussi participer au fonctionnement de la structure dans laquelle ils travaillent. En effet, ils assumeront des fonctions de cadre technique et sportif. En outre, ils devront <strong>coordonner les projets d&rsquo;action<\/strong> de la structure dans le domaine du kick boxing. Il pourra s&rsquo;agir d&rsquo;actions de communication, d&rsquo;interventions p\u00e9dagogiques, de formations&#8230;<\/p>\n\n\n\n<\/div><div class=\"lames2\">\n\n\n\n<h2 class=\"wp-block-heading\">Quel parcours pour obtenir le DEJEPS sp\u00e9cialit\u00e9 Kick-boxing ?<\/h2>\n\n\n\n<p>Les <strong>d\u00e9tenteurs du DEJEPS Kick-boxing<\/strong> sauront concevoir des projets sportifs adapt\u00e9s aux exigences de leur public. Ils proposeront des programmes de <strong>perfectionnement sportif<\/strong> ax\u00e9s sur la <strong>performance en Kick-boxing<\/strong>.<\/p>\n\n\n\n<p>Toutefois, on requiert des <strong>exigences pr\u00e9alables<\/strong> pour entrer en formation. Les <strong>candidats<\/strong> devront se renseigner aupr\u00e8s de la <a href=\"https:\/\/www.ffkmda.fr\" target=\"_blank\" rel=\"noreferrer noopener\">F\u00e9d\u00e9ration Fran\u00e7aise de Kick-boxing<\/a> pour de plus amples informations. Si le candidat r\u00e9pond \u00e0 ces pr\u00e9-requis, il devra alors passer un test \u00e9crit ainsi qu&rsquo;un <strong>test de mise en pratique<\/strong>. Le premier permettra de d\u00e9partager les candidats sur leurs connaissances et <strong>motivation<\/strong>. Le second \u00e9valuera les <strong>comp\u00e9tences techniques<\/strong> des candidats en situation r\u00e9elle.<\/p>\n\n\n\n<p><strong>Accessibilit\u00e9<\/strong> : Il faut \u00eatre titulaire du PSC1 ou d\u2019un dipl\u00f4me \u00e9quivalent.<br><strong>Dur\u00e9e de formation<\/strong>&nbsp;:&nbsp;650 heures environ dont : 350 heures en centre de formation, 300 heures en structure sportive<br><strong>Co\u00fbt de la formation<\/strong>&nbsp;:&nbsp;4 000 \u20ac environ<\/p>\n\n\n\n<\/div><\/div>\n\n\n\n<h2 class=\"wp-block-heading\">D\u2019autres DEJEPS Sports de combat :<\/h2>\n\n\n\n<ul class=\"wp-block-list\"><li><a href=\"https:\/\/www.coach-hunter.com\/content\/dejeps-arts-martiaux-chinois\/\">DEJEPS Arts martiaux chinois<\/a><\/li><li><a href=\"https:\/\/www.coach-hunter.com\/content\/dejeps-aikido-aikibudo-et-disciplines-associees\/\">DEJEPS A\u00efkido a\u00efkibudo et disciplines associ\u00e9es<\/a><\/li><li><a href=\"https:\/\/www.coach-hunter.com\/content\/dejeps-boxe\/\">DEJEPS Boxe<\/a><\/li><li><a href=\"https:\/\/www.coach-hunter.com\/content\/dejeps-boxe-thai-muay-thai\/\">DEJEPS Boxe tha\u00ef \u2013 muay tha\u00ef<\/a><\/li><li><a href=\"https:\/\/www.coach-hunter.com\/content\/dejeps-full-contact-boxe-americaine\/\">DEJEPS Full contact \u2013 Boxe am\u00e9ricaine<\/a><\/li><li><a href=\"https:\/\/www.coach-hunter.com\/content\/dejeps-judo-jujitsu\/\">DEJEPS Judo \u2013 Jujitsu<\/a><\/li><li><a href=\"https:\/\/www.coach-hunter.com\/content\/dejeps-karate-et-disciplines-associees\/\">DEJEPS Karat\u00e9 et disciplines associ\u00e9es<\/a><\/li><li><a href=\"https:\/\/www.coach-hunter.com\/content\/dejeps-lutte-et-disciplines-associees\/\">DEJEPS Lutte et disciplines associ\u00e9es<\/a><\/li><li><a href=\"https:\/\/www.coach-hunter.com\/content\/dejeps-savate-boxe-francaise\/\">DEJEPS Savate Boxe Fran\u00e7aise<\/a><\/li><li><a href=\"https:\/\/www.coach-hunter.com\/content\/dejeps-taekwondo-et-disciplines-associees\/\">DEJEPS Taekwondo et disciplines associ\u00e9es<\/a><\/li><\/ul>\n","protected":false},"excerpt":{"rendered":"<p>Les dipl\u00f4mes d&rsquo; Etat de la jeunesse, de l\u2019 \u00e9ducation populaire et du sport sont des formations r\u00e9f\u00e9rences pour devenir entra\u00eeneur sportif professionnel dans une mention donn\u00e9e. La mention Kick Boxing appartient aux&nbsp;DEJEPS Sports de combat. Les d\u00e9tenteurs du DEJEPS Kick-boxing pourront exercer en tant que coach sportif dans des structures sportives aupr\u00e8s de tout &hellip; <a href=\"https:\/\/www.coach-hunter.com\/content\/dejeps-kick-boxing\/\" class=\"more-link\">Continuer la lecture<span class=\"screen-reader-text\"> de &laquo;&nbsp;Le DEJEPS Kick-boxing pour devenir un coach sportif sp\u00e9cialis\u00e9&nbsp;&raquo;<\/span><\/a><\/p>\n","protected":false},"author":5,"featured_media":0,"parent":0,"menu_order":0,"comment_status":"closed","ping_status":"closed","template":"","meta":{"footnotes":""},"class_list":["post-1154","page","type-page","status-publish","hentry"],"yoast_head":"<!-- This site is optimized with the Yoast SEO plugin v25.9 - https:\/\/yoast.com\/wordpress\/plugins\/seo\/ -->\n<title>DEJEPS Kick-boxing, dipl\u00f4me pour \u00eatre un professeur de sport sp\u00e9cialis\u00e9<\/title>\n<meta name=\"description\" content=\"Le DEJEPS Kick-boxing est un dipl\u00f4me d&#039;Etat permettant d&#039;enseigner aupr\u00e8s de publics divers en tant qu&#039;entra\u00eeneur sportif.\" \/>\n<meta name=\"robots\" content=\"index, follow, max-snippet:-1, max-image-preview:large, max-video-preview:-1\" \/>\n<link rel=\"canonical\" href=\"https:\/\/www.coach-hunter.com\/content\/dejeps-kick-boxing\/\" \/>\n<meta property=\"og:locale\" content=\"fr_FR\" \/>\n<meta property=\"og:type\" content=\"article\" \/>\n<meta property=\"og:title\" content=\"DEJEPS Kick-boxing, dipl\u00f4me pour \u00eatre un professeur de sport sp\u00e9cialis\u00e9\" \/>\n<meta property=\"og:description\" content=\"Le DEJEPS Kick-boxing est un dipl\u00f4me d&#039;Etat permettant d&#039;enseigner aupr\u00e8s de publics divers en tant qu&#039;entra\u00eeneur sportif.\" \/>\n<meta property=\"og:url\" content=\"https:\/\/www.coach-hunter.com\/content\/dejeps-kick-boxing\/\" \/>\n<meta property=\"og:site_name\" content=\"Blog Coach Hunter\" \/>\n<meta property=\"article:modified_time\" content=\"2020-09-08T16:38:37+00:00\" \/>\n<meta property=\"og:image\" content=\"https:\/\/www.coach-hunter.com\/content\/wp-content\/uploads\/2020\/07\/DEJEPS-Kick-boxing-Copie.jpg\" \/>\n\t<meta property=\"og:image:width\" content=\"626\" \/>\n\t<meta property=\"og:image:height\" content=\"417\" \/>\n\t<meta property=\"og:image:type\" content=\"image\/jpeg\" \/>\n<meta name=\"twitter:card\" content=\"summary_large_image\" \/>\n<meta name=\"twitter:label1\" content=\"Dur\u00e9e de lecture estim\u00e9e\" \/>\n\t<meta name=\"twitter:data1\" content=\"2 minutes\" \/>\n<script type=\"application\/ld+json\" class=\"yoast-schema-graph\">{\"@context\":\"https:\/\/schema.org\",\"@graph\":[{\"@type\":\"WebPage\",\"@id\":\"https:\/\/www.coach-hunter.com\/content\/dejeps-kick-boxing\/\",\"url\":\"https:\/\/www.coach-hunter.com\/content\/dejeps-kick-boxing\/\",\"name\":\"DEJEPS Kick-boxing, dipl\u00f4me pour \u00eatre un professeur de sport sp\u00e9cialis\u00e9\",\"isPartOf\":{\"@id\":\"https:\/\/www.coach-hunter.com\/content\/#website\"},\"primaryImageOfPage\":{\"@id\":\"https:\/\/www.coach-hunter.com\/content\/dejeps-kick-boxing\/#primaryimage\"},\"image\":{\"@id\":\"https:\/\/www.coach-hunter.com\/content\/dejeps-kick-boxing\/#primaryimage\"},\"thumbnailUrl\":\"https:\/\/www.coach-hunter.com\/content\/wp-content\/uploads\/2020\/07\/DEJEPS-Kick-boxing-Copie.jpg\",\"datePublished\":\"2020-08-21T11:16:49+00:00\",\"dateModified\":\"2020-09-08T16:38:37+00:00\",\"description\":\"Le DEJEPS Kick-boxing est un dipl\u00f4me d'Etat permettant d'enseigner aupr\u00e8s de publics divers en tant qu'entra\u00eeneur sportif.\",\"breadcrumb\":{\"@id\":\"https:\/\/www.coach-hunter.com\/content\/dejeps-kick-boxing\/#breadcrumb\"},\"inLanguage\":\"fr-FR\",\"potentialAction\":[{\"@type\":\"ReadAction\",\"target\":[\"https:\/\/www.coach-hunter.com\/content\/dejeps-kick-boxing\/\"]}]},{\"@type\":\"ImageObject\",\"inLanguage\":\"fr-FR\",\"@id\":\"https:\/\/www.coach-hunter.com\/content\/dejeps-kick-boxing\/#primaryimage\",\"url\":\"https:\/\/www.coach-hunter.com\/content\/wp-content\/uploads\/2020\/07\/DEJEPS-Kick-boxing-Copie.jpg\",\"contentUrl\":\"https:\/\/www.coach-hunter.com\/content\/wp-content\/uploads\/2020\/07\/DEJEPS-Kick-boxing-Copie.jpg\",\"width\":626,\"height\":417},{\"@type\":\"BreadcrumbList\",\"@id\":\"https:\/\/www.coach-hunter.com\/content\/dejeps-kick-boxing\/#breadcrumb\",\"itemListElement\":[{\"@type\":\"ListItem\",\"position\":1,\"name\":\"Accueil\",\"item\":\"https:\/\/www.coach-hunter.com\/content\/\"},{\"@type\":\"ListItem\",\"position\":2,\"name\":\"Le DEJEPS Kick-boxing pour devenir un coach sportif sp\u00e9cialis\u00e9\"}]},{\"@type\":\"WebSite\",\"@id\":\"https:\/\/www.coach-hunter.com\/content\/#website\",\"url\":\"https:\/\/www.coach-hunter.com\/content\/\",\"name\":\"Blog Coach Hunter\",\"description\":\"\",\"potentialAction\":[{\"@type\":\"SearchAction\",\"target\":{\"@type\":\"EntryPoint\",\"urlTemplate\":\"https:\/\/www.coach-hunter.com\/content\/?s={search_term_string}\"},\"query-input\":{\"@type\":\"PropertyValueSpecification\",\"valueRequired\":true,\"valueName\":\"search_term_string\"}}],\"inLanguage\":\"fr-FR\"}]}<\/script>\n<!-- \/ Yoast SEO plugin. -->","yoast_head_json":{"title":"DEJEPS Kick-boxing, dipl\u00f4me pour \u00eatre un professeur de sport sp\u00e9cialis\u00e9","description":"Le DEJEPS Kick-boxing est un dipl\u00f4me d'Etat permettant d'enseigner aupr\u00e8s de publics divers en tant qu'entra\u00eeneur sportif.","robots":{"index":"index","follow":"follow","max-snippet":"max-snippet:-1","max-image-preview":"max-image-preview:large","max-video-preview":"max-video-preview:-1"},"canonical":"https:\/\/www.coach-hunter.com\/content\/dejeps-kick-boxing\/","og_locale":"fr_FR","og_type":"article","og_title":"DEJEPS Kick-boxing, dipl\u00f4me pour \u00eatre un professeur de sport sp\u00e9cialis\u00e9","og_description":"Le DEJEPS Kick-boxing est un dipl\u00f4me d'Etat permettant d'enseigner aupr\u00e8s de publics divers en tant qu'entra\u00eeneur sportif.","og_url":"https:\/\/www.coach-hunter.com\/content\/dejeps-kick-boxing\/","og_site_name":"Blog Coach Hunter","article_modified_time":"2020-09-08T16:38:37+00:00","og_image":[{"width":626,"height":417,"url":"https:\/\/www.coach-hunter.com\/content\/wp-content\/uploads\/2020\/07\/DEJEPS-Kick-boxing-Copie.jpg","type":"image\/jpeg"}],"twitter_card":"summary_large_image","twitter_misc":{"Dur\u00e9e de lecture estim\u00e9e":"2 minutes"},"schema":{"@context":"https:\/\/schema.org","@graph":[{"@type":"WebPage","@id":"https:\/\/www.coach-hunter.com\/content\/dejeps-kick-boxing\/","url":"https:\/\/www.coach-hunter.com\/content\/dejeps-kick-boxing\/","name":"DEJEPS Kick-boxing, dipl\u00f4me pour \u00eatre un professeur de sport sp\u00e9cialis\u00e9","isPartOf":{"@id":"https:\/\/www.coach-hunter.com\/content\/#website"},"primaryImageOfPage":{"@id":"https:\/\/www.coach-hunter.com\/content\/dejeps-kick-boxing\/#primaryimage"},"image":{"@id":"https:\/\/www.coach-hunter.com\/content\/dejeps-kick-boxing\/#primaryimage"},"thumbnailUrl":"https:\/\/www.coach-hunter.com\/content\/wp-content\/uploads\/2020\/07\/DEJEPS-Kick-boxing-Copie.jpg","datePublished":"2020-08-21T11:16:49+00:00","dateModified":"2020-09-08T16:38:37+00:00","description":"Le DEJEPS Kick-boxing est un dipl\u00f4me d'Etat permettant d'enseigner aupr\u00e8s de publics divers en tant qu'entra\u00eeneur sportif.","breadcrumb":{"@id":"https:\/\/www.coach-hunter.com\/content\/dejeps-kick-boxing\/#breadcrumb"},"inLanguage":"fr-FR","potentialAction":[{"@type":"ReadAction","target":["https:\/\/www.coach-hunter.com\/content\/dejeps-kick-boxing\/"]}]},{"@type":"ImageObject","inLanguage":"fr-FR","@id":"https:\/\/www.coach-hunter.com\/content\/dejeps-kick-boxing\/#primaryimage","url":"https:\/\/www.coach-hunter.com\/content\/wp-content\/uploads\/2020\/07\/DEJEPS-Kick-boxing-Copie.jpg","contentUrl":"https:\/\/www.coach-hunter.com\/content\/wp-content\/uploads\/2020\/07\/DEJEPS-Kick-boxing-Copie.jpg","width":626,"height":417},{"@type":"BreadcrumbList","@id":"https:\/\/www.coach-hunter.com\/content\/dejeps-kick-boxing\/#breadcrumb","itemListElement":[{"@type":"ListItem","position":1,"name":"Accueil","item":"https:\/\/www.coach-hunter.com\/content\/"},{"@type":"ListItem","position":2,"name":"Le DEJEPS Kick-boxing pour devenir un coach sportif sp\u00e9cialis\u00e9"}]},{"@type":"WebSite","@id":"https:\/\/www.coach-hunter.com\/content\/#website","url":"https:\/\/www.coach-hunter.com\/content\/","name":"Blog Coach Hunter","description":"","potentialAction":[{"@type":"SearchAction","target":{"@type":"EntryPoint","urlTemplate":"https:\/\/www.coach-hunter.com\/content\/?s={search_term_string}"},"query-input":{"@type":"PropertyValueSpecification","valueRequired":true,"valueName":"search_term_string"}}],"inLanguage":"fr-FR"}]}},"_links":{"self":[{"href":"https:\/\/www.coach-hunter.com\/content\/wp-json\/wp\/v2\/pages\/1154","targetHints":{"allow":["GET"]}}],"collection":[{"href":"https:\/\/www.coach-hunter.com\/content\/wp-json\/wp\/v2\/pages"}],"about":[{"href":"https:\/\/www.coach-hunter.com\/content\/wp-json\/wp\/v2\/types\/page"}],"author":[{"embeddable":true,"href":"https:\/\/www.coach-hunter.com\/content\/wp-json\/wp\/v2\/users\/5"}],"replies":[{"embeddable":true,"href":"https:\/\/www.coach-hunter.com\/content\/wp-json\/wp\/v2\/comments?post=1154"}],"version-history":[{"count":6,"href":"https:\/\/www.coach-hunter.com\/content\/wp-json\/wp\/v2\/pages\/1154\/revisions"}],"predecessor-version":[{"id":1555,"href":"https:\/\/www.coach-hunter.com\/content\/wp-json\/wp\/v2\/pages\/1154\/revisions\/1555"}],"wp:attachment":[{"href":"https:\/\/www.coach-hunter.com\/content\/wp-json\/wp\/v2\/media?parent=1154"}],"curies":[{"name":"wp","href":"https:\/\/api.w.org\/{rel}","templated":true}]}}