{"id":115,"date":"2018-03-14T16:37:51","date_gmt":"2018-03-14T16:37:51","guid":{"rendered":"https:\/\/www.coach-hunter.com\/content\/?page_id=115"},"modified":"2024-05-17T14:58:41","modified_gmt":"2024-05-17T14:58:41","slug":"champignons","status":"publish","type":"page","link":"https:\/\/www.coach-hunter.com\/content\/champignons\/","title":{"rendered":"Les nombreux bienfaits des champignons"},"content":{"rendered":"<figure>Les bienfaits des champignons sont multiples et c\u2019est un aliment \u00e0 ne pas n\u00e9gliger lorsqu\u2019on surveille sa ligne. Bon en go\u00fbt, tout naturel et plein de fibres et de prot\u00e9ines, c\u2019est un alli\u00e9 minceur qui vous apportera \u00e9galement de l\u2019\u00e9nergie. Tout comme les <a class=\"callAction\" href=\"https:\/\/www.coach-hunter.com\/content\/plantes-et-sport\/\">plantes dans le sport<\/a> les champignons ont de nombreuses vertus. Un coach vous en dit plus !<\/figure>\n<p><img loading=\"lazy\" decoding=\"async\" class=\"aligncenter wp-image-122 size-full\" src=\"https:\/\/www.coach-hunter.com\/content\/wp-content\/uploads\/2018\/03\/champignon.jpg\" alt=\"Les bienfaits des champignons\" width=\"620\" height=\"320\" srcset=\"https:\/\/www.coach-hunter.com\/content\/wp-content\/uploads\/2018\/03\/champignon.jpg 620w, https:\/\/www.coach-hunter.com\/content\/wp-content\/uploads\/2018\/03\/champignon-300x155.jpg 300w\" sizes=\"auto, (max-width: 620px) 85vw, 620px\" \/><\/p>\n<figure id=\"attachment_714\" class=\"wp-caption alignnone\"><\/figure>\n<h2>Les bienfaits des champignons dans un r\u00e9gime vari\u00e9 et \u00e9quilibr\u00e9<\/h2>\n<p>Les bienfaits des champignons se trouvent, pour commencer, dans leur composition. Ils ont une bonne teneur en <strong>eau<\/strong>, en <strong>fibres<\/strong>, en <strong>vitamines<\/strong> et en <strong>min\u00e9raux. <\/strong>En effet, la <strong>vitamine B<\/strong> (essentiellement la vitamine B2, vitamine B3 et vitamine B5) est pr\u00e9sente dans le champignon. Elles ont un r\u00f4le dans le syst\u00e8me immunitaire, dans le fonctionnement du syst\u00e8me digestif et nerveux, dans l&rsquo;entretien de la peau et des cheveux ou encore sur l&rsquo;absorption du calcium pour une sant\u00e9 osseuse convenable.<\/p>\n<p>Les min\u00e9raux des champignons les plus int\u00e9ressants sont le <strong>fer<\/strong>, le <strong>zinc<\/strong> et le <strong>s\u00e9l\u00e9nium<\/strong>. Le fer permet en autres de transporter l&rsquo;oxyg\u00e8ne dans le sang. Puis le zinc aide dans le renouvellement cellulaire et favorise le fonctionnement du pancr\u00e9as. En ce qui concerne le s\u00e9l\u00e9nium, il joue un r\u00f4le dans les fonctions immunitaires et lutte contre les effets du vieillissement.<\/p>\n<p>Les champignons contiennent aussi des <strong>prot\u00e9ines<\/strong>. En effet, 100 grammes de champignons contiennent 2 \u00e0 5 grammes de prot\u00e9ines, ce qui est une source non n\u00e9gligeable et sup\u00e9rieure \u00e0 celle des l\u00e9gumes verts par exemple. Pour finir sur les bienfaits, les champignons sont <strong>pauvres en calorie<\/strong> (surtout prot\u00e9ine) et ont un effet sati\u00e9tog\u00e8ne. Vous pouvez alors en manger sans vous soucier de votre poids.<\/p>\n<h3>O\u00f9 se les procurer pour avoir les meilleurs bienfaits des champignons ?<\/h3>\n<p>Il existe de nombreuses esp\u00e8ces de champignons. Ainsi, on a les champignons blancs de Paris, les plus connus dans nos contr\u00e9es. Mais il y a aussi les amanites des c\u00e9sars, les girolles, les bolets, les c\u00e8pes, les pholiotes, les pleurotes et aussi les trompettes de la mort et les chanterelles, sans oublier les champignons shiitake, un grand classique de la cuisine asiatique telle qu\u2019on l&rsquo;a conna\u00eet ! Mais o\u00f9 se les procurer ?<\/p>\n<p><strong>L\u2019automne<\/strong> est la meilleure saison pour trouver des <strong>champignons sauvages dans les bois<\/strong>. Ils sont d&rsquo;autant plus riches que les champignons industriels. Si d\u2019aventure quelques pieds et chapeaux se trouvent \u00e0 votre port\u00e9e, pourquoi ne pas les ramasser pour une bonne fricass\u00e9e champignons-ail-persil ? Attention, mangez des champignons mais pas n&rsquo;importe lesquels !<\/p>\n<p>Chaque ann\u00e9e le minist\u00e8re de la sant\u00e9 publie des avertissements sur le ramassage des champignons. <strong>Les cas d\u2019intoxication<\/strong> ne sont pas si rares qu\u2019on ne le pense. Si on s\u2019y conna\u00eet vraiment pas, il vaut mieux acheter ses champignons (frais, pas en conserve de pr\u00e9f\u00e9rence !) au march\u00e9 afin d\u2019\u00e9viter tout risque d\u2019intoxication. \u00a0Les bienfaits des champignons ne vous apporteront pas grand-chose si vous consommez une esp\u00e8ce dangereuse !<\/p>\n<p>Mais voici quelques conseils si vous vous lancez dans le <strong>ramassage de champignons<\/strong>\u00a0:<\/p>\n<ul>\n<li>Ne pas mettre les champignons dans un sac plastique : un sp\u00e9cimen venimeux ramass\u00e9 par erreur pourrait contaminer le sac et ainsi tous les autres champignons ;<\/li>\n<li>Si vous ramassez une esp\u00e8ce inconnue, rangez-la \u00e0 part et demandez conseil \u00e0 un sp\u00e9cialiste avant de le consommer.<\/li>\n<\/ul>\n<figure id=\"attachment_717\" class=\"wp-caption alignnone\"><figcaption class=\"wp-caption-text\"><\/figcaption><\/figure>\n<h3>Comment les cuisiner ?<\/h3>\n<p>Il existe maintes fa\u00e7ons de profiter des bienfaits des champignons en les cuisinant chez vous. Ne vous arr\u00eatez pas aux champignons \u00e0 la cr\u00e8me ou \u00e0 la po\u00eal\u00e9e aill\u00e9e\u00a0! Voici quelques id\u00e9es plus originales pour vous inspirer\u00a0!<\/p>\n<ul>\n<li>Une simple salade\u00a0: m\u00e9langez un peu d\u2019ail frais \u00e9cras\u00e9, du sel, du poivre, du jus de citron et une bonne poign\u00e9e de champignons de Paris \u00e9minc\u00e9s. Vous aurez l\u00e0 une salade fra\u00eeche et savoureuse et qui sortira de l\u2019ordinaire\u00a0!<\/li>\n<li>Les champignons portobello font \u00e0 peu pr\u00e8s la taille de la paume de la main. Ils sont donc id\u00e9aux pour \u00eatre fourr\u00e9s et dor\u00e9s au four. Nous vous conseillons de casser un \u0153uf dans un champignon pr\u00e9alablement lav\u00e9 et frott\u00e9 et dont vous aurez enlev\u00e9 la queue. Un peu de persil et une pinc\u00e9e de piment, 20min au four \u00e0 200 degr\u00e9s et c\u2019est pr\u00eat\u00a0!<\/li>\n<li>Emballez de gros champignons dans du papier alu avec des herbes fra\u00eeches et un petit filet d\u2019huile d\u2019olive. 20min sur le barbecue et voici une source de prot\u00e9ines v\u00e9g\u00e9tales \u00e0 se damner\u00a0! C\u2019est une excellente solution si vous recevez des proches qui ne mangent pas de viande.<\/li>\n<\/ul>\n<p>Voil\u00e0 de quoi vous donnez envie de profiter des bienfaits des champignons. Avez-vous d\u2019autres id\u00e9es pour bien les pr\u00e9parer\u00a0? N\u2019h\u00e9sitez pas \u00e0 les partager dans les commentaires\u00a0!<\/p>\n<p>Voici un petit guide des champignons en suivant le <a href=\"https:\/\/www.kloranebotanical.foundation\/sites\/default\/files\/docs\/LeMondeDesChampignons.pdf\">lien<\/a>.<\/p>\n<h2>Pour approfondir sur le sport sant\u00e9 :<\/h2>\n<ul>\n<li>Les <a href=\"https:\/\/www.coach-hunter.com\/content\/endorphines\/\">endorphines<\/a> et le sport<\/li>\n<li>Les pr\u00e9cautions \u00e0 prendre pour pratiquer son <a href=\"https:\/\/www.coach-hunter.com\/content\/sport-ete\/\">sport l&rsquo;\u00e9t\u00e9<\/a><\/li>\n<li><a href=\"https:\/\/www.coach-hunter.com\/content\/sport-sommeil\/\">Sport et sommeil<\/a> : comment mieux dormir vous aide \u00e0 performer<\/li>\n<\/ul>\n","protected":false},"excerpt":{"rendered":"<p>Les bienfaits des champignons sont multiples et c\u2019est un aliment \u00e0 ne pas n\u00e9gliger lorsqu\u2019on surveille sa ligne. Bon en go\u00fbt, tout naturel et plein de fibres et de prot\u00e9ines, c\u2019est un alli\u00e9 minceur qui vous apportera \u00e9galement de l\u2019\u00e9nergie. Tout comme les plantes dans le sport les champignons ont de nombreuses vertus. Un coach &hellip; <a href=\"https:\/\/www.coach-hunter.com\/content\/champignons\/\" class=\"more-link\">Continuer la lecture<span class=\"screen-reader-text\"> de &laquo;&nbsp;Les nombreux bienfaits des champignons&nbsp;&raquo;<\/span><\/a><\/p>\n","protected":false},"author":2,"featured_media":0,"parent":0,"menu_order":0,"comment_status":"open","ping_status":"closed","template":"","meta":{"footnotes":""},"class_list":["post-115","page","type-page","status-publish","hentry"],"yoast_head":"<!-- This site is optimized with the Yoast SEO plugin v25.9 - https:\/\/yoast.com\/wordpress\/plugins\/seo\/ -->\n<title>Les bienfaits des champignons : profitez-en d\u00e8s aujourd&#039;hui !<\/title>\n<meta name=\"description\" content=\"Les bienfaits des champignons sont tr\u00e8s nombreux ! Voici un article d\u00e9di\u00e9 \u00e0 cet aliment qui a plus d&#039;un tour dans son sac.\" \/>\n<meta name=\"robots\" content=\"index, follow, max-snippet:-1, max-image-preview:large, max-video-preview:-1\" \/>\n<link rel=\"canonical\" href=\"https:\/\/www.coach-hunter.com\/content\/champignons\/\" \/>\n<meta property=\"og:locale\" content=\"fr_FR\" \/>\n<meta property=\"og:type\" content=\"article\" \/>\n<meta property=\"og:title\" content=\"Les bienfaits des champignons : profitez-en d\u00e8s aujourd&#039;hui !\" \/>\n<meta property=\"og:description\" content=\"Les bienfaits des champignons sont tr\u00e8s nombreux ! Voici un article d\u00e9di\u00e9 \u00e0 cet aliment qui a plus d&#039;un tour dans son sac.\" \/>\n<meta property=\"og:url\" content=\"https:\/\/www.coach-hunter.com\/content\/champignons\/\" \/>\n<meta property=\"og:site_name\" content=\"Blog Coach Hunter\" \/>\n<meta property=\"article:modified_time\" content=\"2024-05-17T14:58:41+00:00\" \/>\n<meta property=\"og:image\" content=\"https:\/\/www.coach-hunter.com\/content\/wp-content\/uploads\/2018\/03\/champignon.jpg\" \/>\n<meta name=\"twitter:card\" content=\"summary_large_image\" \/>\n<meta name=\"twitter:label1\" content=\"Dur\u00e9e de lecture estim\u00e9e\" \/>\n\t<meta name=\"twitter:data1\" content=\"4 minutes\" \/>\n<script type=\"application\/ld+json\" class=\"yoast-schema-graph\">{\"@context\":\"https:\/\/schema.org\",\"@graph\":[{\"@type\":\"WebPage\",\"@id\":\"https:\/\/www.coach-hunter.com\/content\/champignons\/\",\"url\":\"https:\/\/www.coach-hunter.com\/content\/champignons\/\",\"name\":\"Les bienfaits des champignons : profitez-en d\u00e8s aujourd'hui !\",\"isPartOf\":{\"@id\":\"https:\/\/www.coach-hunter.com\/content\/#website\"},\"primaryImageOfPage\":{\"@id\":\"https:\/\/www.coach-hunter.com\/content\/champignons\/#primaryimage\"},\"image\":{\"@id\":\"https:\/\/www.coach-hunter.com\/content\/champignons\/#primaryimage\"},\"thumbnailUrl\":\"https:\/\/www.coach-hunter.com\/content\/wp-content\/uploads\/2018\/03\/champignon.jpg\",\"datePublished\":\"2018-03-14T16:37:51+00:00\",\"dateModified\":\"2024-05-17T14:58:41+00:00\",\"description\":\"Les bienfaits des champignons sont tr\u00e8s nombreux ! Voici un article d\u00e9di\u00e9 \u00e0 cet aliment qui a plus d'un tour dans son sac.\",\"breadcrumb\":{\"@id\":\"https:\/\/www.coach-hunter.com\/content\/champignons\/#breadcrumb\"},\"inLanguage\":\"fr-FR\",\"potentialAction\":[{\"@type\":\"ReadAction\",\"target\":[\"https:\/\/www.coach-hunter.com\/content\/champignons\/\"]}]},{\"@type\":\"ImageObject\",\"inLanguage\":\"fr-FR\",\"@id\":\"https:\/\/www.coach-hunter.com\/content\/champignons\/#primaryimage\",\"url\":\"https:\/\/www.coach-hunter.com\/content\/wp-content\/uploads\/2018\/03\/champignon.jpg\",\"contentUrl\":\"https:\/\/www.coach-hunter.com\/content\/wp-content\/uploads\/2018\/03\/champignon.jpg\",\"width\":620,\"height\":320},{\"@type\":\"BreadcrumbList\",\"@id\":\"https:\/\/www.coach-hunter.com\/content\/champignons\/#breadcrumb\",\"itemListElement\":[{\"@type\":\"ListItem\",\"position\":1,\"name\":\"Accueil\",\"item\":\"https:\/\/www.coach-hunter.com\/content\/\"},{\"@type\":\"ListItem\",\"position\":2,\"name\":\"Les nombreux bienfaits des champignons\"}]},{\"@type\":\"WebSite\",\"@id\":\"https:\/\/www.coach-hunter.com\/content\/#website\",\"url\":\"https:\/\/www.coach-hunter.com\/content\/\",\"name\":\"Blog Coach Hunter\",\"description\":\"\",\"potentialAction\":[{\"@type\":\"SearchAction\",\"target\":{\"@type\":\"EntryPoint\",\"urlTemplate\":\"https:\/\/www.coach-hunter.com\/content\/?s={search_term_string}\"},\"query-input\":{\"@type\":\"PropertyValueSpecification\",\"valueRequired\":true,\"valueName\":\"search_term_string\"}}],\"inLanguage\":\"fr-FR\"}]}<\/script>\n<!-- \/ Yoast SEO plugin. -->","yoast_head_json":{"title":"Les bienfaits des champignons : profitez-en d\u00e8s aujourd'hui !","description":"Les bienfaits des champignons sont tr\u00e8s nombreux ! Voici un article d\u00e9di\u00e9 \u00e0 cet aliment qui a plus d'un tour dans son sac.","robots":{"index":"index","follow":"follow","max-snippet":"max-snippet:-1","max-image-preview":"max-image-preview:large","max-video-preview":"max-video-preview:-1"},"canonical":"https:\/\/www.coach-hunter.com\/content\/champignons\/","og_locale":"fr_FR","og_type":"article","og_title":"Les bienfaits des champignons : profitez-en d\u00e8s aujourd'hui !","og_description":"Les bienfaits des champignons sont tr\u00e8s nombreux ! Voici un article d\u00e9di\u00e9 \u00e0 cet aliment qui a plus d'un tour dans son sac.","og_url":"https:\/\/www.coach-hunter.com\/content\/champignons\/","og_site_name":"Blog Coach Hunter","article_modified_time":"2024-05-17T14:58:41+00:00","og_image":[{"url":"https:\/\/www.coach-hunter.com\/content\/wp-content\/uploads\/2018\/03\/champignon.jpg","type":"","width":"","height":""}],"twitter_card":"summary_large_image","twitter_misc":{"Dur\u00e9e de lecture estim\u00e9e":"4 minutes"},"schema":{"@context":"https:\/\/schema.org","@graph":[{"@type":"WebPage","@id":"https:\/\/www.coach-hunter.com\/content\/champignons\/","url":"https:\/\/www.coach-hunter.com\/content\/champignons\/","name":"Les bienfaits des champignons : profitez-en d\u00e8s aujourd'hui !","isPartOf":{"@id":"https:\/\/www.coach-hunter.com\/content\/#website"},"primaryImageOfPage":{"@id":"https:\/\/www.coach-hunter.com\/content\/champignons\/#primaryimage"},"image":{"@id":"https:\/\/www.coach-hunter.com\/content\/champignons\/#primaryimage"},"thumbnailUrl":"https:\/\/www.coach-hunter.com\/content\/wp-content\/uploads\/2018\/03\/champignon.jpg","datePublished":"2018-03-14T16:37:51+00:00","dateModified":"2024-05-17T14:58:41+00:00","description":"Les bienfaits des champignons sont tr\u00e8s nombreux ! Voici un article d\u00e9di\u00e9 \u00e0 cet aliment qui a plus d'un tour dans son sac.","breadcrumb":{"@id":"https:\/\/www.coach-hunter.com\/content\/champignons\/#breadcrumb"},"inLanguage":"fr-FR","potentialAction":[{"@type":"ReadAction","target":["https:\/\/www.coach-hunter.com\/content\/champignons\/"]}]},{"@type":"ImageObject","inLanguage":"fr-FR","@id":"https:\/\/www.coach-hunter.com\/content\/champignons\/#primaryimage","url":"https:\/\/www.coach-hunter.com\/content\/wp-content\/uploads\/2018\/03\/champignon.jpg","contentUrl":"https:\/\/www.coach-hunter.com\/content\/wp-content\/uploads\/2018\/03\/champignon.jpg","width":620,"height":320},{"@type":"BreadcrumbList","@id":"https:\/\/www.coach-hunter.com\/content\/champignons\/#breadcrumb","itemListElement":[{"@type":"ListItem","position":1,"name":"Accueil","item":"https:\/\/www.coach-hunter.com\/content\/"},{"@type":"ListItem","position":2,"name":"Les nombreux bienfaits des champignons"}]},{"@type":"WebSite","@id":"https:\/\/www.coach-hunter.com\/content\/#website","url":"https:\/\/www.coach-hunter.com\/content\/","name":"Blog Coach Hunter","description":"","potentialAction":[{"@type":"SearchAction","target":{"@type":"EntryPoint","urlTemplate":"https:\/\/www.coach-hunter.com\/content\/?s={search_term_string}"},"query-input":{"@type":"PropertyValueSpecification","valueRequired":true,"valueName":"search_term_string"}}],"inLanguage":"fr-FR"}]}},"_links":{"self":[{"href":"https:\/\/www.coach-hunter.com\/content\/wp-json\/wp\/v2\/pages\/115","targetHints":{"allow":["GET"]}}],"collection":[{"href":"https:\/\/www.coach-hunter.com\/content\/wp-json\/wp\/v2\/pages"}],"about":[{"href":"https:\/\/www.coach-hunter.com\/content\/wp-json\/wp\/v2\/types\/page"}],"author":[{"embeddable":true,"href":"https:\/\/www.coach-hunter.com\/content\/wp-json\/wp\/v2\/users\/2"}],"replies":[{"embeddable":true,"href":"https:\/\/www.coach-hunter.com\/content\/wp-json\/wp\/v2\/comments?post=115"}],"version-history":[{"count":16,"href":"https:\/\/www.coach-hunter.com\/content\/wp-json\/wp\/v2\/pages\/115\/revisions"}],"predecessor-version":[{"id":2176,"href":"https:\/\/www.coach-hunter.com\/content\/wp-json\/wp\/v2\/pages\/115\/revisions\/2176"}],"wp:attachment":[{"href":"https:\/\/www.coach-hunter.com\/content\/wp-json\/wp\/v2\/media?parent=115"}],"curies":[{"name":"wp","href":"https:\/\/api.w.org\/{rel}","templated":true}]}}