{"id":1148,"date":"2020-08-05T10:29:38","date_gmt":"2020-08-05T10:29:38","guid":{"rendered":"https:\/\/www.coach-hunter.com\/content\/?page_id=1148"},"modified":"2020-09-02T14:03:05","modified_gmt":"2020-09-02T14:03:05","slug":"dejeps-boxe","status":"publish","type":"page","link":"https:\/\/www.coach-hunter.com\/content\/dejeps-boxe\/","title":{"rendered":"Le DEJEPS Boxe pour devenir entra\u00eeneur sportif"},"content":{"rendered":"\n<p>Le <strong>dipl\u00f4me d&rsquo; Etat de la jeunesse, de l\u2019 \u00e9ducation populaire et du sport<\/strong> est une formation professionnelle permettant d&rsquo;acc\u00e9der aux fonctions d&rsquo;<strong>entra\u00eeneur sportif<\/strong> dans une mention donn\u00e9e. La mention Boxe appartient aux <a class=\"callAction\" href=\"https:\/\/www.coach-hunter.com\/content\/dejeps-sports-de-combat\/\">DEJEPS Sports de combat<\/a>.<br>Les titulaires du <strong>DEJEPS Boxe<\/strong> pourront exercer en tant que <strong>coach de boxe<\/strong> aupr\u00e8s de publics divers, dans le secteur public ou priv\u00e9.<\/p>\n\n\n\n<div class=\"wp-block-image\"><figure class=\"aligncenter size-large\"><img loading=\"lazy\" decoding=\"async\" width=\"626\" height=\"417\" src=\"https:\/\/www.coach-hunter.com\/content\/wp-content\/uploads\/2020\/07\/dejeps-boxe-Copie.jpg\" alt=\"DEJEPS Boxe\" class=\"wp-image-1149\" srcset=\"https:\/\/www.coach-hunter.com\/content\/wp-content\/uploads\/2020\/07\/dejeps-boxe-Copie.jpg 626w, https:\/\/www.coach-hunter.com\/content\/wp-content\/uploads\/2020\/07\/dejeps-boxe-Copie-300x200.jpg 300w\" sizes=\"auto, (max-width: 626px) 85vw, 626px\" \/><\/figure><\/div>\n\n\n\n<div class='flexo'><div class=\"lames2\">\n\n\n\n<h2 class=\"wp-block-heading\">Les objectifs du&nbsp;DEJEPS sp\u00e9cialit\u00e9 perfectionnement sportif mention Boxe<\/h2>\n\n\n\n<p>Le <strong>DEJEPS mention boxe<\/strong> est un dipl\u00f4me formant des <strong>professionnels <\/strong>dans cette discipline. Les dipl\u00f4m\u00e9s seront capable d&rsquo;encadrer la <strong>discipline sportive<\/strong> de la boxe. Ils adapteront leurs <strong>entra\u00eenements<\/strong> et <strong>animations <\/strong>au public encadr\u00e9. Il peut s&rsquo;agir d&rsquo;enfants, d&rsquo;adultes amateurs, ou encore de <strong>sportifs de haut niveau<\/strong>. Dans ce dernier cas, le <strong>coach sportif<\/strong> devra suivre ses athl\u00e8tes et les conseiller pendant toute la saison sportive. A la fin de la saison, il donnera un compte rendu de l&rsquo;<strong>\u00e9volution des performances<\/strong> des sportifs. Cela lui servira \u00e0 proposer une nouvelle <strong>programmation d&rsquo;entrainement<\/strong> et \u00e0 am\u00e9liorer les r\u00e9sultats de ses athl\u00e8tes.<\/p>\n\n\n\n<p>Les <strong>d\u00e9tenteurs du dipl\u00f4me<\/strong> devront aussi \u00eatre capables de conduire une <strong>d\u00e9marche de perfectionnement sportif en boxe<\/strong>. En outre, le dipl\u00f4m\u00e9 devra coordonner la mise en oeuvre d&rsquo;un projet sportif \u00e9tabli par la structure qui l&rsquo;accueille. \u00c9ventuellement, selon ses comp\u00e9tences, il pourra lui \u00eatre demand\u00e9 d&rsquo;en cr\u00e9er un. Avec cette formation, les entra\u00eeneurs sportifs seront donc capable de <strong>concevoir un projet sportif<\/strong> en accord avec les objectifs de la structure et des publics vis\u00e9s.<\/p>\n\n\n\n<\/div><div class=\"lames2\">\n\n\n\n<h2 class=\"wp-block-heading\">Quel parcours pour obtenir le DEJEPS sp\u00e9cialit\u00e9 Boxe?<\/h2>\n\n\n\n<p>Tout <strong>d\u00e9tenteur du DEJEPS boxe<\/strong> pourra proposer des programmes sportifs dans la discipline sportive d\u00e9finie par la mention. Le dipl\u00f4m\u00e9 est un professionnel de l&rsquo;entra\u00eenement sportif et de l&rsquo;<strong>optimisation des performances sportives<\/strong> en boxe.<\/p>\n\n\n\n<p>Toutefois, le candidat devra r\u00e9pondre \u00e0 des <strong>exigences pr\u00e9alables<\/strong> pour <strong>entrer en formation<\/strong>. Pour prendre connaissances de ces derni\u00e8res, rendez-vous sur le site de la <a rel=\"noreferrer noopener\" href=\"https:\/\/www.ffboxe.com\/formations-federales\/diplomes-detat-2\/\" target=\"_blank\">F\u00e9d\u00e9ration Fran\u00e7aise de Boxe<\/a>. Par ailleurs, les candidats devront r\u00e9ussir les <strong>\u00e9preuves de s\u00e9lection de la formation<\/strong> pour esp\u00e9rer obtenir ce dipl\u00f4me. Il s&rsquo;agit notamment d&rsquo;un test \u00e9crit permettant de v\u00e9rifier les connaissances du candidat sur le milieu sportif. Ce dernier est compl\u00e9t\u00e9 par un test de comp\u00e9tences techniques.<\/p>\n\n\n\n<p><strong>Accessibilit\u00e9<\/strong> : Il faut \u00eatre titulaire du PSC1 ou d\u2019un dipl\u00f4me \u00e9quivalent.<br><strong>Dur\u00e9e de formation<\/strong>&nbsp;:&nbsp;650 heures environ dont : 350 heures en centre de formation, 300 heures en structure sportive<br><strong>Co\u00fbt de la formation<\/strong>&nbsp;:&nbsp;4 000 \u20ac environ<\/p>\n\n\n\n<\/div><\/div>\n\n\n\n<h2 class=\"wp-block-heading\">D\u2019autres DEJEPS Sports de combat :<\/h2>\n\n\n\n<ul class=\"wp-block-list\"><li><a href=\"https:\/\/www.coach-hunter.com\/content\/dejeps-arts-martiaux-chinois\/\">DEJEPS Arts martiaux chinois<\/a><\/li><li><a href=\"https:\/\/www.coach-hunter.com\/content\/dejeps-aikido-aikibudo-et-disciplines-associees\/\">DEJEPS A\u00efkido a\u00efkibudo et disciplines associ\u00e9es<\/a><\/li><li><a href=\"https:\/\/www.coach-hunter.com\/content\/dejeps-boxe-thai-muay-thai\/\">DEJEPS Boxe tha\u00ef \u2013 muay tha\u00ef<\/a><\/li><li><a href=\"https:\/\/www.coach-hunter.com\/content\/dejeps-full-contact-boxe-americaine\/\">DEJEPS Full contact \u2013 Boxe am\u00e9ricaine<\/a><\/li><li><a href=\"https:\/\/www.coach-hunter.com\/content\/dejeps-judo-jujitsu\/\">DEJEPS Judo \u2013 Jujitsu<\/a><\/li><li><a href=\"https:\/\/www.coach-hunter.com\/content\/dejeps-karate-et-disciplines-associees\/\">DEJEPS Karat\u00e9 et disciplines associ\u00e9es<\/a><\/li><li><a href=\"https:\/\/www.coach-hunter.com\/content\/dejeps-kick-boxing\/\">DEJEPS Kick \u2013 boxing<\/a><\/li><li><a href=\"https:\/\/www.coach-hunter.com\/content\/dejeps-lutte-et-disciplines-associees\/\">DEJEPS Lutte et disciplines associ\u00e9es<\/a><\/li><li><a href=\"https:\/\/www.coach-hunter.com\/content\/dejeps-savate-boxe-francaise\/\">DEJEPS Savate Boxe Fran\u00e7aise<\/a><\/li><li><a href=\"https:\/\/www.coach-hunter.com\/content\/dejeps-taekwondo-et-disciplines-associees\/\">DEJEPS Taekwondo et disciplines associ\u00e9es<\/a><\/li><\/ul>\n","protected":false},"excerpt":{"rendered":"<p>Le dipl\u00f4me d&rsquo; Etat de la jeunesse, de l\u2019 \u00e9ducation populaire et du sport est une formation professionnelle permettant d&rsquo;acc\u00e9der aux fonctions d&rsquo;entra\u00eeneur sportif dans une mention donn\u00e9e. La mention Boxe appartient aux DEJEPS Sports de combat.Les titulaires du DEJEPS Boxe pourront exercer en tant que coach de boxe aupr\u00e8s de publics divers, dans le &hellip; <a href=\"https:\/\/www.coach-hunter.com\/content\/dejeps-boxe\/\" class=\"more-link\">Continuer la lecture<span class=\"screen-reader-text\"> de &laquo;&nbsp;Le DEJEPS Boxe pour devenir entra\u00eeneur sportif&nbsp;&raquo;<\/span><\/a><\/p>\n","protected":false},"author":5,"featured_media":0,"parent":0,"menu_order":0,"comment_status":"closed","ping_status":"closed","template":"","meta":{"footnotes":""},"class_list":["post-1148","page","type-page","status-publish","hentry"],"yoast_head":"<!-- This site is optimized with the Yoast SEO plugin v27.6 - https:\/\/yoast.com\/product\/yoast-seo-wordpress\/ -->\n<title>DEJEPS Boxe : la formation pour devenir un coach sportif dipl\u00f4m\u00e9 d&#039;Etat<\/title>\n<meta name=\"description\" content=\"Le DEJEPS Boxe est un dipl\u00f4me d&#039;Etat formant des entra\u00eeneurs sportifs capables d&#039;enseigner la boxe anglaise \u00e0 tout type de public.\" \/>\n<meta name=\"robots\" content=\"index, follow, max-snippet:-1, max-image-preview:large, max-video-preview:-1\" \/>\n<link rel=\"canonical\" href=\"https:\/\/www.coach-hunter.com\/content\/dejeps-boxe\/\" \/>\n<meta property=\"og:locale\" content=\"fr_FR\" \/>\n<meta property=\"og:type\" content=\"article\" \/>\n<meta property=\"og:title\" content=\"DEJEPS Boxe : la formation pour devenir un coach sportif dipl\u00f4m\u00e9 d&#039;Etat\" \/>\n<meta property=\"og:description\" content=\"Le DEJEPS Boxe est un dipl\u00f4me d&#039;Etat formant des entra\u00eeneurs sportifs capables d&#039;enseigner la boxe anglaise \u00e0 tout type de public.\" \/>\n<meta property=\"og:url\" content=\"https:\/\/www.coach-hunter.com\/content\/dejeps-boxe\/\" \/>\n<meta property=\"og:site_name\" content=\"Blog Coach Hunter\" \/>\n<meta property=\"article:modified_time\" content=\"2020-09-02T14:03:05+00:00\" \/>\n<meta property=\"og:image\" content=\"https:\/\/www.coach-hunter.com\/content\/wp-content\/uploads\/2020\/07\/dejeps-boxe-Copie.jpg\" \/>\n\t<meta property=\"og:image:width\" content=\"626\" \/>\n\t<meta property=\"og:image:height\" content=\"417\" \/>\n\t<meta property=\"og:image:type\" content=\"image\/jpeg\" \/>\n<meta name=\"twitter:card\" content=\"summary_large_image\" \/>\n<meta name=\"twitter:label1\" content=\"Dur\u00e9e de lecture estim\u00e9e\" \/>\n\t<meta name=\"twitter:data1\" content=\"2 minutes\" \/>\n<script type=\"application\/ld+json\" class=\"yoast-schema-graph\">{\"@context\":\"https:\\\/\\\/schema.org\",\"@graph\":[{\"@type\":\"WebPage\",\"@id\":\"https:\\\/\\\/www.coach-hunter.com\\\/content\\\/dejeps-boxe\\\/\",\"url\":\"https:\\\/\\\/www.coach-hunter.com\\\/content\\\/dejeps-boxe\\\/\",\"name\":\"DEJEPS Boxe : la formation pour devenir un coach sportif dipl\u00f4m\u00e9 d'Etat\",\"isPartOf\":{\"@id\":\"https:\\\/\\\/www.coach-hunter.com\\\/content\\\/#website\"},\"primaryImageOfPage\":{\"@id\":\"https:\\\/\\\/www.coach-hunter.com\\\/content\\\/dejeps-boxe\\\/#primaryimage\"},\"image\":{\"@id\":\"https:\\\/\\\/www.coach-hunter.com\\\/content\\\/dejeps-boxe\\\/#primaryimage\"},\"thumbnailUrl\":\"https:\\\/\\\/www.coach-hunter.com\\\/content\\\/wp-content\\\/uploads\\\/2020\\\/07\\\/dejeps-boxe-Copie.jpg\",\"datePublished\":\"2020-08-05T10:29:38+00:00\",\"dateModified\":\"2020-09-02T14:03:05+00:00\",\"description\":\"Le DEJEPS Boxe est un dipl\u00f4me d'Etat formant des entra\u00eeneurs sportifs capables d'enseigner la boxe anglaise \u00e0 tout type de public.\",\"breadcrumb\":{\"@id\":\"https:\\\/\\\/www.coach-hunter.com\\\/content\\\/dejeps-boxe\\\/#breadcrumb\"},\"inLanguage\":\"fr-FR\",\"potentialAction\":[{\"@type\":\"ReadAction\",\"target\":[\"https:\\\/\\\/www.coach-hunter.com\\\/content\\\/dejeps-boxe\\\/\"]}]},{\"@type\":\"ImageObject\",\"inLanguage\":\"fr-FR\",\"@id\":\"https:\\\/\\\/www.coach-hunter.com\\\/content\\\/dejeps-boxe\\\/#primaryimage\",\"url\":\"https:\\\/\\\/www.coach-hunter.com\\\/content\\\/wp-content\\\/uploads\\\/2020\\\/07\\\/dejeps-boxe-Copie.jpg\",\"contentUrl\":\"https:\\\/\\\/www.coach-hunter.com\\\/content\\\/wp-content\\\/uploads\\\/2020\\\/07\\\/dejeps-boxe-Copie.jpg\",\"width\":626,\"height\":417},{\"@type\":\"BreadcrumbList\",\"@id\":\"https:\\\/\\\/www.coach-hunter.com\\\/content\\\/dejeps-boxe\\\/#breadcrumb\",\"itemListElement\":[{\"@type\":\"ListItem\",\"position\":1,\"name\":\"Accueil\",\"item\":\"https:\\\/\\\/www.coach-hunter.com\\\/content\\\/\"},{\"@type\":\"ListItem\",\"position\":2,\"name\":\"Le DEJEPS Boxe pour devenir entra\u00eeneur sportif\"}]},{\"@type\":\"WebSite\",\"@id\":\"https:\\\/\\\/www.coach-hunter.com\\\/content\\\/#website\",\"url\":\"https:\\\/\\\/www.coach-hunter.com\\\/content\\\/\",\"name\":\"Blog Coach Hunter\",\"description\":\"\",\"potentialAction\":[{\"@type\":\"SearchAction\",\"target\":{\"@type\":\"EntryPoint\",\"urlTemplate\":\"https:\\\/\\\/www.coach-hunter.com\\\/content\\\/?s={search_term_string}\"},\"query-input\":{\"@type\":\"PropertyValueSpecification\",\"valueRequired\":true,\"valueName\":\"search_term_string\"}}],\"inLanguage\":\"fr-FR\"}]}<\/script>\n<!-- \/ Yoast SEO plugin. -->","yoast_head_json":{"title":"DEJEPS Boxe : la formation pour devenir un coach sportif dipl\u00f4m\u00e9 d'Etat","description":"Le DEJEPS Boxe est un dipl\u00f4me d'Etat formant des entra\u00eeneurs sportifs capables d'enseigner la boxe anglaise \u00e0 tout type de public.","robots":{"index":"index","follow":"follow","max-snippet":"max-snippet:-1","max-image-preview":"max-image-preview:large","max-video-preview":"max-video-preview:-1"},"canonical":"https:\/\/www.coach-hunter.com\/content\/dejeps-boxe\/","og_locale":"fr_FR","og_type":"article","og_title":"DEJEPS Boxe : la formation pour devenir un coach sportif dipl\u00f4m\u00e9 d'Etat","og_description":"Le DEJEPS Boxe est un dipl\u00f4me d'Etat formant des entra\u00eeneurs sportifs capables d'enseigner la boxe anglaise \u00e0 tout type de public.","og_url":"https:\/\/www.coach-hunter.com\/content\/dejeps-boxe\/","og_site_name":"Blog Coach Hunter","article_modified_time":"2020-09-02T14:03:05+00:00","og_image":[{"width":626,"height":417,"url":"https:\/\/www.coach-hunter.com\/content\/wp-content\/uploads\/2020\/07\/dejeps-boxe-Copie.jpg","type":"image\/jpeg"}],"twitter_card":"summary_large_image","twitter_misc":{"Dur\u00e9e de lecture estim\u00e9e":"2 minutes"},"schema":{"@context":"https:\/\/schema.org","@graph":[{"@type":"WebPage","@id":"https:\/\/www.coach-hunter.com\/content\/dejeps-boxe\/","url":"https:\/\/www.coach-hunter.com\/content\/dejeps-boxe\/","name":"DEJEPS Boxe : la formation pour devenir un coach sportif dipl\u00f4m\u00e9 d'Etat","isPartOf":{"@id":"https:\/\/www.coach-hunter.com\/content\/#website"},"primaryImageOfPage":{"@id":"https:\/\/www.coach-hunter.com\/content\/dejeps-boxe\/#primaryimage"},"image":{"@id":"https:\/\/www.coach-hunter.com\/content\/dejeps-boxe\/#primaryimage"},"thumbnailUrl":"https:\/\/www.coach-hunter.com\/content\/wp-content\/uploads\/2020\/07\/dejeps-boxe-Copie.jpg","datePublished":"2020-08-05T10:29:38+00:00","dateModified":"2020-09-02T14:03:05+00:00","description":"Le DEJEPS Boxe est un dipl\u00f4me d'Etat formant des entra\u00eeneurs sportifs capables d'enseigner la boxe anglaise \u00e0 tout type de public.","breadcrumb":{"@id":"https:\/\/www.coach-hunter.com\/content\/dejeps-boxe\/#breadcrumb"},"inLanguage":"fr-FR","potentialAction":[{"@type":"ReadAction","target":["https:\/\/www.coach-hunter.com\/content\/dejeps-boxe\/"]}]},{"@type":"ImageObject","inLanguage":"fr-FR","@id":"https:\/\/www.coach-hunter.com\/content\/dejeps-boxe\/#primaryimage","url":"https:\/\/www.coach-hunter.com\/content\/wp-content\/uploads\/2020\/07\/dejeps-boxe-Copie.jpg","contentUrl":"https:\/\/www.coach-hunter.com\/content\/wp-content\/uploads\/2020\/07\/dejeps-boxe-Copie.jpg","width":626,"height":417},{"@type":"BreadcrumbList","@id":"https:\/\/www.coach-hunter.com\/content\/dejeps-boxe\/#breadcrumb","itemListElement":[{"@type":"ListItem","position":1,"name":"Accueil","item":"https:\/\/www.coach-hunter.com\/content\/"},{"@type":"ListItem","position":2,"name":"Le DEJEPS Boxe pour devenir entra\u00eeneur sportif"}]},{"@type":"WebSite","@id":"https:\/\/www.coach-hunter.com\/content\/#website","url":"https:\/\/www.coach-hunter.com\/content\/","name":"Blog Coach Hunter","description":"","potentialAction":[{"@type":"SearchAction","target":{"@type":"EntryPoint","urlTemplate":"https:\/\/www.coach-hunter.com\/content\/?s={search_term_string}"},"query-input":{"@type":"PropertyValueSpecification","valueRequired":true,"valueName":"search_term_string"}}],"inLanguage":"fr-FR"}]}},"_links":{"self":[{"href":"https:\/\/www.coach-hunter.com\/content\/wp-json\/wp\/v2\/pages\/1148","targetHints":{"allow":["GET"]}}],"collection":[{"href":"https:\/\/www.coach-hunter.com\/content\/wp-json\/wp\/v2\/pages"}],"about":[{"href":"https:\/\/www.coach-hunter.com\/content\/wp-json\/wp\/v2\/types\/page"}],"author":[{"embeddable":true,"href":"https:\/\/www.coach-hunter.com\/content\/wp-json\/wp\/v2\/users\/5"}],"replies":[{"embeddable":true,"href":"https:\/\/www.coach-hunter.com\/content\/wp-json\/wp\/v2\/comments?post=1148"}],"version-history":[{"count":7,"href":"https:\/\/www.coach-hunter.com\/content\/wp-json\/wp\/v2\/pages\/1148\/revisions"}],"predecessor-version":[{"id":1441,"href":"https:\/\/www.coach-hunter.com\/content\/wp-json\/wp\/v2\/pages\/1148\/revisions\/1441"}],"wp:attachment":[{"href":"https:\/\/www.coach-hunter.com\/content\/wp-json\/wp\/v2\/media?parent=1148"}],"curies":[{"name":"wp","href":"https:\/\/api.w.org\/{rel}","templated":true}]}}