{"id":1142,"date":"2020-07-28T11:36:55","date_gmt":"2020-07-28T11:36:55","guid":{"rendered":"https:\/\/www.coach-hunter.com\/content\/?page_id=1142"},"modified":"2020-09-02T13:56:49","modified_gmt":"2020-09-02T13:56:49","slug":"dejeps-arts-martiaux-chinois","status":"publish","type":"page","link":"https:\/\/www.coach-hunter.com\/content\/dejeps-arts-martiaux-chinois\/","title":{"rendered":"Le DEJEPS Arts martiaux chinois pour enseigner le Taichi Chuan"},"content":{"rendered":"\n<p>Le DEJEPS correspond au <strong>dipl\u00f4me d&rsquo; Etat de la jeunesse, de l\u2019 \u00e9ducation populaire et du sport<\/strong>. En outre, cette formation permet d&rsquo;obtenir l&rsquo;agr\u00e9ment d&rsquo;encadrement des pratiques sportives li\u00e9es \u00e0 une mention donn\u00e9e. La mention Arts martiaux chinois appartient aux <a class=\"callAction\" href=\"https:\/\/www.coach-hunter.com\/content\/dejeps-sports-de-combat\/\">DEJEPS Sports de combat<\/a>.<br>De ce fait, les titulaires du <strong>DEJEPS Arts martiaux chinois<\/strong> pourront exercer en tant que coach sportif aupr\u00e8s de tout public.<\/p>\n\n\n\n<div class=\"wp-block-image\"><figure class=\"aligncenter size-large\"><img loading=\"lazy\" decoding=\"async\" width=\"626\" height=\"387\" src=\"https:\/\/www.coach-hunter.com\/content\/wp-content\/uploads\/2020\/07\/DEJEPS-Arts-martiaux-chinois-Copie.jpg\" alt=\"DEJEPS Arts martiaux chinois\" class=\"wp-image-1143\" srcset=\"https:\/\/www.coach-hunter.com\/content\/wp-content\/uploads\/2020\/07\/DEJEPS-Arts-martiaux-chinois-Copie.jpg 626w, https:\/\/www.coach-hunter.com\/content\/wp-content\/uploads\/2020\/07\/DEJEPS-Arts-martiaux-chinois-Copie-300x185.jpg 300w\" sizes=\"auto, (max-width: 626px) 85vw, 626px\" \/><\/figure><\/div>\n\n\n\n<div class='flexo'><div class=\"lames2\">\n\n\n\n<h2 class=\"wp-block-heading\">Les objectifs du&nbsp;DEJEPS sp\u00e9cialit\u00e9 perfectionnement sportif mention Arts martiaux chinois<\/h2>\n\n\n\n<p>Le <strong>DEJEPS mention Arts martiaux chinois<\/strong> forme des entra\u00eeneurs sportifs capables de <strong>concevoir des programmes de perfectionnement sportif<\/strong>. Le dipl\u00f4me se divise en deux sp\u00e9cialit\u00e9s \u00ab\u00a0<strong>Arts martiaux chinois internes<\/strong>\u00a0\u00bb (AMCI) et \u00ab\u00a0<strong>Arts martiaux chinois externes<\/strong>\u00a0\u00bb (AMCE). Dans le premier cas, les dipl\u00f4m\u00e9s pourront encadrer la pratique du <strong>Taichi Chuan<\/strong>. Dans le second, ils animeront les cours de <strong>Kung Fu<\/strong> (<a href=\"https:\/\/faemc.fr\/sites\/default\/files\/pdf\/faemc_presentation_2015_fr_annexes_site.pdf\" target=\"_blank\" rel=\"noreferrer noopener\">en savoir plus<\/a>).<\/p>\n\n\n\n<p>Les d\u00e9tenteurs de ce DEJEPS devront <strong>coordonner la mise en oeuvre des plans p\u00e9dagogiques techniques et logistiques<\/strong> pour proposer des programmes sportifs adapt\u00e9s aux besoins des \u00e9l\u00e8ves. \u00c9ventuellement, le dipl\u00f4m\u00e9 devra <strong>conduire des formations<\/strong> afin de d&rsquo;enseigner de nouvelles techniques aux professeurs de sport. Enfin, il devra assurer la <strong>s\u00e9curit\u00e9<\/strong> des tiers et des publics pr\u00e9sents en mettant en oeuvre les mesures ad\u00e9quates.<\/p>\n\n\n\n<\/div><div class=\"lames2\">\n\n\n\n<h2 class=\"wp-block-heading\">Quel parcours pour obtenir le DEJEPS sp\u00e9cialit\u00e9 AMC Internes et Externes ?<\/h2>\n\n\n\n<p>Le <strong>DEJEPS Arts martiaux chinois internes<\/strong> et le <strong>DEJEPS Arts martiaux chinois externes<\/strong> sont des dipl\u00f4mes attestant de <strong>comp\u00e9tences techniques dans les arts \u00e9nerg\u00e9tiques et martiaux chinois<\/strong>. Les dipl\u00f4m\u00e9s seront ainsi amen\u00e9s \u00e0 intervenir avec tout type de public. Ils devront donc \u00eatre en mesure d&rsquo;adapter la pratique sportive \u00e0 l&rsquo;\u00e2ge, aux possibles pathologies, et aux exigences des \u00e9l\u00e8ves. Si ces derniers \u00e9voluent dans le <strong>milieu comp\u00e9titif<\/strong>, le titulaire du dipl\u00f4me devra alors les accompagner et les conseiller tout au long de la saison sportive.<\/p>\n\n\n\n<p>Cependant, il existe des <strong>exigences pr\u00e9alables requises pour acc\u00e9der \u00e0 la formation<\/strong>. Le candidat devra ainsi attester d&rsquo;un niveau technique en Taichi Chuan ou Kung Fu d\u00e9termin\u00e9s par les cadres de formation. Le candidat devra aussi justifier d\u2019une <strong>exp\u00e9rience d\u2019encadrement de 100 heures<\/strong> minimum dans la mention sp\u00e9cifi\u00e9e.<\/p>\n\n\n\n<p><strong>Accessibilit\u00e9<\/strong> : Il faut \u00eatre titulaire du PSC1 ou d\u2019un dipl\u00f4me \u00e9quivalent.<br><strong>Dur\u00e9e de formation<\/strong>&nbsp;:&nbsp;800 heures dont : 400 heures en centre de formation, 400 heures en structure sportive<br><strong>Co\u00fbt de la formation<\/strong>&nbsp;:&nbsp;8 000 \u20ac environ<\/p>\n\n\n\n<\/div><\/div>\n\n\n\n<h2 class=\"wp-block-heading\">D\u2019autres DEJEPS Sports de combat :<\/h2>\n\n\n\n<ul class=\"wp-block-list\"><li><a href=\"https:\/\/www.coach-hunter.com\/content\/dejeps-aikido-aikibudo-et-disciplines-associees\/\">DEJEPS A\u00efkido a\u00efkibudo et disciplines associ\u00e9es<\/a><\/li><li><a href=\"https:\/\/www.coach-hunter.com\/content\/dejeps-boxe\/\">DEJEPS Boxe<\/a><\/li><li><a href=\"https:\/\/www.coach-hunter.com\/content\/dejeps-boxe-thai-muay-thai\/\">DEJEPS Boxe tha\u00ef \u2013 muay tha\u00ef<\/a><\/li><li><a href=\"https:\/\/www.coach-hunter.com\/content\/dejeps-full-contact-boxe-americaine\/\">DEJEPS Full contact &#8211; Boxe am\u00e9ricaine<\/a><\/li><li><a href=\"https:\/\/www.coach-hunter.com\/content\/dejeps-judo-jujitsu\/\">DEJEPS Judo &#8211; Jujitsu<\/a><\/li><li><a href=\"https:\/\/www.coach-hunter.com\/content\/dejeps-karate-et-disciplines-associees\/\">DEJEPS Karat\u00e9 et disciplines associ\u00e9es<\/a><\/li><li><a href=\"https:\/\/www.coach-hunter.com\/content\/dejeps-kick-boxing\/\">DEJEPS Kick &#8211; boxing<\/a><\/li><li><a href=\"https:\/\/www.coach-hunter.com\/content\/dejeps-lutte-et-disciplines-associees\/\">DEJEPS Lutte et disciplines associ\u00e9es<\/a><\/li><li><a href=\"https:\/\/www.coach-hunter.com\/content\/dejeps-savate-boxe-francaise\/\">DEJEPS Savate Boxe Fran\u00e7aise<\/a><\/li><li><a href=\"https:\/\/www.coach-hunter.com\/content\/dejeps-taekwondo-et-disciplines-associees\/\">DEJEPS Taekwondo et disciplines associ\u00e9es<\/a><\/li><\/ul>\n","protected":false},"excerpt":{"rendered":"<p>Le DEJEPS correspond au dipl\u00f4me d&rsquo; Etat de la jeunesse, de l\u2019 \u00e9ducation populaire et du sport. En outre, cette formation permet d&rsquo;obtenir l&rsquo;agr\u00e9ment d&rsquo;encadrement des pratiques sportives li\u00e9es \u00e0 une mention donn\u00e9e. La mention Arts martiaux chinois appartient aux DEJEPS Sports de combat.De ce fait, les titulaires du DEJEPS Arts martiaux chinois pourront exercer &hellip; <a href=\"https:\/\/www.coach-hunter.com\/content\/dejeps-arts-martiaux-chinois\/\" class=\"more-link\">Continuer la lecture<span class=\"screen-reader-text\"> de &laquo;&nbsp;Le DEJEPS Arts martiaux chinois pour enseigner le Taichi Chuan&nbsp;&raquo;<\/span><\/a><\/p>\n","protected":false},"author":5,"featured_media":0,"parent":0,"menu_order":0,"comment_status":"closed","ping_status":"closed","template":"","meta":{"footnotes":""},"class_list":["post-1142","page","type-page","status-publish","hentry"],"yoast_head":"<!-- This site is optimized with the Yoast SEO plugin v27.6 - https:\/\/yoast.com\/product\/yoast-seo-wordpress\/ -->\n<title>DEJEPS Arts martiaux chinois, dipl\u00f4me coach sportif pour le kung fu<\/title>\n<meta name=\"description\" content=\"Le DEJEPS Arts martiaux chinois est destin\u00e9 aux coachs sportifs souhaitant enseigner le Kung Fu et le Taichi Chuan \u00e0 tout type de public.\" \/>\n<meta name=\"robots\" content=\"index, follow, max-snippet:-1, max-image-preview:large, max-video-preview:-1\" \/>\n<link rel=\"canonical\" href=\"https:\/\/www.coach-hunter.com\/content\/dejeps-arts-martiaux-chinois\/\" \/>\n<meta property=\"og:locale\" content=\"fr_FR\" \/>\n<meta property=\"og:type\" content=\"article\" \/>\n<meta property=\"og:title\" content=\"DEJEPS Arts martiaux chinois, dipl\u00f4me coach sportif pour le kung fu\" \/>\n<meta property=\"og:description\" content=\"Le DEJEPS Arts martiaux chinois est destin\u00e9 aux coachs sportifs souhaitant enseigner le Kung Fu et le Taichi Chuan \u00e0 tout type de public.\" \/>\n<meta property=\"og:url\" content=\"https:\/\/www.coach-hunter.com\/content\/dejeps-arts-martiaux-chinois\/\" \/>\n<meta property=\"og:site_name\" content=\"Blog Coach Hunter\" \/>\n<meta property=\"article:modified_time\" content=\"2020-09-02T13:56:49+00:00\" \/>\n<meta property=\"og:image\" content=\"https:\/\/www.coach-hunter.com\/content\/wp-content\/uploads\/2020\/07\/DEJEPS-Arts-martiaux-chinois-Copie.jpg\" \/>\n\t<meta property=\"og:image:width\" content=\"626\" \/>\n\t<meta property=\"og:image:height\" content=\"387\" \/>\n\t<meta property=\"og:image:type\" content=\"image\/jpeg\" \/>\n<meta name=\"twitter:card\" content=\"summary_large_image\" \/>\n<meta name=\"twitter:label1\" content=\"Dur\u00e9e de lecture estim\u00e9e\" \/>\n\t<meta name=\"twitter:data1\" content=\"2 minutes\" \/>\n<script type=\"application\/ld+json\" class=\"yoast-schema-graph\">{\"@context\":\"https:\\\/\\\/schema.org\",\"@graph\":[{\"@type\":\"WebPage\",\"@id\":\"https:\\\/\\\/www.coach-hunter.com\\\/content\\\/dejeps-arts-martiaux-chinois\\\/\",\"url\":\"https:\\\/\\\/www.coach-hunter.com\\\/content\\\/dejeps-arts-martiaux-chinois\\\/\",\"name\":\"DEJEPS Arts martiaux chinois, dipl\u00f4me coach sportif pour le kung fu\",\"isPartOf\":{\"@id\":\"https:\\\/\\\/www.coach-hunter.com\\\/content\\\/#website\"},\"primaryImageOfPage\":{\"@id\":\"https:\\\/\\\/www.coach-hunter.com\\\/content\\\/dejeps-arts-martiaux-chinois\\\/#primaryimage\"},\"image\":{\"@id\":\"https:\\\/\\\/www.coach-hunter.com\\\/content\\\/dejeps-arts-martiaux-chinois\\\/#primaryimage\"},\"thumbnailUrl\":\"https:\\\/\\\/www.coach-hunter.com\\\/content\\\/wp-content\\\/uploads\\\/2020\\\/07\\\/DEJEPS-Arts-martiaux-chinois-Copie.jpg\",\"datePublished\":\"2020-07-28T11:36:55+00:00\",\"dateModified\":\"2020-09-02T13:56:49+00:00\",\"description\":\"Le DEJEPS Arts martiaux chinois est destin\u00e9 aux coachs sportifs souhaitant enseigner le Kung Fu et le Taichi Chuan \u00e0 tout type de public.\",\"breadcrumb\":{\"@id\":\"https:\\\/\\\/www.coach-hunter.com\\\/content\\\/dejeps-arts-martiaux-chinois\\\/#breadcrumb\"},\"inLanguage\":\"fr-FR\",\"potentialAction\":[{\"@type\":\"ReadAction\",\"target\":[\"https:\\\/\\\/www.coach-hunter.com\\\/content\\\/dejeps-arts-martiaux-chinois\\\/\"]}]},{\"@type\":\"ImageObject\",\"inLanguage\":\"fr-FR\",\"@id\":\"https:\\\/\\\/www.coach-hunter.com\\\/content\\\/dejeps-arts-martiaux-chinois\\\/#primaryimage\",\"url\":\"https:\\\/\\\/www.coach-hunter.com\\\/content\\\/wp-content\\\/uploads\\\/2020\\\/07\\\/DEJEPS-Arts-martiaux-chinois-Copie.jpg\",\"contentUrl\":\"https:\\\/\\\/www.coach-hunter.com\\\/content\\\/wp-content\\\/uploads\\\/2020\\\/07\\\/DEJEPS-Arts-martiaux-chinois-Copie.jpg\",\"width\":626,\"height\":387},{\"@type\":\"BreadcrumbList\",\"@id\":\"https:\\\/\\\/www.coach-hunter.com\\\/content\\\/dejeps-arts-martiaux-chinois\\\/#breadcrumb\",\"itemListElement\":[{\"@type\":\"ListItem\",\"position\":1,\"name\":\"Accueil\",\"item\":\"https:\\\/\\\/www.coach-hunter.com\\\/content\\\/\"},{\"@type\":\"ListItem\",\"position\":2,\"name\":\"Le DEJEPS Arts martiaux chinois pour enseigner le Taichi Chuan\"}]},{\"@type\":\"WebSite\",\"@id\":\"https:\\\/\\\/www.coach-hunter.com\\\/content\\\/#website\",\"url\":\"https:\\\/\\\/www.coach-hunter.com\\\/content\\\/\",\"name\":\"Blog Coach Hunter\",\"description\":\"\",\"potentialAction\":[{\"@type\":\"SearchAction\",\"target\":{\"@type\":\"EntryPoint\",\"urlTemplate\":\"https:\\\/\\\/www.coach-hunter.com\\\/content\\\/?s={search_term_string}\"},\"query-input\":{\"@type\":\"PropertyValueSpecification\",\"valueRequired\":true,\"valueName\":\"search_term_string\"}}],\"inLanguage\":\"fr-FR\"}]}<\/script>\n<!-- \/ Yoast SEO plugin. -->","yoast_head_json":{"title":"DEJEPS Arts martiaux chinois, dipl\u00f4me coach sportif pour le kung fu","description":"Le DEJEPS Arts martiaux chinois est destin\u00e9 aux coachs sportifs souhaitant enseigner le Kung Fu et le Taichi Chuan \u00e0 tout type de public.","robots":{"index":"index","follow":"follow","max-snippet":"max-snippet:-1","max-image-preview":"max-image-preview:large","max-video-preview":"max-video-preview:-1"},"canonical":"https:\/\/www.coach-hunter.com\/content\/dejeps-arts-martiaux-chinois\/","og_locale":"fr_FR","og_type":"article","og_title":"DEJEPS Arts martiaux chinois, dipl\u00f4me coach sportif pour le kung fu","og_description":"Le DEJEPS Arts martiaux chinois est destin\u00e9 aux coachs sportifs souhaitant enseigner le Kung Fu et le Taichi Chuan \u00e0 tout type de public.","og_url":"https:\/\/www.coach-hunter.com\/content\/dejeps-arts-martiaux-chinois\/","og_site_name":"Blog Coach Hunter","article_modified_time":"2020-09-02T13:56:49+00:00","og_image":[{"width":626,"height":387,"url":"https:\/\/www.coach-hunter.com\/content\/wp-content\/uploads\/2020\/07\/DEJEPS-Arts-martiaux-chinois-Copie.jpg","type":"image\/jpeg"}],"twitter_card":"summary_large_image","twitter_misc":{"Dur\u00e9e de lecture estim\u00e9e":"2 minutes"},"schema":{"@context":"https:\/\/schema.org","@graph":[{"@type":"WebPage","@id":"https:\/\/www.coach-hunter.com\/content\/dejeps-arts-martiaux-chinois\/","url":"https:\/\/www.coach-hunter.com\/content\/dejeps-arts-martiaux-chinois\/","name":"DEJEPS Arts martiaux chinois, dipl\u00f4me coach sportif pour le kung fu","isPartOf":{"@id":"https:\/\/www.coach-hunter.com\/content\/#website"},"primaryImageOfPage":{"@id":"https:\/\/www.coach-hunter.com\/content\/dejeps-arts-martiaux-chinois\/#primaryimage"},"image":{"@id":"https:\/\/www.coach-hunter.com\/content\/dejeps-arts-martiaux-chinois\/#primaryimage"},"thumbnailUrl":"https:\/\/www.coach-hunter.com\/content\/wp-content\/uploads\/2020\/07\/DEJEPS-Arts-martiaux-chinois-Copie.jpg","datePublished":"2020-07-28T11:36:55+00:00","dateModified":"2020-09-02T13:56:49+00:00","description":"Le DEJEPS Arts martiaux chinois est destin\u00e9 aux coachs sportifs souhaitant enseigner le Kung Fu et le Taichi Chuan \u00e0 tout type de public.","breadcrumb":{"@id":"https:\/\/www.coach-hunter.com\/content\/dejeps-arts-martiaux-chinois\/#breadcrumb"},"inLanguage":"fr-FR","potentialAction":[{"@type":"ReadAction","target":["https:\/\/www.coach-hunter.com\/content\/dejeps-arts-martiaux-chinois\/"]}]},{"@type":"ImageObject","inLanguage":"fr-FR","@id":"https:\/\/www.coach-hunter.com\/content\/dejeps-arts-martiaux-chinois\/#primaryimage","url":"https:\/\/www.coach-hunter.com\/content\/wp-content\/uploads\/2020\/07\/DEJEPS-Arts-martiaux-chinois-Copie.jpg","contentUrl":"https:\/\/www.coach-hunter.com\/content\/wp-content\/uploads\/2020\/07\/DEJEPS-Arts-martiaux-chinois-Copie.jpg","width":626,"height":387},{"@type":"BreadcrumbList","@id":"https:\/\/www.coach-hunter.com\/content\/dejeps-arts-martiaux-chinois\/#breadcrumb","itemListElement":[{"@type":"ListItem","position":1,"name":"Accueil","item":"https:\/\/www.coach-hunter.com\/content\/"},{"@type":"ListItem","position":2,"name":"Le DEJEPS Arts martiaux chinois pour enseigner le Taichi Chuan"}]},{"@type":"WebSite","@id":"https:\/\/www.coach-hunter.com\/content\/#website","url":"https:\/\/www.coach-hunter.com\/content\/","name":"Blog Coach Hunter","description":"","potentialAction":[{"@type":"SearchAction","target":{"@type":"EntryPoint","urlTemplate":"https:\/\/www.coach-hunter.com\/content\/?s={search_term_string}"},"query-input":{"@type":"PropertyValueSpecification","valueRequired":true,"valueName":"search_term_string"}}],"inLanguage":"fr-FR"}]}},"_links":{"self":[{"href":"https:\/\/www.coach-hunter.com\/content\/wp-json\/wp\/v2\/pages\/1142","targetHints":{"allow":["GET"]}}],"collection":[{"href":"https:\/\/www.coach-hunter.com\/content\/wp-json\/wp\/v2\/pages"}],"about":[{"href":"https:\/\/www.coach-hunter.com\/content\/wp-json\/wp\/v2\/types\/page"}],"author":[{"embeddable":true,"href":"https:\/\/www.coach-hunter.com\/content\/wp-json\/wp\/v2\/users\/5"}],"replies":[{"embeddable":true,"href":"https:\/\/www.coach-hunter.com\/content\/wp-json\/wp\/v2\/comments?post=1142"}],"version-history":[{"count":7,"href":"https:\/\/www.coach-hunter.com\/content\/wp-json\/wp\/v2\/pages\/1142\/revisions"}],"predecessor-version":[{"id":1436,"href":"https:\/\/www.coach-hunter.com\/content\/wp-json\/wp\/v2\/pages\/1142\/revisions\/1436"}],"wp:attachment":[{"href":"https:\/\/www.coach-hunter.com\/content\/wp-json\/wp\/v2\/media?parent=1142"}],"curies":[{"name":"wp","href":"https:\/\/api.w.org\/{rel}","templated":true}]}}