{"id":1137,"date":"2020-07-27T11:43:57","date_gmt":"2020-07-27T11:43:57","guid":{"rendered":"https:\/\/www.coach-hunter.com\/content\/?page_id=1137"},"modified":"2020-09-02T14:27:55","modified_gmt":"2020-09-02T14:27:55","slug":"dejeps-arts-energetiques-chinois","status":"publish","type":"page","link":"https:\/\/www.coach-hunter.com\/content\/dejeps-arts-energetiques-chinois\/","title":{"rendered":"DEJEPS Arts \u00e9nerg\u00e9tiques chinois pour enseigner le Qi Gong"},"content":{"rendered":"\n<p>Le <strong>dipl\u00f4me d&rsquo; Etat de la jeunesse, de l\u2019 \u00e9ducation populaire et du sport<\/strong> est une formation permettant d&rsquo;encadrer la pratique sportive en tant que coach sportif.  Le Qi Gong est une mention des <a class=\"callAction\" href=\"https:\/\/www.coach-hunter.com\/content\/dejeps-gyms-douces\/\">DEJEPS Gyms douces<\/a>.<br>Tout titulaire du <strong>DEJEPS Arts \u00e9nerg\u00e9tiques chinois<\/strong> peut exercer comme <strong>professeur de Qi Gong <\/strong>aupr\u00e8s de publics divers.<\/p>\n\n\n\n<div class=\"wp-block-image\"><figure class=\"aligncenter size-large\"><img loading=\"lazy\" decoding=\"async\" width=\"626\" height=\"417\" src=\"https:\/\/www.coach-hunter.com\/content\/wp-content\/uploads\/2020\/07\/DEJEPS-Arts-\u00e9nerg\u00e9tiques-chinois-Copie.jpg\" alt=\"DEJEPS Arts \u00e9nerg\u00e9tiques chinois\" class=\"wp-image-1139\" srcset=\"https:\/\/www.coach-hunter.com\/content\/wp-content\/uploads\/2020\/07\/DEJEPS-Arts-\u00e9nerg\u00e9tiques-chinois-Copie.jpg 626w, https:\/\/www.coach-hunter.com\/content\/wp-content\/uploads\/2020\/07\/DEJEPS-Arts-\u00e9nerg\u00e9tiques-chinois-Copie-300x200.jpg 300w\" sizes=\"auto, (max-width: 626px) 85vw, 626px\" \/><\/figure><\/div>\n\n\n\n<div class='flexo'><div class=\"lames2\">\n\n\n\n<h2 class=\"wp-block-heading\">Les objectifs du&nbsp;DEJEPS sp\u00e9cialit\u00e9 perfectionnement sportif mention Arts \u00e9nerg\u00e9tiques chinois<\/h2>\n\n\n\n<p>Le <strong>DEJEPS mention Arts energ\u00e9tiques chinois<\/strong> forme des entra\u00eeneurs sportifs sp\u00e9cialis\u00e9s. Il seront<strong> <\/strong>capables de <strong>concevoir des programmes de perfectionnement sportif<\/strong> dans des disciplines comme le <strong>qigong <\/strong>et le <strong>daoyin fa<\/strong>. Ces activit\u00e9s physiques sont dites \u00ab\u00e9nerg\u00e9tique\u00bb car elles sont fond\u00e9es sur l\u2019harmonisation du corps, du souffle et de l\u2019esprit. Les arts \u00e9nerg\u00e9tiques font partie des piliers de la <strong>m\u00e9decine chinoise<\/strong>.<\/p>\n\n\n\n<p>Le DEJEPS ayant pour <strong>sp\u00e9cialit\u00e9 le Qi Gong et le Daoyin Fa<\/strong> permet d&rsquo;encadrer des personnes de tout \u00e2ge dans ces pratiques sportives. De mani\u00e8re g\u00e9n\u00e9rale, ce sont des sports attirant un public d&rsquo;adultes, voire de seniors, d\u00e9sireux de <strong>m\u00ealer pratique sportive et philosophie chinoise<\/strong> (<a href=\"https:\/\/lartetlavoie.fr\/qi-gong\/qi-gong-de-saison\/\" target=\"_blank\" rel=\"noreferrer noopener\">en savoir plus<\/a>). Par ailleurs, ces disciplines apportent de nombreux bienfaits en termes de <strong>respiration, souplesse et mobilit\u00e9<\/strong>. Le dipl\u00f4m\u00e9 pourra donc aussi exercer aupr\u00e8s de personnes malades dans le cadre du <strong>sport sant\u00e9<\/strong> et du <strong>sport sur ordonnance<\/strong>.<\/p>\n\n\n\n<\/div><div class=\"lames2\">\n\n\n\n<h2 class=\"wp-block-heading\">Quel parcours pour obtenir le DEJEPS sp\u00e9cialit\u00e9 Art energetique chinois ?<\/h2>\n\n\n\n<p>Tout dipl\u00f4m\u00e9 du <strong>DEJEPS Arts \u00e9nerg\u00e9tiques chinois<\/strong> sera apte \u00e0 proposer des s\u00e9ances de sport progressives et adapt\u00e9es au niveau de chaque public. Le dipl\u00f4me atteste ainsi de <strong>comp\u00e9tences p\u00e9dagogiques et techniques<\/strong> dans les arts \u00e9nerg\u00e9tiques chinois. Il fait lieu de r\u00e9f\u00e9rence pour les personnes souhaitant <strong>pratiquer le Qi Gong aupr\u00e8s d un professeur dipl\u00f4m\u00e9<\/strong>.<\/p>\n\n\n\n<p>Toutefois, le candidat devra r\u00e9pondre aux <strong>exigences pr\u00e9alables requises pour acc\u00e9der \u00e0 la formation<\/strong>. Notamment, il devra attester d\u2019un niveau de formation CQP (<strong>certificat de qualification professionnelle<\/strong>) ainsi que d&rsquo;un niveau de comp\u00e9tences en Qi Gong pr\u00e9-\u00e9tabli. Par ailleurs, le candidat devra justifier d\u2019une exp\u00e9rience d\u2019encadrement de groupe dans sa mention. Cette exp\u00e9rience doit \u00eatre sup\u00e9rieure \u00e0 100 heures d\u2019encadrement.<\/p>\n\n\n\n<p><strong>Accessibilit\u00e9<\/strong> : Il faut \u00eatre titulaire du PSC1 ou d\u2019un dipl\u00f4me \u00e9quivalent.<br><strong>Dur\u00e9e de formation<\/strong>&nbsp;:&nbsp;800 heures dont : 400 heures en centre de formation, 400 heures en structure sportive<br><strong>Co\u00fbt de la formation<\/strong>&nbsp;:&nbsp;8 000 \u20ac environ<\/p>\n\n\n\n<\/div><\/div>\n\n\n\n<h2 class=\"wp-block-heading\">D\u2019autres DEJEPS Gyms douces :<\/h2>\n\n\n\n<ul class=\"wp-block-list\"><li><a href=\"https:\/\/www.coach-hunter.com\/content\/dejeps-activites-physiques-sportives-adaptees\/\">DEJEPS Activit\u00e9s physiques et sportives adapt\u00e9es<\/a><\/li><li><a href=\"https:\/\/www.coach-hunter.com\/content\/dejeps-handisport\/\">DEJEPS Handisport<\/a><\/li><\/ul>\n","protected":false},"excerpt":{"rendered":"<p>Le dipl\u00f4me d&rsquo; Etat de la jeunesse, de l\u2019 \u00e9ducation populaire et du sport est une formation permettant d&rsquo;encadrer la pratique sportive en tant que coach sportif. Le Qi Gong est une mention des DEJEPS Gyms douces.Tout titulaire du DEJEPS Arts \u00e9nerg\u00e9tiques chinois peut exercer comme professeur de Qi Gong aupr\u00e8s de publics divers. Les &hellip; <a href=\"https:\/\/www.coach-hunter.com\/content\/dejeps-arts-energetiques-chinois\/\" class=\"more-link\">Continuer la lecture<span class=\"screen-reader-text\"> de &laquo;&nbsp;DEJEPS Arts \u00e9nerg\u00e9tiques chinois pour enseigner le Qi Gong&nbsp;&raquo;<\/span><\/a><\/p>\n","protected":false},"author":5,"featured_media":0,"parent":0,"menu_order":0,"comment_status":"closed","ping_status":"closed","template":"","meta":{"footnotes":""},"class_list":["post-1137","page","type-page","status-publish","hentry"],"yoast_head":"<!-- This site is optimized with the Yoast SEO plugin v25.9 - https:\/\/yoast.com\/wordpress\/plugins\/seo\/ -->\n<title>DEJEPS Arts \u00e9nerg\u00e9tiques chinois pour \u00eatre professeur de Qi Gong<\/title>\n<meta name=\"description\" content=\"Le DEJEPS Arts \u00e9nerg\u00e9tiques chinois est un dipl\u00f4me pour exercer en tant que coach sportif et proposer des cours de Qi Gong et Daoyin Fa.\" \/>\n<meta name=\"robots\" content=\"index, follow, max-snippet:-1, max-image-preview:large, max-video-preview:-1\" \/>\n<link rel=\"canonical\" href=\"https:\/\/www.coach-hunter.com\/content\/dejeps-arts-energetiques-chinois\/\" \/>\n<meta property=\"og:locale\" content=\"fr_FR\" \/>\n<meta property=\"og:type\" content=\"article\" \/>\n<meta property=\"og:title\" content=\"DEJEPS Arts \u00e9nerg\u00e9tiques chinois pour \u00eatre professeur de Qi Gong\" \/>\n<meta property=\"og:description\" content=\"Le DEJEPS Arts \u00e9nerg\u00e9tiques chinois est un dipl\u00f4me pour exercer en tant que coach sportif et proposer des cours de Qi Gong et Daoyin Fa.\" \/>\n<meta property=\"og:url\" content=\"https:\/\/www.coach-hunter.com\/content\/dejeps-arts-energetiques-chinois\/\" \/>\n<meta property=\"og:site_name\" content=\"Blog Coach Hunter\" \/>\n<meta property=\"article:modified_time\" content=\"2020-09-02T14:27:55+00:00\" \/>\n<meta name=\"twitter:card\" content=\"summary_large_image\" \/>\n<meta name=\"twitter:label1\" content=\"Dur\u00e9e de lecture estim\u00e9e\" \/>\n\t<meta name=\"twitter:data1\" content=\"2 minutes\" \/>\n<script type=\"application\/ld+json\" class=\"yoast-schema-graph\">{\"@context\":\"https:\/\/schema.org\",\"@graph\":[{\"@type\":\"WebPage\",\"@id\":\"https:\/\/www.coach-hunter.com\/content\/dejeps-arts-energetiques-chinois\/\",\"url\":\"https:\/\/www.coach-hunter.com\/content\/dejeps-arts-energetiques-chinois\/\",\"name\":\"DEJEPS Arts \u00e9nerg\u00e9tiques chinois pour \u00eatre professeur de Qi Gong\",\"isPartOf\":{\"@id\":\"https:\/\/www.coach-hunter.com\/content\/#website\"},\"datePublished\":\"2020-07-27T11:43:57+00:00\",\"dateModified\":\"2020-09-02T14:27:55+00:00\",\"description\":\"Le DEJEPS Arts \u00e9nerg\u00e9tiques chinois est un dipl\u00f4me pour exercer en tant que coach sportif et proposer des cours de Qi Gong et Daoyin Fa.\",\"breadcrumb\":{\"@id\":\"https:\/\/www.coach-hunter.com\/content\/dejeps-arts-energetiques-chinois\/#breadcrumb\"},\"inLanguage\":\"fr-FR\",\"potentialAction\":[{\"@type\":\"ReadAction\",\"target\":[\"https:\/\/www.coach-hunter.com\/content\/dejeps-arts-energetiques-chinois\/\"]}]},{\"@type\":\"BreadcrumbList\",\"@id\":\"https:\/\/www.coach-hunter.com\/content\/dejeps-arts-energetiques-chinois\/#breadcrumb\",\"itemListElement\":[{\"@type\":\"ListItem\",\"position\":1,\"name\":\"Accueil\",\"item\":\"https:\/\/www.coach-hunter.com\/content\/\"},{\"@type\":\"ListItem\",\"position\":2,\"name\":\"DEJEPS Arts \u00e9nerg\u00e9tiques chinois pour enseigner le Qi Gong\"}]},{\"@type\":\"WebSite\",\"@id\":\"https:\/\/www.coach-hunter.com\/content\/#website\",\"url\":\"https:\/\/www.coach-hunter.com\/content\/\",\"name\":\"Blog Coach Hunter\",\"description\":\"\",\"potentialAction\":[{\"@type\":\"SearchAction\",\"target\":{\"@type\":\"EntryPoint\",\"urlTemplate\":\"https:\/\/www.coach-hunter.com\/content\/?s={search_term_string}\"},\"query-input\":{\"@type\":\"PropertyValueSpecification\",\"valueRequired\":true,\"valueName\":\"search_term_string\"}}],\"inLanguage\":\"fr-FR\"}]}<\/script>\n<!-- \/ Yoast SEO plugin. -->","yoast_head_json":{"title":"DEJEPS Arts \u00e9nerg\u00e9tiques chinois pour \u00eatre professeur de Qi Gong","description":"Le DEJEPS Arts \u00e9nerg\u00e9tiques chinois est un dipl\u00f4me pour exercer en tant que coach sportif et proposer des cours de Qi Gong et Daoyin Fa.","robots":{"index":"index","follow":"follow","max-snippet":"max-snippet:-1","max-image-preview":"max-image-preview:large","max-video-preview":"max-video-preview:-1"},"canonical":"https:\/\/www.coach-hunter.com\/content\/dejeps-arts-energetiques-chinois\/","og_locale":"fr_FR","og_type":"article","og_title":"DEJEPS Arts \u00e9nerg\u00e9tiques chinois pour \u00eatre professeur de Qi Gong","og_description":"Le DEJEPS Arts \u00e9nerg\u00e9tiques chinois est un dipl\u00f4me pour exercer en tant que coach sportif et proposer des cours de Qi Gong et Daoyin Fa.","og_url":"https:\/\/www.coach-hunter.com\/content\/dejeps-arts-energetiques-chinois\/","og_site_name":"Blog Coach Hunter","article_modified_time":"2020-09-02T14:27:55+00:00","twitter_card":"summary_large_image","twitter_misc":{"Dur\u00e9e de lecture estim\u00e9e":"2 minutes"},"schema":{"@context":"https:\/\/schema.org","@graph":[{"@type":"WebPage","@id":"https:\/\/www.coach-hunter.com\/content\/dejeps-arts-energetiques-chinois\/","url":"https:\/\/www.coach-hunter.com\/content\/dejeps-arts-energetiques-chinois\/","name":"DEJEPS Arts \u00e9nerg\u00e9tiques chinois pour \u00eatre professeur de Qi Gong","isPartOf":{"@id":"https:\/\/www.coach-hunter.com\/content\/#website"},"datePublished":"2020-07-27T11:43:57+00:00","dateModified":"2020-09-02T14:27:55+00:00","description":"Le DEJEPS Arts \u00e9nerg\u00e9tiques chinois est un dipl\u00f4me pour exercer en tant que coach sportif et proposer des cours de Qi Gong et Daoyin Fa.","breadcrumb":{"@id":"https:\/\/www.coach-hunter.com\/content\/dejeps-arts-energetiques-chinois\/#breadcrumb"},"inLanguage":"fr-FR","potentialAction":[{"@type":"ReadAction","target":["https:\/\/www.coach-hunter.com\/content\/dejeps-arts-energetiques-chinois\/"]}]},{"@type":"BreadcrumbList","@id":"https:\/\/www.coach-hunter.com\/content\/dejeps-arts-energetiques-chinois\/#breadcrumb","itemListElement":[{"@type":"ListItem","position":1,"name":"Accueil","item":"https:\/\/www.coach-hunter.com\/content\/"},{"@type":"ListItem","position":2,"name":"DEJEPS Arts \u00e9nerg\u00e9tiques chinois pour enseigner le Qi Gong"}]},{"@type":"WebSite","@id":"https:\/\/www.coach-hunter.com\/content\/#website","url":"https:\/\/www.coach-hunter.com\/content\/","name":"Blog Coach Hunter","description":"","potentialAction":[{"@type":"SearchAction","target":{"@type":"EntryPoint","urlTemplate":"https:\/\/www.coach-hunter.com\/content\/?s={search_term_string}"},"query-input":{"@type":"PropertyValueSpecification","valueRequired":true,"valueName":"search_term_string"}}],"inLanguage":"fr-FR"}]}},"_links":{"self":[{"href":"https:\/\/www.coach-hunter.com\/content\/wp-json\/wp\/v2\/pages\/1137","targetHints":{"allow":["GET"]}}],"collection":[{"href":"https:\/\/www.coach-hunter.com\/content\/wp-json\/wp\/v2\/pages"}],"about":[{"href":"https:\/\/www.coach-hunter.com\/content\/wp-json\/wp\/v2\/types\/page"}],"author":[{"embeddable":true,"href":"https:\/\/www.coach-hunter.com\/content\/wp-json\/wp\/v2\/users\/5"}],"replies":[{"embeddable":true,"href":"https:\/\/www.coach-hunter.com\/content\/wp-json\/wp\/v2\/comments?post=1137"}],"version-history":[{"count":10,"href":"https:\/\/www.coach-hunter.com\/content\/wp-json\/wp\/v2\/pages\/1137\/revisions"}],"predecessor-version":[{"id":1455,"href":"https:\/\/www.coach-hunter.com\/content\/wp-json\/wp\/v2\/pages\/1137\/revisions\/1455"}],"wp:attachment":[{"href":"https:\/\/www.coach-hunter.com\/content\/wp-json\/wp\/v2\/media?parent=1137"}],"curies":[{"name":"wp","href":"https:\/\/api.w.org\/{rel}","templated":true}]}}