{"id":1133,"date":"2020-07-24T12:20:49","date_gmt":"2020-07-24T12:20:49","guid":{"rendered":"https:\/\/www.coach-hunter.com\/content\/?page_id=1133"},"modified":"2020-09-02T13:59:19","modified_gmt":"2020-09-02T13:59:19","slug":"dejeps-aikido-aikibudo-et-disciplines-associees","status":"publish","type":"page","link":"https:\/\/www.coach-hunter.com\/content\/dejeps-aikido-aikibudo-et-disciplines-associees\/","title":{"rendered":"D\u00e9tails du DEJEPS A\u00efkido a\u00efkibudo et disciplines associ\u00e9es"},"content":{"rendered":"\n<p>Les <strong>dipl\u00f4mes d&rsquo; Etat de la jeunesse, de l\u2019 \u00e9ducation populaire et du sport<\/strong> sont des formations permettant de devenir entra\u00eeneur sportif dans une mention donn\u00e9e. La mention A\u00efkido appartient aux <a class=\"callAction\" href=\"https:\/\/www.coach-hunter.com\/content\/dejeps-sports-de-combat\/\">DEJEPS Sports de combat<\/a>.<br>Les d\u00e9tenteurs du <strong>DEJEPS A\u00efkido a\u00efkibudo et disciplines associ\u00e9es<\/strong> pourront devenir <strong>professeur d&rsquo;a\u00efkido<\/strong> afin d&rsquo;enseigner et d&rsquo;animer cette pratique sportive.<\/p>\n\n\n\n<div class=\"wp-block-image\"><figure class=\"aligncenter size-large\"><img loading=\"lazy\" decoding=\"async\" width=\"626\" height=\"417\" src=\"https:\/\/www.coach-hunter.com\/content\/wp-content\/uploads\/2020\/07\/DEJEPS-A\u00efkido-a\u00efkibudo-et-disciplines-associ\u00e9es-Copie.jpg\" alt=\"DEJEPS A\u00efkido a\u00efkibudo et disciplines associ\u00e9es\" class=\"wp-image-1134\" srcset=\"https:\/\/www.coach-hunter.com\/content\/wp-content\/uploads\/2020\/07\/DEJEPS-A\u00efkido-a\u00efkibudo-et-disciplines-associ\u00e9es-Copie.jpg 626w, https:\/\/www.coach-hunter.com\/content\/wp-content\/uploads\/2020\/07\/DEJEPS-A\u00efkido-a\u00efkibudo-et-disciplines-associ\u00e9es-Copie-300x200.jpg 300w\" sizes=\"auto, (max-width: 626px) 85vw, 626px\" \/><\/figure><\/div>\n\n\n\n<div class='flexo'><div class=\"lames2\">\n\n\n\n<h2 class=\"wp-block-heading\">Les objectifs du&nbsp;DEJEPS sp\u00e9cialit\u00e9 perfectionnement sportif mention A\u00efkido <\/h2>\n\n\n\n<p>Le <strong>DEJEPS mention A\u00efkido<\/strong> offre une formation compl\u00e8te. Les professionnels<strong> <\/strong>dipl\u00f4m\u00e9s seront capables de <strong>conduire une d\u00e9marche de perfectionnement sportif<\/strong> dans toute discipline associ\u00e9e \u00e0 l&rsquo;a\u00efkido. On parle donc ici de l&rsquo;<strong>a\u00efkibudo<\/strong> et du <strong>kobudo <\/strong>\u00e9galement (<a href=\"https:\/\/www.youtube.com\/watch?v=evgPbdbPI6U\" target=\"_blank\" rel=\"noreferrer noopener\">en savoir plus<\/a>). Dans les clubs sportifs, il assumera des fonctions p\u00e9dagogiques afin d&rsquo;enseigner \u00e0 un public jeune les bases de ces sports. Il proposera alors des <strong>cours d&rsquo;initiation<\/strong> adapt\u00e9s, avec un apprentissage des <strong>r\u00e8gles de s\u00e9curit\u00e9<\/strong>.<\/p>\n\n\n\n<p>Le <strong>DEJEPS A\u00efkido, A\u00efkibudo et disciplines associ\u00e9es<\/strong> permet aussi d&rsquo;accompagner un <strong>public comp\u00e9titeur de niveau r\u00e9gional ou national<\/strong>. Le d\u00e9tenteur du dipl\u00f4me devra alors construire un <strong>programme sportif<\/strong> leur permettant d&rsquo;atteindre leurs <strong>objectifs<\/strong>. Comme tout cadre technique sportif, le <strong>titulaire du DEJEPS A\u00efkido<\/strong> devra aussi participer au fonctionnement de la structure et \u00e0 l&rsquo;<strong>entretien du mat\u00e9riel<\/strong>. <\/p>\n\n\n\n<\/div><div class=\"lames2\">\n\n\n\n<h2 class=\"wp-block-heading\">Quel parcours pour obtenir le DEJEPS sp\u00e9cialit\u00e9 A\u00efkido a\u00efkibudo et disciplines associ\u00e9es ?<\/h2>\n\n\n\n<p>Tout dipl\u00f4m\u00e9 du <strong>DEJEPS A\u00efkido, A\u00efkibudo<\/strong> devra \u00eatre en mesure de proposer des programmes de perfectionnement sportif et de coordonner leurs mises en oeuvre. Le dipl\u00f4m\u00e9 est un cadre sportif, p\u00e9dagogique et technique qui occupe plusieurs fonctions. Il est un professionnel de l&rsquo;entrainement sportif capable de s&rsquo;adapter \u00e0 son public.<\/p>\n\n\n\n<p>Les responsables de formation ont d\u00e9termin\u00e9 plusieurs <strong>exigences pr\u00e9alables<\/strong> pour <strong>candidater au DEJEPS A\u00efkido<\/strong>. En premier lieu, le candidat devra \u00eatre titulaire du <strong>BEES 1er degr\u00e9<\/strong> ou du <strong>BE moniteur d&rsquo;a\u00efkido associ\u00e9 au 2e dan<\/strong>. L&rsquo;autre condition concerne l&rsquo;<strong>exp\u00e9rience professionnelle<\/strong> du candidat. En effet, il lui faudra avoir r\u00e9alis\u00e9 350 heures d&rsquo;<strong>encadrement en A\u00efkido ou discipline associ\u00e9e<\/strong> durant les 5 ann\u00e9es pr\u00e9c\u00e9dent la candidature.<\/p>\n\n\n\n<p><strong>Accessibilit\u00e9<\/strong> : Il faut \u00eatre titulaire du PSC1 ou d\u2019un dipl\u00f4me \u00e9quivalent.<br><strong>Dur\u00e9e de formation<\/strong>&nbsp;:&nbsp;1200 heures dont : 700 heures en centre de formation, 500 heures en structure sportive<br><strong>Co\u00fbt de la formation<\/strong>&nbsp;:&nbsp;9 000 \u20ac environ<\/p>\n\n\n\n<\/div><\/div>\n\n\n\n<h2 class=\"wp-block-heading\">D\u2019autres DEJEPS Sports de combat :<\/h2>\n\n\n\n<ul class=\"wp-block-list\"><li><a href=\"https:\/\/www.coach-hunter.com\/content\/dejeps-arts-martiaux-chinois\/\">DEJEPS Arts martiaux chinois<\/a><\/li><li><a href=\"https:\/\/www.coach-hunter.com\/content\/dejeps-boxe\/\">DEJEPS Boxe<\/a><\/li><li><a href=\"https:\/\/www.coach-hunter.com\/content\/dejeps-boxe-thai-muay-thai\/\">DEJEPS Boxe tha\u00ef \u2013 muay tha\u00ef<\/a><\/li><li><a href=\"https:\/\/www.coach-hunter.com\/content\/dejeps-full-contact-boxe-americaine\/\">DEJEPS Full contact \u2013 Boxe am\u00e9ricaine<\/a><\/li><li><a href=\"https:\/\/www.coach-hunter.com\/content\/dejeps-judo-jujitsu\/\">DEJEPS Judo \u2013 Jujitsu<\/a><\/li><li><a href=\"https:\/\/www.coach-hunter.com\/content\/dejeps-karate-et-disciplines-associees\/\">DEJEPS Karat\u00e9 et disciplines associ\u00e9es<\/a><\/li><li><a href=\"https:\/\/www.coach-hunter.com\/content\/dejeps-kick-boxing\/\">DEJEPS Kick \u2013 boxing<\/a><\/li><li><a href=\"https:\/\/www.coach-hunter.com\/content\/dejeps-lutte-et-disciplines-associees\/\">DEJEPS Lutte et disciplines associ\u00e9es<\/a><\/li><li><a href=\"https:\/\/www.coach-hunter.com\/content\/dejeps-savate-boxe-francaise\/\">DEJEPS Savate Boxe Fran\u00e7aise<\/a><\/li><li><a href=\"https:\/\/www.coach-hunter.com\/content\/dejeps-taekwondo-et-disciplines-associees\/\">DEJEPS Taekwondo et disciplines associ\u00e9es<\/a><\/li><\/ul>\n","protected":false},"excerpt":{"rendered":"<p>Les dipl\u00f4mes d&rsquo; Etat de la jeunesse, de l\u2019 \u00e9ducation populaire et du sport sont des formations permettant de devenir entra\u00eeneur sportif dans une mention donn\u00e9e. La mention A\u00efkido appartient aux DEJEPS Sports de combat.Les d\u00e9tenteurs du DEJEPS A\u00efkido a\u00efkibudo et disciplines associ\u00e9es pourront devenir professeur d&rsquo;a\u00efkido afin d&rsquo;enseigner et d&rsquo;animer cette pratique sportive. Les &hellip; <a href=\"https:\/\/www.coach-hunter.com\/content\/dejeps-aikido-aikibudo-et-disciplines-associees\/\" class=\"more-link\">Continuer la lecture<span class=\"screen-reader-text\"> de &laquo;&nbsp;D\u00e9tails du DEJEPS A\u00efkido a\u00efkibudo et disciplines associ\u00e9es&nbsp;&raquo;<\/span><\/a><\/p>\n","protected":false},"author":5,"featured_media":0,"parent":0,"menu_order":0,"comment_status":"closed","ping_status":"closed","template":"","meta":{"footnotes":""},"class_list":["post-1133","page","type-page","status-publish","hentry"],"yoast_head":"<!-- This site is optimized with the Yoast SEO plugin v27.6 - https:\/\/yoast.com\/product\/yoast-seo-wordpress\/ -->\n<title>DEJEPS A\u00efkido a\u00efkibudo et disciplines associ\u00e9es pour \u00eatre coach sportif<\/title>\n<meta name=\"description\" content=\"Le DEJEPS A\u00efkido, a\u00efkibudo et disciplines associ\u00e9es est un dipl\u00f4me permettant d&#039;enseigner ces activit\u00e9s physiques en tant que professeur de sport.\" \/>\n<meta name=\"robots\" content=\"index, follow, max-snippet:-1, max-image-preview:large, max-video-preview:-1\" \/>\n<link rel=\"canonical\" href=\"https:\/\/www.coach-hunter.com\/content\/dejeps-aikido-aikibudo-et-disciplines-associees\/\" \/>\n<meta property=\"og:locale\" content=\"fr_FR\" \/>\n<meta property=\"og:type\" content=\"article\" \/>\n<meta property=\"og:title\" content=\"DEJEPS A\u00efkido a\u00efkibudo et disciplines associ\u00e9es pour \u00eatre coach sportif\" \/>\n<meta property=\"og:description\" content=\"Le DEJEPS A\u00efkido, a\u00efkibudo et disciplines associ\u00e9es est un dipl\u00f4me permettant d&#039;enseigner ces activit\u00e9s physiques en tant que professeur de sport.\" \/>\n<meta property=\"og:url\" content=\"https:\/\/www.coach-hunter.com\/content\/dejeps-aikido-aikibudo-et-disciplines-associees\/\" \/>\n<meta property=\"og:site_name\" content=\"Blog Coach Hunter\" \/>\n<meta property=\"article:modified_time\" content=\"2020-09-02T13:59:19+00:00\" \/>\n<meta name=\"twitter:card\" content=\"summary_large_image\" \/>\n<meta name=\"twitter:label1\" content=\"Dur\u00e9e de lecture estim\u00e9e\" \/>\n\t<meta name=\"twitter:data1\" content=\"2 minutes\" \/>\n<script type=\"application\/ld+json\" class=\"yoast-schema-graph\">{\"@context\":\"https:\\\/\\\/schema.org\",\"@graph\":[{\"@type\":\"WebPage\",\"@id\":\"https:\\\/\\\/www.coach-hunter.com\\\/content\\\/dejeps-aikido-aikibudo-et-disciplines-associees\\\/\",\"url\":\"https:\\\/\\\/www.coach-hunter.com\\\/content\\\/dejeps-aikido-aikibudo-et-disciplines-associees\\\/\",\"name\":\"DEJEPS A\u00efkido a\u00efkibudo et disciplines associ\u00e9es pour \u00eatre coach sportif\",\"isPartOf\":{\"@id\":\"https:\\\/\\\/www.coach-hunter.com\\\/content\\\/#website\"},\"datePublished\":\"2020-07-24T12:20:49+00:00\",\"dateModified\":\"2020-09-02T13:59:19+00:00\",\"description\":\"Le DEJEPS A\u00efkido, a\u00efkibudo et disciplines associ\u00e9es est un dipl\u00f4me permettant d'enseigner ces activit\u00e9s physiques en tant que professeur de sport.\",\"breadcrumb\":{\"@id\":\"https:\\\/\\\/www.coach-hunter.com\\\/content\\\/dejeps-aikido-aikibudo-et-disciplines-associees\\\/#breadcrumb\"},\"inLanguage\":\"fr-FR\",\"potentialAction\":[{\"@type\":\"ReadAction\",\"target\":[\"https:\\\/\\\/www.coach-hunter.com\\\/content\\\/dejeps-aikido-aikibudo-et-disciplines-associees\\\/\"]}]},{\"@type\":\"BreadcrumbList\",\"@id\":\"https:\\\/\\\/www.coach-hunter.com\\\/content\\\/dejeps-aikido-aikibudo-et-disciplines-associees\\\/#breadcrumb\",\"itemListElement\":[{\"@type\":\"ListItem\",\"position\":1,\"name\":\"Accueil\",\"item\":\"https:\\\/\\\/www.coach-hunter.com\\\/content\\\/\"},{\"@type\":\"ListItem\",\"position\":2,\"name\":\"D\u00e9tails du DEJEPS A\u00efkido a\u00efkibudo et disciplines associ\u00e9es\"}]},{\"@type\":\"WebSite\",\"@id\":\"https:\\\/\\\/www.coach-hunter.com\\\/content\\\/#website\",\"url\":\"https:\\\/\\\/www.coach-hunter.com\\\/content\\\/\",\"name\":\"Blog Coach Hunter\",\"description\":\"\",\"potentialAction\":[{\"@type\":\"SearchAction\",\"target\":{\"@type\":\"EntryPoint\",\"urlTemplate\":\"https:\\\/\\\/www.coach-hunter.com\\\/content\\\/?s={search_term_string}\"},\"query-input\":{\"@type\":\"PropertyValueSpecification\",\"valueRequired\":true,\"valueName\":\"search_term_string\"}}],\"inLanguage\":\"fr-FR\"}]}<\/script>\n<!-- \/ Yoast SEO plugin. -->","yoast_head_json":{"title":"DEJEPS A\u00efkido a\u00efkibudo et disciplines associ\u00e9es pour \u00eatre coach sportif","description":"Le DEJEPS A\u00efkido, a\u00efkibudo et disciplines associ\u00e9es est un dipl\u00f4me permettant d'enseigner ces activit\u00e9s physiques en tant que professeur de sport.","robots":{"index":"index","follow":"follow","max-snippet":"max-snippet:-1","max-image-preview":"max-image-preview:large","max-video-preview":"max-video-preview:-1"},"canonical":"https:\/\/www.coach-hunter.com\/content\/dejeps-aikido-aikibudo-et-disciplines-associees\/","og_locale":"fr_FR","og_type":"article","og_title":"DEJEPS A\u00efkido a\u00efkibudo et disciplines associ\u00e9es pour \u00eatre coach sportif","og_description":"Le DEJEPS A\u00efkido, a\u00efkibudo et disciplines associ\u00e9es est un dipl\u00f4me permettant d'enseigner ces activit\u00e9s physiques en tant que professeur de sport.","og_url":"https:\/\/www.coach-hunter.com\/content\/dejeps-aikido-aikibudo-et-disciplines-associees\/","og_site_name":"Blog Coach Hunter","article_modified_time":"2020-09-02T13:59:19+00:00","twitter_card":"summary_large_image","twitter_misc":{"Dur\u00e9e de lecture estim\u00e9e":"2 minutes"},"schema":{"@context":"https:\/\/schema.org","@graph":[{"@type":"WebPage","@id":"https:\/\/www.coach-hunter.com\/content\/dejeps-aikido-aikibudo-et-disciplines-associees\/","url":"https:\/\/www.coach-hunter.com\/content\/dejeps-aikido-aikibudo-et-disciplines-associees\/","name":"DEJEPS A\u00efkido a\u00efkibudo et disciplines associ\u00e9es pour \u00eatre coach sportif","isPartOf":{"@id":"https:\/\/www.coach-hunter.com\/content\/#website"},"datePublished":"2020-07-24T12:20:49+00:00","dateModified":"2020-09-02T13:59:19+00:00","description":"Le DEJEPS A\u00efkido, a\u00efkibudo et disciplines associ\u00e9es est un dipl\u00f4me permettant d'enseigner ces activit\u00e9s physiques en tant que professeur de sport.","breadcrumb":{"@id":"https:\/\/www.coach-hunter.com\/content\/dejeps-aikido-aikibudo-et-disciplines-associees\/#breadcrumb"},"inLanguage":"fr-FR","potentialAction":[{"@type":"ReadAction","target":["https:\/\/www.coach-hunter.com\/content\/dejeps-aikido-aikibudo-et-disciplines-associees\/"]}]},{"@type":"BreadcrumbList","@id":"https:\/\/www.coach-hunter.com\/content\/dejeps-aikido-aikibudo-et-disciplines-associees\/#breadcrumb","itemListElement":[{"@type":"ListItem","position":1,"name":"Accueil","item":"https:\/\/www.coach-hunter.com\/content\/"},{"@type":"ListItem","position":2,"name":"D\u00e9tails du DEJEPS A\u00efkido a\u00efkibudo et disciplines associ\u00e9es"}]},{"@type":"WebSite","@id":"https:\/\/www.coach-hunter.com\/content\/#website","url":"https:\/\/www.coach-hunter.com\/content\/","name":"Blog Coach Hunter","description":"","potentialAction":[{"@type":"SearchAction","target":{"@type":"EntryPoint","urlTemplate":"https:\/\/www.coach-hunter.com\/content\/?s={search_term_string}"},"query-input":{"@type":"PropertyValueSpecification","valueRequired":true,"valueName":"search_term_string"}}],"inLanguage":"fr-FR"}]}},"_links":{"self":[{"href":"https:\/\/www.coach-hunter.com\/content\/wp-json\/wp\/v2\/pages\/1133","targetHints":{"allow":["GET"]}}],"collection":[{"href":"https:\/\/www.coach-hunter.com\/content\/wp-json\/wp\/v2\/pages"}],"about":[{"href":"https:\/\/www.coach-hunter.com\/content\/wp-json\/wp\/v2\/types\/page"}],"author":[{"embeddable":true,"href":"https:\/\/www.coach-hunter.com\/content\/wp-json\/wp\/v2\/users\/5"}],"replies":[{"embeddable":true,"href":"https:\/\/www.coach-hunter.com\/content\/wp-json\/wp\/v2\/comments?post=1133"}],"version-history":[{"count":13,"href":"https:\/\/www.coach-hunter.com\/content\/wp-json\/wp\/v2\/pages\/1133\/revisions"}],"predecessor-version":[{"id":1438,"href":"https:\/\/www.coach-hunter.com\/content\/wp-json\/wp\/v2\/pages\/1133\/revisions\/1438"}],"wp:attachment":[{"href":"https:\/\/www.coach-hunter.com\/content\/wp-json\/wp\/v2\/media?parent=1133"}],"curies":[{"name":"wp","href":"https:\/\/api.w.org\/{rel}","templated":true}]}}