{"id":1079,"date":"2020-08-17T13:16:40","date_gmt":"2020-08-17T13:16:40","guid":{"rendered":"https:\/\/www.coach-hunter.com\/content\/?page_id=1079"},"modified":"2020-09-07T13:30:02","modified_gmt":"2020-09-07T13:30:02","slug":"dejeps-golf","status":"publish","type":"page","link":"https:\/\/www.coach-hunter.com\/content\/dejeps-golf\/","title":{"rendered":"Le DEJEPS Golf pour les coachs sportifs adeptes du Green !"},"content":{"rendered":"\n<p>Le <strong>dipl\u00f4me d&rsquo; Etat de la jeunesse, de l\u2019 \u00e9ducation populaire et du sport<\/strong> est une formation permettant de devenir <strong>professeur de sport<\/strong> pour des particuliers ou des structures golfiques priv\u00e9es. Le golf est une <a class=\"callAction\" href=\"https:\/\/www.coach-hunter.com\/content\/dejeps-autre-mention\/\">autre mention du DEJEPS<\/a>. Les d\u00e9tenteurs du <strong>DEJEPS Golf<\/strong> pourront devenir <strong>entra\u00eeneur sportif<\/strong> pour enseigner et encadrer la pratique du golf.<\/p>\n\n\n\n<div class=\"wp-block-image\"><figure class=\"aligncenter size-large\"><img loading=\"lazy\" decoding=\"async\" width=\"626\" height=\"417\" src=\"https:\/\/www.coach-hunter.com\/content\/wp-content\/uploads\/2020\/07\/DEJEPS-golf.jpg\" alt=\"DEJEPS Golf\" class=\"wp-image-1081\" srcset=\"https:\/\/www.coach-hunter.com\/content\/wp-content\/uploads\/2020\/07\/DEJEPS-golf.jpg 626w, https:\/\/www.coach-hunter.com\/content\/wp-content\/uploads\/2020\/07\/DEJEPS-golf-300x200.jpg 300w\" sizes=\"auto, (max-width: 626px) 85vw, 626px\" \/><\/figure><\/div>\n\n\n\n<div class='flexo'><div class=\"lames2\">\n\n\n\n<h2 class=\"wp-block-heading\">Les objectifs du&nbsp;DEJEPS sp\u00e9cialit\u00e9 perfectionnement sportif mention Golf<\/h2>\n\n\n\n<p>Le <strong>DEJEPS mention Golf<\/strong> forme des professionnels<strong> <\/strong>capables de concevoir des programmes de perfectionnement sportif en golf. Il devra adapter ses entra\u00eenements aux objectifs et au niveau de ses \u00e9l\u00e8ves. Dans les \u00e9coles de golf, il assurera des fonctions p\u00e9dagogiques aupr\u00e8s d&rsquo;un public jeune. Il devra proposer des cours d&rsquo;initiation et une progression adapt\u00e9e selon leur \u00e2ge et aptitudes.<\/p>\n\n\n\n<p>Le DEJEPS Golf permet aussi d&rsquo;encadrer la pratique sportive d&rsquo;un public comp\u00e9titeur. Dans certaines structures priv\u00e9es, le d\u00e9tenteur du dipl\u00f4me pourra superviser la pr\u00e9paration physique des golfeurs professionnels. Les jours de comp\u00e9tition, il les conseillera au mieux pour leur permettre de se d\u00e9passer.<\/p>\n\n\n\n<p>Enfin, le dipl\u00f4m\u00e9 aura pour mission la gestion du mat\u00e9riel et le management de la structure dans laquelle il travaille.<\/p>\n\n\n\n<\/div><div class=\"lames2\">\n\n\n\n<h2 class=\"wp-block-heading\">Quel parcours pour obtenir le DEJEPS sp\u00e9cialit\u00e9 Golf ?<\/h2>\n\n\n\n<p>Le titulaire du <strong>DEJEPS Golf<\/strong> devra conduire les projets de perfectionnement sportif dans le cadre d&rsquo;associations sportives affili\u00e9es \u00e0 la F\u00e9d\u00e9ration Fran\u00e7aise de Golf, de clubs affili\u00e9s \u00e0 la f\u00e9d\u00e9ration sportive ou d&rsquo;entreprises du secteur sportif professionnel. Il se positionne comme un professionnel de l&rsquo;optimisation des performances sportives.<\/p>\n\n\n\n<p>Pour \u00eatre accept\u00e9 dans cette formation, le candidat devra r\u00e9pondre \u00e0 des exigences pr\u00e9alables. Notamment, il devra fournir une attestation de niveau technique d\u00e9livr\u00e9e par le directeur technique national du golf (<a href=\"https:\/\/www.ffgolf.org\/Actus\/Federation\/DTN\" target=\"_blank\" rel=\"noreferrer noopener\">en savoir plus<\/a>). A l&rsquo;issue d&rsquo;un entretien de 45 minutes avec un responsable de la formation, le candidat saura si son dossier a \u00e9t\u00e9 retenu. secteur d&rsquo;activit\u00e9<\/p>\n\n\n\n<p><strong>Accessibilit\u00e9<\/strong> : Il faut \u00eatre titulaire du PSC1 ou d\u2019un dipl\u00f4me \u00e9quivalent.<br><strong>Dur\u00e9e de formation<\/strong>&nbsp;:&nbsp;1200 heures dont : 700 heures en centre de formation, 500 heures en structure sportive<br><strong>Co\u00fbt de la formation<\/strong>&nbsp;:&nbsp;9 000 \u20ac environ<\/p>\n\n\n\n<\/div><\/div>\n\n\n\n<h2 class=\"wp-block-heading\">D\u2019autres mentions du DEJEPS :<\/h2>\n\n\n\n<ul class=\"wp-block-list\"><li><a href=\"https:\/\/www.coach-hunter.com\/content\/dejeps-disciplines-gymniques-dexpression\/\">DEJEPS Disciplines gymniques d\u2019expression<\/a><\/li><li><a href=\"https:\/\/www.coach-hunter.com\/content\/dejeps-disciplines-gymniques-acrobatiques\/\">DEJEPS Disciplines gymniques acrobatiques<\/a><\/li><li><a href=\"https:\/\/www.coach-hunter.com\/content\/dejeps-escalade\/\">DEJEPS Escalade<\/a><\/li><li><a href=\"https:\/\/www.coach-hunter.com\/content\/dejeps-halterophilie-musculation-et-force-athletique\/\">DEJEPS Halt\u00e9rophilie musculation et force athl\u00e9tique<\/a><\/li><li><a href=\"https:\/\/www.coach-hunter.com\/content\/dejeps-tennis\/\">DEJEPS Tennis<\/a><\/li><li><a href=\"https:\/\/www.coach-hunter.com\/content\/dejeps-tennis-de-table\/\">DEJEPS Tennis de Table<\/a><\/li><\/ul>\n","protected":false},"excerpt":{"rendered":"<p>Le dipl\u00f4me d&rsquo; Etat de la jeunesse, de l\u2019 \u00e9ducation populaire et du sport est une formation permettant de devenir professeur de sport pour des particuliers ou des structures golfiques priv\u00e9es. Le golf est une autre mention du DEJEPS. Les d\u00e9tenteurs du DEJEPS Golf pourront devenir entra\u00eeneur sportif pour enseigner et encadrer la pratique du &hellip; <a href=\"https:\/\/www.coach-hunter.com\/content\/dejeps-golf\/\" class=\"more-link\">Continuer la lecture<span class=\"screen-reader-text\"> de &laquo;&nbsp;Le DEJEPS Golf pour les coachs sportifs adeptes du Green !&nbsp;&raquo;<\/span><\/a><\/p>\n","protected":false},"author":5,"featured_media":0,"parent":0,"menu_order":0,"comment_status":"closed","ping_status":"closed","template":"","meta":{"footnotes":""},"class_list":["post-1079","page","type-page","status-publish","hentry"],"yoast_head":"<!-- This site is optimized with the Yoast SEO plugin v25.9 - https:\/\/yoast.com\/wordpress\/plugins\/seo\/ -->\n<title>DEJEPS Golf : le dipl\u00f4me d&#039;Etat pour devenir un coach sportif sp\u00e9cialis\u00e9<\/title>\n<meta name=\"description\" content=\"Le DEJEPS Golf est le dipl\u00f4me d&#039;Etat de r\u00e9f\u00e9rence pour tous les professeurs de sport sp\u00e9cialis\u00e9s dans la pratique du golf.\" \/>\n<meta name=\"robots\" content=\"index, follow, max-snippet:-1, max-image-preview:large, max-video-preview:-1\" \/>\n<link rel=\"canonical\" href=\"https:\/\/www.coach-hunter.com\/content\/dejeps-golf\/\" \/>\n<meta property=\"og:locale\" content=\"fr_FR\" \/>\n<meta property=\"og:type\" content=\"article\" \/>\n<meta property=\"og:title\" content=\"DEJEPS Golf : le dipl\u00f4me d&#039;Etat pour devenir un coach sportif sp\u00e9cialis\u00e9\" \/>\n<meta property=\"og:description\" content=\"Le DEJEPS Golf est le dipl\u00f4me d&#039;Etat de r\u00e9f\u00e9rence pour tous les professeurs de sport sp\u00e9cialis\u00e9s dans la pratique du golf.\" \/>\n<meta property=\"og:url\" content=\"https:\/\/www.coach-hunter.com\/content\/dejeps-golf\/\" \/>\n<meta property=\"og:site_name\" content=\"Blog Coach Hunter\" \/>\n<meta property=\"article:modified_time\" content=\"2020-09-07T13:30:02+00:00\" \/>\n<meta property=\"og:image\" content=\"https:\/\/www.coach-hunter.com\/content\/wp-content\/uploads\/2020\/07\/DEJEPS-golf.jpg\" \/>\n\t<meta property=\"og:image:width\" content=\"626\" \/>\n\t<meta property=\"og:image:height\" content=\"417\" \/>\n\t<meta property=\"og:image:type\" content=\"image\/jpeg\" \/>\n<meta name=\"twitter:card\" content=\"summary_large_image\" \/>\n<meta name=\"twitter:label1\" content=\"Dur\u00e9e de lecture estim\u00e9e\" \/>\n\t<meta name=\"twitter:data1\" content=\"2 minutes\" \/>\n<script type=\"application\/ld+json\" class=\"yoast-schema-graph\">{\"@context\":\"https:\/\/schema.org\",\"@graph\":[{\"@type\":\"WebPage\",\"@id\":\"https:\/\/www.coach-hunter.com\/content\/dejeps-golf\/\",\"url\":\"https:\/\/www.coach-hunter.com\/content\/dejeps-golf\/\",\"name\":\"DEJEPS Golf : le dipl\u00f4me d'Etat pour devenir un coach sportif sp\u00e9cialis\u00e9\",\"isPartOf\":{\"@id\":\"https:\/\/www.coach-hunter.com\/content\/#website\"},\"primaryImageOfPage\":{\"@id\":\"https:\/\/www.coach-hunter.com\/content\/dejeps-golf\/#primaryimage\"},\"image\":{\"@id\":\"https:\/\/www.coach-hunter.com\/content\/dejeps-golf\/#primaryimage\"},\"thumbnailUrl\":\"https:\/\/www.coach-hunter.com\/content\/wp-content\/uploads\/2020\/07\/DEJEPS-golf.jpg\",\"datePublished\":\"2020-08-17T13:16:40+00:00\",\"dateModified\":\"2020-09-07T13:30:02+00:00\",\"description\":\"Le DEJEPS Golf est le dipl\u00f4me d'Etat de r\u00e9f\u00e9rence pour tous les professeurs de sport sp\u00e9cialis\u00e9s dans la pratique du golf.\",\"breadcrumb\":{\"@id\":\"https:\/\/www.coach-hunter.com\/content\/dejeps-golf\/#breadcrumb\"},\"inLanguage\":\"fr-FR\",\"potentialAction\":[{\"@type\":\"ReadAction\",\"target\":[\"https:\/\/www.coach-hunter.com\/content\/dejeps-golf\/\"]}]},{\"@type\":\"ImageObject\",\"inLanguage\":\"fr-FR\",\"@id\":\"https:\/\/www.coach-hunter.com\/content\/dejeps-golf\/#primaryimage\",\"url\":\"https:\/\/www.coach-hunter.com\/content\/wp-content\/uploads\/2020\/07\/DEJEPS-golf.jpg\",\"contentUrl\":\"https:\/\/www.coach-hunter.com\/content\/wp-content\/uploads\/2020\/07\/DEJEPS-golf.jpg\",\"width\":626,\"height\":417},{\"@type\":\"BreadcrumbList\",\"@id\":\"https:\/\/www.coach-hunter.com\/content\/dejeps-golf\/#breadcrumb\",\"itemListElement\":[{\"@type\":\"ListItem\",\"position\":1,\"name\":\"Accueil\",\"item\":\"https:\/\/www.coach-hunter.com\/content\/\"},{\"@type\":\"ListItem\",\"position\":2,\"name\":\"Le DEJEPS Golf pour les coachs sportifs adeptes du Green !\"}]},{\"@type\":\"WebSite\",\"@id\":\"https:\/\/www.coach-hunter.com\/content\/#website\",\"url\":\"https:\/\/www.coach-hunter.com\/content\/\",\"name\":\"Blog Coach Hunter\",\"description\":\"\",\"potentialAction\":[{\"@type\":\"SearchAction\",\"target\":{\"@type\":\"EntryPoint\",\"urlTemplate\":\"https:\/\/www.coach-hunter.com\/content\/?s={search_term_string}\"},\"query-input\":{\"@type\":\"PropertyValueSpecification\",\"valueRequired\":true,\"valueName\":\"search_term_string\"}}],\"inLanguage\":\"fr-FR\"}]}<\/script>\n<!-- \/ Yoast SEO plugin. -->","yoast_head_json":{"title":"DEJEPS Golf : le dipl\u00f4me d'Etat pour devenir un coach sportif sp\u00e9cialis\u00e9","description":"Le DEJEPS Golf est le dipl\u00f4me d'Etat de r\u00e9f\u00e9rence pour tous les professeurs de sport sp\u00e9cialis\u00e9s dans la pratique du golf.","robots":{"index":"index","follow":"follow","max-snippet":"max-snippet:-1","max-image-preview":"max-image-preview:large","max-video-preview":"max-video-preview:-1"},"canonical":"https:\/\/www.coach-hunter.com\/content\/dejeps-golf\/","og_locale":"fr_FR","og_type":"article","og_title":"DEJEPS Golf : le dipl\u00f4me d'Etat pour devenir un coach sportif sp\u00e9cialis\u00e9","og_description":"Le DEJEPS Golf est le dipl\u00f4me d'Etat de r\u00e9f\u00e9rence pour tous les professeurs de sport sp\u00e9cialis\u00e9s dans la pratique du golf.","og_url":"https:\/\/www.coach-hunter.com\/content\/dejeps-golf\/","og_site_name":"Blog Coach Hunter","article_modified_time":"2020-09-07T13:30:02+00:00","og_image":[{"width":626,"height":417,"url":"https:\/\/www.coach-hunter.com\/content\/wp-content\/uploads\/2020\/07\/DEJEPS-golf.jpg","type":"image\/jpeg"}],"twitter_card":"summary_large_image","twitter_misc":{"Dur\u00e9e de lecture estim\u00e9e":"2 minutes"},"schema":{"@context":"https:\/\/schema.org","@graph":[{"@type":"WebPage","@id":"https:\/\/www.coach-hunter.com\/content\/dejeps-golf\/","url":"https:\/\/www.coach-hunter.com\/content\/dejeps-golf\/","name":"DEJEPS Golf : le dipl\u00f4me d'Etat pour devenir un coach sportif sp\u00e9cialis\u00e9","isPartOf":{"@id":"https:\/\/www.coach-hunter.com\/content\/#website"},"primaryImageOfPage":{"@id":"https:\/\/www.coach-hunter.com\/content\/dejeps-golf\/#primaryimage"},"image":{"@id":"https:\/\/www.coach-hunter.com\/content\/dejeps-golf\/#primaryimage"},"thumbnailUrl":"https:\/\/www.coach-hunter.com\/content\/wp-content\/uploads\/2020\/07\/DEJEPS-golf.jpg","datePublished":"2020-08-17T13:16:40+00:00","dateModified":"2020-09-07T13:30:02+00:00","description":"Le DEJEPS Golf est le dipl\u00f4me d'Etat de r\u00e9f\u00e9rence pour tous les professeurs de sport sp\u00e9cialis\u00e9s dans la pratique du golf.","breadcrumb":{"@id":"https:\/\/www.coach-hunter.com\/content\/dejeps-golf\/#breadcrumb"},"inLanguage":"fr-FR","potentialAction":[{"@type":"ReadAction","target":["https:\/\/www.coach-hunter.com\/content\/dejeps-golf\/"]}]},{"@type":"ImageObject","inLanguage":"fr-FR","@id":"https:\/\/www.coach-hunter.com\/content\/dejeps-golf\/#primaryimage","url":"https:\/\/www.coach-hunter.com\/content\/wp-content\/uploads\/2020\/07\/DEJEPS-golf.jpg","contentUrl":"https:\/\/www.coach-hunter.com\/content\/wp-content\/uploads\/2020\/07\/DEJEPS-golf.jpg","width":626,"height":417},{"@type":"BreadcrumbList","@id":"https:\/\/www.coach-hunter.com\/content\/dejeps-golf\/#breadcrumb","itemListElement":[{"@type":"ListItem","position":1,"name":"Accueil","item":"https:\/\/www.coach-hunter.com\/content\/"},{"@type":"ListItem","position":2,"name":"Le DEJEPS Golf pour les coachs sportifs adeptes du Green !"}]},{"@type":"WebSite","@id":"https:\/\/www.coach-hunter.com\/content\/#website","url":"https:\/\/www.coach-hunter.com\/content\/","name":"Blog Coach Hunter","description":"","potentialAction":[{"@type":"SearchAction","target":{"@type":"EntryPoint","urlTemplate":"https:\/\/www.coach-hunter.com\/content\/?s={search_term_string}"},"query-input":{"@type":"PropertyValueSpecification","valueRequired":true,"valueName":"search_term_string"}}],"inLanguage":"fr-FR"}]}},"_links":{"self":[{"href":"https:\/\/www.coach-hunter.com\/content\/wp-json\/wp\/v2\/pages\/1079","targetHints":{"allow":["GET"]}}],"collection":[{"href":"https:\/\/www.coach-hunter.com\/content\/wp-json\/wp\/v2\/pages"}],"about":[{"href":"https:\/\/www.coach-hunter.com\/content\/wp-json\/wp\/v2\/types\/page"}],"author":[{"embeddable":true,"href":"https:\/\/www.coach-hunter.com\/content\/wp-json\/wp\/v2\/users\/5"}],"replies":[{"embeddable":true,"href":"https:\/\/www.coach-hunter.com\/content\/wp-json\/wp\/v2\/comments?post=1079"}],"version-history":[{"count":7,"href":"https:\/\/www.coach-hunter.com\/content\/wp-json\/wp\/v2\/pages\/1079\/revisions"}],"predecessor-version":[{"id":1487,"href":"https:\/\/www.coach-hunter.com\/content\/wp-json\/wp\/v2\/pages\/1079\/revisions\/1487"}],"wp:attachment":[{"href":"https:\/\/www.coach-hunter.com\/content\/wp-json\/wp\/v2\/media?parent=1079"}],"curies":[{"name":"wp","href":"https:\/\/api.w.org\/{rel}","templated":true}]}}