{"id":1048,"date":"2020-09-08T11:48:04","date_gmt":"2020-09-08T11:48:04","guid":{"rendered":"https:\/\/www.coach-hunter.com\/content\/?page_id=1048"},"modified":"2020-09-09T11:58:05","modified_gmt":"2020-09-09T11:58:05","slug":"dejeps-triathlon","status":"publish","type":"page","link":"https:\/\/www.coach-hunter.com\/content\/dejeps-triathlon\/","title":{"rendered":"Le DEJEPS Triathlon pour coach sportif pluridisciplinaire"},"content":{"rendered":"\n<p>Le <strong>dipl\u00f4me d&rsquo; Etat de la jeunesse, de l\u2019 \u00e9ducation populaire et du sport<\/strong> permet de devenir directeur technique et sportif dans une mention donn\u00e9e. Le triathlon fait partie des <a class=\"callAction\" href=\"https:\/\/www.coach-hunter.com\/content\/dejeps-sports-de-courses\/\">DEJEPS Sports de courses<\/a>.<br>Ainsi les d\u00e9tenteurs du <strong>DEJEPS Triathlon<\/strong> pourront ainsi exercer en tant qu&rsquo;<strong>entra\u00eeneur de triathlon<\/strong> mais aussi dans toutes les disciplines encha\u00een\u00e9es associ\u00e9es (comme le duathlon et l&rsquo;aquathlon). Les dipl\u00f4m\u00e9s pourront exercer aupr\u00e8s de publics divers, aussi bien amateurs que comp\u00e9titeurs.<\/p>\n\n\n\n<div class=\"wp-block-image\"><figure class=\"aligncenter size-large\"><img loading=\"lazy\" decoding=\"async\" width=\"626\" height=\"417\" src=\"https:\/\/www.coach-hunter.com\/content\/wp-content\/uploads\/2020\/07\/DEJEPS-Triathlon.jpg\" alt=\"DEJEPS Triathlon\" class=\"wp-image-1049\" srcset=\"https:\/\/www.coach-hunter.com\/content\/wp-content\/uploads\/2020\/07\/DEJEPS-Triathlon.jpg 626w, https:\/\/www.coach-hunter.com\/content\/wp-content\/uploads\/2020\/07\/DEJEPS-Triathlon-300x200.jpg 300w\" sizes=\"auto, (max-width: 626px) 85vw, 626px\" \/><\/figure><\/div>\n\n\n\n<div class='flexo'><div class=\"lames2\">\n\n\n\n<h2 class=\"wp-block-heading\">Les objectifs du&nbsp;DEJEPS sp\u00e9cialit\u00e9 perfectionnement sportif mention Triathlon<\/h2>\n\n\n\n<p>Le <strong>DEJEPS mention triathlon<\/strong> est un <strong>dipl\u00f4me d&rsquo;Etat<\/strong>. Il forme les futurs <strong>professionnels <\/strong>de l&rsquo;entrainement sportif en triathlon. Les dipl\u00f4m\u00e9s pourront ainsi enseigner dans diff\u00e9rents <strong>\u00e9tablissements d&rsquo;activit\u00e9s physiques et sportives<\/strong>, aussi bien publics que priv\u00e9s. De ce fait, le public auquel ils s&rsquo;adressent est multiple. <\/p>\n\n\n\n<p>Puis, le triathlon est consid\u00e9r\u00e9 comme une <strong>activit\u00e9 de pleine nature<\/strong>. Le titulaire du dipl\u00f4me pourra alors travailler pour des collectivit\u00e9s locales. Il s&rsquo;agira donc ici d&rsquo;un public amateur. <br>Autrement, au vu de la popularit\u00e9 de ce sport, le coach sportif pourra aussi c\u00f4toyer professionnels et sportifs haut niveau. Il pourra alors \u00eatre recrut\u00e9 par des <strong>clubs sportifs<\/strong> et <strong>associations affili\u00e9es \u00e0 la <strong>F\u00e9d\u00e9ration Fran\u00e7aise de Triathlon<\/strong><\/strong>. Il devra ici mener \u00e0 termes les projets de la structure qui l&rsquo;accueille.<\/p>\n\n\n\n<p>Le <strong>DEJEPS triathlon<\/strong> propose ainsi une formation compl\u00e8te dans diverses disciplines encha\u00een\u00e9es. On parle ici du <strong>duathlon<\/strong>, de l&rsquo;<strong>aquathlon <\/strong>ou du \u00ab\u00a0<strong>bike and run<\/strong>\u00ab\u00a0. Dans chacune d&rsquo;entre elle, le dipl\u00f4m\u00e9 devra donc \u00eatre capable de <strong>conduire une d\u00e9marche de perfectionnement sportif<\/strong>. <br>En outre, le domaine du triathlon regroupe les disciplines du <strong>cyclisme<\/strong>, de la <strong>course \u00e0 pied <\/strong>et de la<strong> natation<\/strong>. Autrement dit, l\u2019entra\u00eeneur sportif form\u00e9 sera <strong>pluridisciplinaire <\/strong>et ses possibilit\u00e9s d&#8217;emploi, multiples.<\/p>\n\n\n\n<\/div><div class=\"lames2\">\n\n\n\n<h2 class=\"wp-block-heading\">Quel parcours pour obtenir le DEJEPS Triathlon ?<\/h2>\n\n\n\n<p>A l&rsquo;issue de la formation, le candidat au DEJEPS Triathlon saura <strong>concevoir un projet d action<\/strong> et <strong>coordonner la mise en oeuvre des programmes de perfectionnement sportif<\/strong>. De ce fait le dipl\u00f4m\u00e9 est un expert en <strong>optimisation des performances sportives<\/strong> li\u00e9es au triathlon.<\/p>\n\n\n\n<p>Le candidat devra r\u00e9pondre \u00e0 certaines <strong>exigences pr\u00e9alables<\/strong>. En premier, il lui faudra \u00eatre <strong>titulaire du BNSSA<\/strong> (brevet national de s\u00e9curit\u00e9 et de sauvetage aquatique). Ensuite, il devra fournir une <strong>attestation de participation \u00e0 5 triathlons et 3 duathlons courte distance<\/strong>, d\u00e9livr\u00e9e par la <a href=\"https:\/\/www.fftri.com\/la-federation\/direction-technique-nationale\/\" target=\"_blank\" rel=\"noreferrer noopener\">Direction Technique Nationale de Triathlon<\/a>. Ces exigences pr\u00e9alables sont compl\u00e9t\u00e9es par une s\u00e9lection par test \u00e9crit et entretien de motivation.<\/p>\n\n\n\n<p><strong>Accessibilit\u00e9<\/strong> : Il faut \u00eatre titulaire du PSC1 ou d\u2019un dipl\u00f4me \u00e9quivalent.<br><strong>Dur\u00e9e de formation<\/strong>&nbsp;:&nbsp;1000 heures dont : 200 heures en centre de formation, 800 heures en structure sportive<br><strong>Co\u00fbt de la formation<\/strong>&nbsp;:&nbsp;9 000 \u20ac environ<\/p>\n\n\n\n<\/div><\/div>\n\n\n\n<h2 class=\"wp-block-heading\">D\u2019autres DEJEPS Sports de courses :<\/h2>\n\n\n\n<ul class=\"wp-block-list\"><li><a href=\"https:\/\/www.coach-hunter.com\/content\/le-dejeps-athletisme-et-disciplines-associees\/\">DEJEPS Athl\u00e9tisme et disciplines associ\u00e9es<\/a><\/li><li><a href=\"https:\/\/www.coach-hunter.com\/content\/dejeps-cyclisme-traditionnel\/\">DEJEPS Cyclisme traditionnel<\/a><\/li><li><a href=\"https:\/\/www.coach-hunter.com\/content\/dejeps-natation\/\">DEJEPS Natation<\/a><\/li><li><a href=\"https:\/\/www.coach-hunter.com\/content\/dejeps-velo-tout-terrain\/\">DEJEPS V\u00e9lo tout terrain<\/a><\/li><\/ul>\n","protected":false},"excerpt":{"rendered":"<p>Le dipl\u00f4me d&rsquo; Etat de la jeunesse, de l\u2019 \u00e9ducation populaire et du sport permet de devenir directeur technique et sportif dans une mention donn\u00e9e. Le triathlon fait partie des DEJEPS Sports de courses.Ainsi les d\u00e9tenteurs du DEJEPS Triathlon pourront ainsi exercer en tant qu&rsquo;entra\u00eeneur de triathlon mais aussi dans toutes les disciplines encha\u00een\u00e9es associ\u00e9es &hellip; <a href=\"https:\/\/www.coach-hunter.com\/content\/dejeps-triathlon\/\" class=\"more-link\">Continuer la lecture<span class=\"screen-reader-text\"> de &laquo;&nbsp;Le DEJEPS Triathlon pour coach sportif pluridisciplinaire&nbsp;&raquo;<\/span><\/a><\/p>\n","protected":false},"author":5,"featured_media":0,"parent":0,"menu_order":0,"comment_status":"closed","ping_status":"closed","template":"","meta":{"footnotes":""},"class_list":["post-1048","page","type-page","status-publish","hentry"],"yoast_head":"<!-- This site is optimized with the Yoast SEO plugin v27.5 - https:\/\/yoast.com\/product\/yoast-seo-wordpress\/ -->\n<title>DEJEPS Triathlon : devenir coach sportif pour les disciplines encha\u00een\u00e9es<\/title>\n<meta name=\"description\" content=\"Le DEJEPS Triathlon est un dipl\u00f4me d&#039;\u00e9tat permettant d&#039;exercer le m\u00e9tier d&#039;entra\u00eeneur sportif en triathlon et disciplines encha\u00een\u00e9es.\" \/>\n<meta name=\"robots\" content=\"index, follow, max-snippet:-1, max-image-preview:large, max-video-preview:-1\" \/>\n<link rel=\"canonical\" href=\"https:\/\/www.coach-hunter.com\/content\/dejeps-triathlon\/\" \/>\n<meta property=\"og:locale\" content=\"fr_FR\" \/>\n<meta property=\"og:type\" content=\"article\" \/>\n<meta property=\"og:title\" content=\"DEJEPS Triathlon : devenir coach sportif pour les disciplines encha\u00een\u00e9es\" \/>\n<meta property=\"og:description\" content=\"Le DEJEPS Triathlon est un dipl\u00f4me d&#039;\u00e9tat permettant d&#039;exercer le m\u00e9tier d&#039;entra\u00eeneur sportif en triathlon et disciplines encha\u00een\u00e9es.\" \/>\n<meta property=\"og:url\" content=\"https:\/\/www.coach-hunter.com\/content\/dejeps-triathlon\/\" \/>\n<meta property=\"og:site_name\" content=\"Blog Coach Hunter\" \/>\n<meta property=\"article:modified_time\" content=\"2020-09-09T11:58:05+00:00\" \/>\n<meta property=\"og:image\" content=\"https:\/\/www.coach-hunter.com\/content\/wp-content\/uploads\/2020\/07\/DEJEPS-Triathlon.jpg\" \/>\n\t<meta property=\"og:image:width\" content=\"626\" \/>\n\t<meta property=\"og:image:height\" content=\"417\" \/>\n\t<meta property=\"og:image:type\" content=\"image\/jpeg\" \/>\n<meta name=\"twitter:card\" content=\"summary_large_image\" \/>\n<meta name=\"twitter:label1\" content=\"Dur\u00e9e de lecture estim\u00e9e\" \/>\n\t<meta name=\"twitter:data1\" content=\"2 minutes\" \/>\n<script type=\"application\/ld+json\" class=\"yoast-schema-graph\">{\"@context\":\"https:\\\/\\\/schema.org\",\"@graph\":[{\"@type\":\"WebPage\",\"@id\":\"https:\\\/\\\/www.coach-hunter.com\\\/content\\\/dejeps-triathlon\\\/\",\"url\":\"https:\\\/\\\/www.coach-hunter.com\\\/content\\\/dejeps-triathlon\\\/\",\"name\":\"DEJEPS Triathlon : devenir coach sportif pour les disciplines encha\u00een\u00e9es\",\"isPartOf\":{\"@id\":\"https:\\\/\\\/www.coach-hunter.com\\\/content\\\/#website\"},\"primaryImageOfPage\":{\"@id\":\"https:\\\/\\\/www.coach-hunter.com\\\/content\\\/dejeps-triathlon\\\/#primaryimage\"},\"image\":{\"@id\":\"https:\\\/\\\/www.coach-hunter.com\\\/content\\\/dejeps-triathlon\\\/#primaryimage\"},\"thumbnailUrl\":\"https:\\\/\\\/www.coach-hunter.com\\\/content\\\/wp-content\\\/uploads\\\/2020\\\/07\\\/DEJEPS-Triathlon.jpg\",\"datePublished\":\"2020-09-08T11:48:04+00:00\",\"dateModified\":\"2020-09-09T11:58:05+00:00\",\"description\":\"Le DEJEPS Triathlon est un dipl\u00f4me d'\u00e9tat permettant d'exercer le m\u00e9tier d'entra\u00eeneur sportif en triathlon et disciplines encha\u00een\u00e9es.\",\"breadcrumb\":{\"@id\":\"https:\\\/\\\/www.coach-hunter.com\\\/content\\\/dejeps-triathlon\\\/#breadcrumb\"},\"inLanguage\":\"fr-FR\",\"potentialAction\":[{\"@type\":\"ReadAction\",\"target\":[\"https:\\\/\\\/www.coach-hunter.com\\\/content\\\/dejeps-triathlon\\\/\"]}]},{\"@type\":\"ImageObject\",\"inLanguage\":\"fr-FR\",\"@id\":\"https:\\\/\\\/www.coach-hunter.com\\\/content\\\/dejeps-triathlon\\\/#primaryimage\",\"url\":\"https:\\\/\\\/www.coach-hunter.com\\\/content\\\/wp-content\\\/uploads\\\/2020\\\/07\\\/DEJEPS-Triathlon.jpg\",\"contentUrl\":\"https:\\\/\\\/www.coach-hunter.com\\\/content\\\/wp-content\\\/uploads\\\/2020\\\/07\\\/DEJEPS-Triathlon.jpg\",\"width\":626,\"height\":417},{\"@type\":\"BreadcrumbList\",\"@id\":\"https:\\\/\\\/www.coach-hunter.com\\\/content\\\/dejeps-triathlon\\\/#breadcrumb\",\"itemListElement\":[{\"@type\":\"ListItem\",\"position\":1,\"name\":\"Accueil\",\"item\":\"https:\\\/\\\/www.coach-hunter.com\\\/content\\\/\"},{\"@type\":\"ListItem\",\"position\":2,\"name\":\"Le DEJEPS Triathlon pour coach sportif pluridisciplinaire\"}]},{\"@type\":\"WebSite\",\"@id\":\"https:\\\/\\\/www.coach-hunter.com\\\/content\\\/#website\",\"url\":\"https:\\\/\\\/www.coach-hunter.com\\\/content\\\/\",\"name\":\"Blog Coach Hunter\",\"description\":\"\",\"potentialAction\":[{\"@type\":\"SearchAction\",\"target\":{\"@type\":\"EntryPoint\",\"urlTemplate\":\"https:\\\/\\\/www.coach-hunter.com\\\/content\\\/?s={search_term_string}\"},\"query-input\":{\"@type\":\"PropertyValueSpecification\",\"valueRequired\":true,\"valueName\":\"search_term_string\"}}],\"inLanguage\":\"fr-FR\"}]}<\/script>\n<!-- \/ Yoast SEO plugin. -->","yoast_head_json":{"title":"DEJEPS Triathlon : devenir coach sportif pour les disciplines encha\u00een\u00e9es","description":"Le DEJEPS Triathlon est un dipl\u00f4me d'\u00e9tat permettant d'exercer le m\u00e9tier d'entra\u00eeneur sportif en triathlon et disciplines encha\u00een\u00e9es.","robots":{"index":"index","follow":"follow","max-snippet":"max-snippet:-1","max-image-preview":"max-image-preview:large","max-video-preview":"max-video-preview:-1"},"canonical":"https:\/\/www.coach-hunter.com\/content\/dejeps-triathlon\/","og_locale":"fr_FR","og_type":"article","og_title":"DEJEPS Triathlon : devenir coach sportif pour les disciplines encha\u00een\u00e9es","og_description":"Le DEJEPS Triathlon est un dipl\u00f4me d'\u00e9tat permettant d'exercer le m\u00e9tier d'entra\u00eeneur sportif en triathlon et disciplines encha\u00een\u00e9es.","og_url":"https:\/\/www.coach-hunter.com\/content\/dejeps-triathlon\/","og_site_name":"Blog Coach Hunter","article_modified_time":"2020-09-09T11:58:05+00:00","og_image":[{"width":626,"height":417,"url":"https:\/\/www.coach-hunter.com\/content\/wp-content\/uploads\/2020\/07\/DEJEPS-Triathlon.jpg","type":"image\/jpeg"}],"twitter_card":"summary_large_image","twitter_misc":{"Dur\u00e9e de lecture estim\u00e9e":"2 minutes"},"schema":{"@context":"https:\/\/schema.org","@graph":[{"@type":"WebPage","@id":"https:\/\/www.coach-hunter.com\/content\/dejeps-triathlon\/","url":"https:\/\/www.coach-hunter.com\/content\/dejeps-triathlon\/","name":"DEJEPS Triathlon : devenir coach sportif pour les disciplines encha\u00een\u00e9es","isPartOf":{"@id":"https:\/\/www.coach-hunter.com\/content\/#website"},"primaryImageOfPage":{"@id":"https:\/\/www.coach-hunter.com\/content\/dejeps-triathlon\/#primaryimage"},"image":{"@id":"https:\/\/www.coach-hunter.com\/content\/dejeps-triathlon\/#primaryimage"},"thumbnailUrl":"https:\/\/www.coach-hunter.com\/content\/wp-content\/uploads\/2020\/07\/DEJEPS-Triathlon.jpg","datePublished":"2020-09-08T11:48:04+00:00","dateModified":"2020-09-09T11:58:05+00:00","description":"Le DEJEPS Triathlon est un dipl\u00f4me d'\u00e9tat permettant d'exercer le m\u00e9tier d'entra\u00eeneur sportif en triathlon et disciplines encha\u00een\u00e9es.","breadcrumb":{"@id":"https:\/\/www.coach-hunter.com\/content\/dejeps-triathlon\/#breadcrumb"},"inLanguage":"fr-FR","potentialAction":[{"@type":"ReadAction","target":["https:\/\/www.coach-hunter.com\/content\/dejeps-triathlon\/"]}]},{"@type":"ImageObject","inLanguage":"fr-FR","@id":"https:\/\/www.coach-hunter.com\/content\/dejeps-triathlon\/#primaryimage","url":"https:\/\/www.coach-hunter.com\/content\/wp-content\/uploads\/2020\/07\/DEJEPS-Triathlon.jpg","contentUrl":"https:\/\/www.coach-hunter.com\/content\/wp-content\/uploads\/2020\/07\/DEJEPS-Triathlon.jpg","width":626,"height":417},{"@type":"BreadcrumbList","@id":"https:\/\/www.coach-hunter.com\/content\/dejeps-triathlon\/#breadcrumb","itemListElement":[{"@type":"ListItem","position":1,"name":"Accueil","item":"https:\/\/www.coach-hunter.com\/content\/"},{"@type":"ListItem","position":2,"name":"Le DEJEPS Triathlon pour coach sportif pluridisciplinaire"}]},{"@type":"WebSite","@id":"https:\/\/www.coach-hunter.com\/content\/#website","url":"https:\/\/www.coach-hunter.com\/content\/","name":"Blog Coach Hunter","description":"","potentialAction":[{"@type":"SearchAction","target":{"@type":"EntryPoint","urlTemplate":"https:\/\/www.coach-hunter.com\/content\/?s={search_term_string}"},"query-input":{"@type":"PropertyValueSpecification","valueRequired":true,"valueName":"search_term_string"}}],"inLanguage":"fr-FR"}]}},"_links":{"self":[{"href":"https:\/\/www.coach-hunter.com\/content\/wp-json\/wp\/v2\/pages\/1048","targetHints":{"allow":["GET"]}}],"collection":[{"href":"https:\/\/www.coach-hunter.com\/content\/wp-json\/wp\/v2\/pages"}],"about":[{"href":"https:\/\/www.coach-hunter.com\/content\/wp-json\/wp\/v2\/types\/page"}],"author":[{"embeddable":true,"href":"https:\/\/www.coach-hunter.com\/content\/wp-json\/wp\/v2\/users\/5"}],"replies":[{"embeddable":true,"href":"https:\/\/www.coach-hunter.com\/content\/wp-json\/wp\/v2\/comments?post=1048"}],"version-history":[{"count":3,"href":"https:\/\/www.coach-hunter.com\/content\/wp-json\/wp\/v2\/pages\/1048\/revisions"}],"predecessor-version":[{"id":1557,"href":"https:\/\/www.coach-hunter.com\/content\/wp-json\/wp\/v2\/pages\/1048\/revisions\/1557"}],"wp:attachment":[{"href":"https:\/\/www.coach-hunter.com\/content\/wp-json\/wp\/v2\/media?parent=1048"}],"curies":[{"name":"wp","href":"https:\/\/api.w.org\/{rel}","templated":true}]}}