{"id":1040,"date":"2020-09-14T13:05:01","date_gmt":"2020-09-14T13:05:01","guid":{"rendered":"https:\/\/www.coach-hunter.com\/content\/?page_id=1040"},"modified":"2020-09-14T13:05:01","modified_gmt":"2020-09-14T13:05:01","slug":"dejeps-water-polo","status":"publish","type":"page","link":"https:\/\/www.coach-hunter.com\/content\/dejeps-water-polo\/","title":{"rendered":"Coach Hunter vous pr\u00e9sente le DEJEPS Water-polo !"},"content":{"rendered":"\n<p>Le <strong>dipl\u00f4me d&rsquo; Etat de la jeunesse, de l\u2019 \u00e9ducation populaire et du sport<\/strong>, est une formation de niveau IV. Avec un <a class=\"callAction\" href=\"https:\/\/www.coach-hunter.com\/content\/dejeps-sports-collectifs\/\">DEJEPS Sports collectifs<\/a>, vous pourrez ainsi exercer comme directeur ou manager de structures sportives. <br>Le <strong>DEJEPS Water-polo<\/strong> octroie donc des fonctions d&rsquo;encadrement dans cette discipline. Le titulaire du dipl\u00f4me pourra exercer comme <strong>entra\u00eeneur de water-polo<\/strong> aupr\u00e8s d&rsquo;entreprises du secteur sportif professionnel, et en tant que <strong>coach sportif<\/strong> pour des associations affili\u00e9es \u00e0 la <strong>F\u00e9d\u00e9ration Fran\u00e7aise de Natation<\/strong>.<\/p>\n\n\n\n<div class=\"wp-block-image\"><figure class=\"aligncenter size-large\"><img loading=\"lazy\" decoding=\"async\" width=\"626\" height=\"415\" src=\"https:\/\/www.coach-hunter.com\/content\/wp-content\/uploads\/2020\/07\/dejeps-Water-polo.jpg\" alt=\"DEJEPS Water-polo\" class=\"wp-image-1041\" srcset=\"https:\/\/www.coach-hunter.com\/content\/wp-content\/uploads\/2020\/07\/dejeps-Water-polo.jpg 626w, https:\/\/www.coach-hunter.com\/content\/wp-content\/uploads\/2020\/07\/dejeps-Water-polo-300x199.jpg 300w\" sizes=\"auto, (max-width: 626px) 85vw, 626px\" \/><\/figure><\/div>\n\n\n\n<div class='flexo'><div class=\"lames2\">\n\n\n\n<h2 class=\"wp-block-heading\">Les objectifs du&nbsp;DEJEPS sp\u00e9cialit\u00e9 perfectionnement sportif mention Water-polo<\/h2>\n\n\n\n<p>Le <strong>dipl\u00f4me d&rsquo;Etat<\/strong> du DEJEPS Water Polo forme ainsi les futurs <strong>professionnels <\/strong>de l&rsquo;entrainement sportif dans cette discipline. Les d\u00e9tenteurs du DEJEPS pourront alors \u00eatre instructeur de water polo, ou ma\u00eetre nageur. Ils exercent dans des <strong>structures sportives affili\u00e9es \u00e0 la F\u00e9d\u00e9ration Fran\u00e7aise de Natation<\/strong> (<strong>FFN<\/strong>). Les dipl\u00f4m\u00e9s devront ensuite coordonner la mise en \u0153uvre des projets en cours. Ils devront adopter une d\u00e9marche de perfectionnement en water polo.<\/p>\n\n\n\n<p>Le <strong>d\u00e9tenteur du DEJEPS water polo<\/strong> pourra aussi devenir un cadre technique r\u00e9gional ou national, pour cette discipline sportive. Ce sport \u00e9tant associ\u00e9 aux <strong>activit\u00e9s aquatiques<\/strong> et \u00e0 la natation, il pourra \u00eatre contact\u00e9 par des collectivit\u00e9s locales. Ceci dans le but de promouvoir l&rsquo;apprentissage de la nage aux plus jeunes. <br>Il s&rsquo;agit d&rsquo;une mission d&rsquo;Etat, dirig\u00e9e par le Minist\u00e8re des sports. Autrement, selon ses comp\u00e9tences, on pourra lui attribuer la pr\u00e9paration de publics comp\u00e9titeurs en water polo.<\/p>\n\n\n\n<p>Enfin, le d\u00e9tenteur de ce dipl\u00f4me devra <strong>contribuer au fonctionnement de sa structure d\u2019accueil<\/strong>. On parle ici de communication et de gestion de projets.<\/p>\n\n\n\n<\/div><div class=\"lames2\">\n\n\n\n<h2 class=\"wp-block-heading\">Quel parcours pour obtenir le DEJEPS Water polo ?<\/h2>\n\n\n\n<p>Le candidat au DEJEPS Water polo aura pour mission principale de <strong>concevoir des programmes de perfectionnement en water polo<\/strong>. De fait, le dipl\u00f4m\u00e9 est un expert dans cette discipline et dans l&rsquo;am\u00e9lioration des capacit\u00e9s physiques li\u00e9es \u00e0 la performance dans ce sport.<\/p>\n\n\n\n<p>L&rsquo;obtention de ce dipl\u00f4me d&rsquo;Etat passe par un certain nombre d <strong>exigences pr\u00e9alables<\/strong>. Des dispenses sont pr\u00e9vues selon le profil du candidat. Les titulaires du <strong>BEESAN <\/strong>ou du BF4 pourront acc\u00e9der \u00e0 un cursus all\u00e9g\u00e9 (<a rel=\"noreferrer noopener\" href=\"https:\/\/www.natationpourtous.com\/espace-pro\/enseignement\/diplomes.php\" target=\"_blank\">en savoir plus<\/a>).<\/p>\n\n\n\n<p>Trois \u00e9preuves permettront de <strong>d\u00e9partager les candidats<\/strong>. Une premi\u00e8re <strong>\u00e9preuve \u00e9crite<\/strong> portera sur les <strong>connaissances g\u00e9n\u00e9rales<\/strong> du candidat en water polo. Un entretien avec un <strong>responsable p\u00e9dagogique<\/strong> permettra ensuite de jauger la d\u00e9marche du candidat en mati\u00e8re d&rsquo;entrainement. Enfin, le futur dipl\u00f4m\u00e9 devra attester de <strong>comp\u00e9tences techniques<\/strong> \u00e9valu\u00e9es au cours d&rsquo;\u00e9preuves sportives.<\/p>\n\n\n\n<p><strong>Accessibilit\u00e9<\/strong> : Il faut \u00eatre titulaire du PSC1 ou d\u2019un dipl\u00f4me \u00e9quivalent.<br><strong>Dur\u00e9e de formation<\/strong>&nbsp;:&nbsp;1200 heures dont : 700 heures en centre de formation, 500 heures en structure sportive<br><strong>Co\u00fbt de la formation<\/strong>&nbsp;:&nbsp;9 000 \u20ac environ<\/p>\n\n\n\n<\/div><\/div>\n\n\n\n<h2 class=\"wp-block-heading\">D\u2019autres DEJEPS Sports collectifs :<\/h2>\n\n\n\n<ul class=\"wp-block-list\"><li><a href=\"https:\/\/www.coach-hunter.com\/content\/dejeps-basket-ball\/\">DEJEPS Basket-ball<\/a><\/li><li><a href=\"https:\/\/www.coach-hunter.com\/content\/dejeps-handball\/\">DEJEPS Handball<\/a><\/li><li><a href=\"https:\/\/www.coach-hunter.com\/content\/dejeps-rugby\/\">DEJEPS Rugby<\/a><\/li><li><a href=\"https:\/\/www.coach-hunter.com\/content\/dejeps-volley-ball\/\">DEJEPS Volley-ball<\/a><\/li><\/ul>\n","protected":false},"excerpt":{"rendered":"<p>Le dipl\u00f4me d&rsquo; Etat de la jeunesse, de l\u2019 \u00e9ducation populaire et du sport, est une formation de niveau IV. Avec un DEJEPS Sports collectifs, vous pourrez ainsi exercer comme directeur ou manager de structures sportives. Le DEJEPS Water-polo octroie donc des fonctions d&rsquo;encadrement dans cette discipline. Le titulaire du dipl\u00f4me pourra exercer comme entra\u00eeneur &hellip; <a href=\"https:\/\/www.coach-hunter.com\/content\/dejeps-water-polo\/\" class=\"more-link\">Continuer la lecture<span class=\"screen-reader-text\"> de &laquo;&nbsp;Coach Hunter vous pr\u00e9sente le DEJEPS Water-polo !&nbsp;&raquo;<\/span><\/a><\/p>\n","protected":false},"author":5,"featured_media":0,"parent":0,"menu_order":0,"comment_status":"closed","ping_status":"closed","template":"","meta":{"footnotes":""},"class_list":["post-1040","page","type-page","status-publish","hentry"],"yoast_head":"<!-- This site is optimized with the Yoast SEO plugin v25.9 - https:\/\/yoast.com\/wordpress\/plugins\/seo\/ -->\n<title>DEJEPS Water-polo, dipl\u00f4me r\u00e9f\u00e9rence pour les entraineurs de water polo<\/title>\n<meta name=\"description\" content=\"Le DEJEPS Water-polo est un dipl\u00f4me reconnu par l&#039;Etat permettant d&#039;exercer en tant que coach sportif dans des structures proposant du water polo.\" \/>\n<meta name=\"robots\" content=\"index, follow, max-snippet:-1, max-image-preview:large, max-video-preview:-1\" \/>\n<link rel=\"canonical\" href=\"https:\/\/www.coach-hunter.com\/content\/dejeps-water-polo\/\" \/>\n<meta property=\"og:locale\" content=\"fr_FR\" \/>\n<meta property=\"og:type\" content=\"article\" \/>\n<meta property=\"og:title\" content=\"DEJEPS Water-polo, dipl\u00f4me r\u00e9f\u00e9rence pour les entraineurs de water polo\" \/>\n<meta property=\"og:description\" content=\"Le DEJEPS Water-polo est un dipl\u00f4me reconnu par l&#039;Etat permettant d&#039;exercer en tant que coach sportif dans des structures proposant du water polo.\" \/>\n<meta property=\"og:url\" content=\"https:\/\/www.coach-hunter.com\/content\/dejeps-water-polo\/\" \/>\n<meta property=\"og:site_name\" content=\"Blog Coach Hunter\" \/>\n<meta property=\"og:image\" content=\"https:\/\/www.coach-hunter.com\/content\/wp-content\/uploads\/2020\/07\/dejeps-Water-polo.jpg\" \/>\n\t<meta property=\"og:image:width\" content=\"626\" \/>\n\t<meta property=\"og:image:height\" content=\"415\" \/>\n\t<meta property=\"og:image:type\" content=\"image\/jpeg\" \/>\n<meta name=\"twitter:card\" content=\"summary_large_image\" \/>\n<meta name=\"twitter:label1\" content=\"Dur\u00e9e de lecture estim\u00e9e\" \/>\n\t<meta name=\"twitter:data1\" content=\"2 minutes\" \/>\n<script type=\"application\/ld+json\" class=\"yoast-schema-graph\">{\"@context\":\"https:\/\/schema.org\",\"@graph\":[{\"@type\":\"WebPage\",\"@id\":\"https:\/\/www.coach-hunter.com\/content\/dejeps-water-polo\/\",\"url\":\"https:\/\/www.coach-hunter.com\/content\/dejeps-water-polo\/\",\"name\":\"DEJEPS Water-polo, dipl\u00f4me r\u00e9f\u00e9rence pour les entraineurs de water polo\",\"isPartOf\":{\"@id\":\"https:\/\/www.coach-hunter.com\/content\/#website\"},\"primaryImageOfPage\":{\"@id\":\"https:\/\/www.coach-hunter.com\/content\/dejeps-water-polo\/#primaryimage\"},\"image\":{\"@id\":\"https:\/\/www.coach-hunter.com\/content\/dejeps-water-polo\/#primaryimage\"},\"thumbnailUrl\":\"https:\/\/www.coach-hunter.com\/content\/wp-content\/uploads\/2020\/07\/dejeps-Water-polo.jpg\",\"datePublished\":\"2020-09-14T13:05:01+00:00\",\"description\":\"Le DEJEPS Water-polo est un dipl\u00f4me reconnu par l'Etat permettant d'exercer en tant que coach sportif dans des structures proposant du water polo.\",\"breadcrumb\":{\"@id\":\"https:\/\/www.coach-hunter.com\/content\/dejeps-water-polo\/#breadcrumb\"},\"inLanguage\":\"fr-FR\",\"potentialAction\":[{\"@type\":\"ReadAction\",\"target\":[\"https:\/\/www.coach-hunter.com\/content\/dejeps-water-polo\/\"]}]},{\"@type\":\"ImageObject\",\"inLanguage\":\"fr-FR\",\"@id\":\"https:\/\/www.coach-hunter.com\/content\/dejeps-water-polo\/#primaryimage\",\"url\":\"https:\/\/www.coach-hunter.com\/content\/wp-content\/uploads\/2020\/07\/dejeps-Water-polo.jpg\",\"contentUrl\":\"https:\/\/www.coach-hunter.com\/content\/wp-content\/uploads\/2020\/07\/dejeps-Water-polo.jpg\",\"width\":626,\"height\":415},{\"@type\":\"BreadcrumbList\",\"@id\":\"https:\/\/www.coach-hunter.com\/content\/dejeps-water-polo\/#breadcrumb\",\"itemListElement\":[{\"@type\":\"ListItem\",\"position\":1,\"name\":\"Accueil\",\"item\":\"https:\/\/www.coach-hunter.com\/content\/\"},{\"@type\":\"ListItem\",\"position\":2,\"name\":\"Coach Hunter vous pr\u00e9sente le DEJEPS Water-polo !\"}]},{\"@type\":\"WebSite\",\"@id\":\"https:\/\/www.coach-hunter.com\/content\/#website\",\"url\":\"https:\/\/www.coach-hunter.com\/content\/\",\"name\":\"Blog Coach Hunter\",\"description\":\"\",\"potentialAction\":[{\"@type\":\"SearchAction\",\"target\":{\"@type\":\"EntryPoint\",\"urlTemplate\":\"https:\/\/www.coach-hunter.com\/content\/?s={search_term_string}\"},\"query-input\":{\"@type\":\"PropertyValueSpecification\",\"valueRequired\":true,\"valueName\":\"search_term_string\"}}],\"inLanguage\":\"fr-FR\"}]}<\/script>\n<!-- \/ Yoast SEO plugin. -->","yoast_head_json":{"title":"DEJEPS Water-polo, dipl\u00f4me r\u00e9f\u00e9rence pour les entraineurs de water polo","description":"Le DEJEPS Water-polo est un dipl\u00f4me reconnu par l'Etat permettant d'exercer en tant que coach sportif dans des structures proposant du water polo.","robots":{"index":"index","follow":"follow","max-snippet":"max-snippet:-1","max-image-preview":"max-image-preview:large","max-video-preview":"max-video-preview:-1"},"canonical":"https:\/\/www.coach-hunter.com\/content\/dejeps-water-polo\/","og_locale":"fr_FR","og_type":"article","og_title":"DEJEPS Water-polo, dipl\u00f4me r\u00e9f\u00e9rence pour les entraineurs de water polo","og_description":"Le DEJEPS Water-polo est un dipl\u00f4me reconnu par l'Etat permettant d'exercer en tant que coach sportif dans des structures proposant du water polo.","og_url":"https:\/\/www.coach-hunter.com\/content\/dejeps-water-polo\/","og_site_name":"Blog Coach Hunter","og_image":[{"width":626,"height":415,"url":"https:\/\/www.coach-hunter.com\/content\/wp-content\/uploads\/2020\/07\/dejeps-Water-polo.jpg","type":"image\/jpeg"}],"twitter_card":"summary_large_image","twitter_misc":{"Dur\u00e9e de lecture estim\u00e9e":"2 minutes"},"schema":{"@context":"https:\/\/schema.org","@graph":[{"@type":"WebPage","@id":"https:\/\/www.coach-hunter.com\/content\/dejeps-water-polo\/","url":"https:\/\/www.coach-hunter.com\/content\/dejeps-water-polo\/","name":"DEJEPS Water-polo, dipl\u00f4me r\u00e9f\u00e9rence pour les entraineurs de water polo","isPartOf":{"@id":"https:\/\/www.coach-hunter.com\/content\/#website"},"primaryImageOfPage":{"@id":"https:\/\/www.coach-hunter.com\/content\/dejeps-water-polo\/#primaryimage"},"image":{"@id":"https:\/\/www.coach-hunter.com\/content\/dejeps-water-polo\/#primaryimage"},"thumbnailUrl":"https:\/\/www.coach-hunter.com\/content\/wp-content\/uploads\/2020\/07\/dejeps-Water-polo.jpg","datePublished":"2020-09-14T13:05:01+00:00","description":"Le DEJEPS Water-polo est un dipl\u00f4me reconnu par l'Etat permettant d'exercer en tant que coach sportif dans des structures proposant du water polo.","breadcrumb":{"@id":"https:\/\/www.coach-hunter.com\/content\/dejeps-water-polo\/#breadcrumb"},"inLanguage":"fr-FR","potentialAction":[{"@type":"ReadAction","target":["https:\/\/www.coach-hunter.com\/content\/dejeps-water-polo\/"]}]},{"@type":"ImageObject","inLanguage":"fr-FR","@id":"https:\/\/www.coach-hunter.com\/content\/dejeps-water-polo\/#primaryimage","url":"https:\/\/www.coach-hunter.com\/content\/wp-content\/uploads\/2020\/07\/dejeps-Water-polo.jpg","contentUrl":"https:\/\/www.coach-hunter.com\/content\/wp-content\/uploads\/2020\/07\/dejeps-Water-polo.jpg","width":626,"height":415},{"@type":"BreadcrumbList","@id":"https:\/\/www.coach-hunter.com\/content\/dejeps-water-polo\/#breadcrumb","itemListElement":[{"@type":"ListItem","position":1,"name":"Accueil","item":"https:\/\/www.coach-hunter.com\/content\/"},{"@type":"ListItem","position":2,"name":"Coach Hunter vous pr\u00e9sente le DEJEPS Water-polo !"}]},{"@type":"WebSite","@id":"https:\/\/www.coach-hunter.com\/content\/#website","url":"https:\/\/www.coach-hunter.com\/content\/","name":"Blog Coach Hunter","description":"","potentialAction":[{"@type":"SearchAction","target":{"@type":"EntryPoint","urlTemplate":"https:\/\/www.coach-hunter.com\/content\/?s={search_term_string}"},"query-input":{"@type":"PropertyValueSpecification","valueRequired":true,"valueName":"search_term_string"}}],"inLanguage":"fr-FR"}]}},"_links":{"self":[{"href":"https:\/\/www.coach-hunter.com\/content\/wp-json\/wp\/v2\/pages\/1040","targetHints":{"allow":["GET"]}}],"collection":[{"href":"https:\/\/www.coach-hunter.com\/content\/wp-json\/wp\/v2\/pages"}],"about":[{"href":"https:\/\/www.coach-hunter.com\/content\/wp-json\/wp\/v2\/types\/page"}],"author":[{"embeddable":true,"href":"https:\/\/www.coach-hunter.com\/content\/wp-json\/wp\/v2\/users\/5"}],"replies":[{"embeddable":true,"href":"https:\/\/www.coach-hunter.com\/content\/wp-json\/wp\/v2\/comments?post=1040"}],"version-history":[{"count":5,"href":"https:\/\/www.coach-hunter.com\/content\/wp-json\/wp\/v2\/pages\/1040\/revisions"}],"predecessor-version":[{"id":1608,"href":"https:\/\/www.coach-hunter.com\/content\/wp-json\/wp\/v2\/pages\/1040\/revisions\/1608"}],"wp:attachment":[{"href":"https:\/\/www.coach-hunter.com\/content\/wp-json\/wp\/v2\/media?parent=1040"}],"curies":[{"name":"wp","href":"https:\/\/api.w.org\/{rel}","templated":true}]}}